{"id":232,"date":"2023-11-10T18:40:59","date_gmt":"2023-11-10T15:40:59","guid":{"rendered":"https:\/\/innosphere.io\/?page_id=232"},"modified":"2023-11-10T19:56:02","modified_gmt":"2023-11-10T16:56:02","slug":"cookie-policy","status":"publish","type":"page","link":"https:\/\/innosphere.io\/de\/cookie-policy\/","title":{"rendered":"Cookie-Richtlinie"},"content":{"rendered":"<p>Willkommen bei Innosphere. Diese Cookie-Richtlinie erkl\u00e4rt, wie wir Cookies und \u00e4hnliche Technologien auf unserer Website verwenden. Indem Sie unsere Website weiter nutzen, stimmen Sie der Verwendung von Cookies und \u00e4hnlichen Technologien, wie in dieser Richtlinie beschrieben, zu. Wenn Sie mit unserer Verwendung von Cookies nicht einverstanden sind, sollten Sie Ihren Browser entsprechend einstellen oder die Nutzung der Innosphere-Website einstellen.<\/p>\n\n\n\n<h3 class=\"wp-block-heading\">Was sind Cookies?<\/h3>\n\n\n\n<p>Cookies sind kleine Textdateien, die auf Ihrem Ger\u00e4t (Computer, Smartphone, Tablet) gespeichert werden, wenn Sie eine Website besuchen. Sie erm\u00f6glichen es Websites, Ihr Ger\u00e4t zu erkennen, Pr\u00e4ferenzen zu speichern und die Benutzerfreundlichkeit zu verbessern.<\/p>\n\n\n\n<h3 class=\"wp-block-heading\">Arten von Cookies<\/h3>\n\n\n\n<p>Unsere Website verwendet verschiedene Arten von Cookies, die jeweils spezifischen Zwecken dienen. Im Folgenden geben wir einen \u00dcberblick \u00fcber die Arten von Cookies, die wir verwenden:<\/p>\n\n\n\n<p><strong>Wesentliche Cookies:<\/strong> Diese Cookies sind f\u00fcr das ordnungsgem\u00e4\u00dfe Funktionieren unserer Website erforderlich. Sie erm\u00f6glichen es Ihnen, auf unserer Website zu navigieren und ihre Funktionen zu nutzen. Ohne diese Cookies k\u00f6nnen die von Ihnen angeforderten Dienste, wie z. B. der Zugang zu gesch\u00fctzten Bereichen, nicht bereitgestellt werden.<\/p>\n\n\n\n<p><strong>Funktionale Cookies:<\/strong> Funktionale Cookies erm\u00f6glichen es unserer Website, sich an Ihre Entscheidungen zu erinnern, z. B. an Ihre Sprachpr\u00e4ferenzen, und bieten verbesserte, personalisierte Funktionen. Diese Cookies k\u00f6nnen auch verwendet werden, um \u00c4nderungen, die Sie an der Textgr\u00f6\u00dfe, den Schriftarten und anderen anpassbaren Elementen von Webseiten vorgenommen haben, wiederzugeben.<\/p>\n\n\n\n<p><strong>Analytische Cookies:<\/strong> Analytics-Cookies helfen uns zu verstehen, wie Besucher mit unserer Website interagieren, indem sie Informationen anonym sammeln und melden. Wir verwenden diese Informationen, um unsere Website und Dienstleistungen zu verbessern. Wir k\u00f6nnen Analysetools von Drittanbietern verwenden, die ihre Cookies setzen, um uns diese Erkenntnisse zu liefern.<\/p>\n\n\n\n<p><strong>Werbe-Cookies:<\/strong> Werbe-Cookies liefern Ihnen Werbung, die f\u00fcr Sie und Ihre Interessen relevant ist. Sie werden auch verwendet, um die Anzahl der Werbeeinblendungen zu begrenzen und die Wirksamkeit von Werbekampagnen zu messen. Diese Cookies werden in der Regel von Werbenetzwerken mit der Erlaubnis des Website-Betreibers gesetzt.<\/p>\n\n\n\n<p><strong>Cookies f\u00fcr soziale Medien:<\/strong> Social-Media-Cookies werden von einer Reihe von Social-Media-Diensten gesetzt, die wir unserer Website hinzugef\u00fcgt haben, damit Sie unsere Inhalte mit Ihren Freunden und Netzwerken teilen k\u00f6nnen. Sie k\u00f6nnen Ihren Browser auf anderen Websites verfolgen und ein Profil Ihrer Interessen erstellen. Dies kann sich auf die Inhalte und Nachrichten auswirken, die Sie auf anderen Websites sehen.<\/p>\n\n\n\n<p><strong>Cookies von Drittanbietern:<\/strong> Einige Seiten unserer Website k\u00f6nnen Cookies von Drittanbietern enthalten, die von anderen Organisationen, z. B. Analyseanbietern oder Werbetreibenden, gesetzt werden. Wir haben keine Kontrolle \u00fcber diese Cookies, die den Datenschutzrichtlinien der dritten Parteien unterliegen, die sie entwickelt haben.<\/p>\n\n\n\n<p><strong>Sitzungs-Cookies:<\/strong> Sitzungscookies sind tempor\u00e4r und werden von Ihrem Ger\u00e4t gel\u00f6scht, nachdem Ihre Browsing-Sitzung beendet ist. Sie sind f\u00fcr den effizienten Betrieb unserer Website unerl\u00e4sslich.<\/p>\n\n\n\n<p><strong>Dauerhafte Cookies:<\/strong> Dauerhafte Cookies verbleiben f\u00fcr die in der Cookie-Datei angegebene Dauer auf Ihrem Ger\u00e4t und werden jedes Mal wieder aktiviert, wenn Sie die Website besuchen, auf der sie platziert wurden.<br>Bitte beachten Sie, dass das Blockieren bestimmter Cookies Ihre Erfahrung auf unserer Website beeintr\u00e4chtigen kann. Sie k\u00f6nnen Ihre Cookie-Pr\u00e4ferenzen \u00fcber die Einstellungen Ihres Webbrowsers verwalten. In unserem Abschnitt \"Cookie-Einstellungen\" erfahren Sie, wie Sie Ihre Einstellungen anpassen k\u00f6nnen.<\/p>\n\n\n\n<h3 class=\"wp-block-heading\">Do Not Track (DNT)-Signale<\/h3>\n\n\n\n<p>\"Do Not Track\" ist eine Browserfunktion, die es Nutzern erm\u00f6glicht, das Tracking durch Websites, die sie nicht besuchen, zu unterbinden, einschlie\u00dflich Analysedienste, Werbenetzwerke und soziale Plattformen. Wenn ein Nutzer die DNT-Funktion in seinem Webbrowser aktiviert, sendet er ein Signal an die Websites, auf die er zugreift, und zeigt damit an, dass er nicht verfolgt werden m\u00f6chte. Bei DNT handelt es sich jedoch um eine Voreinstellung, nicht um ein Mandat, und seine Wirksamkeit h\u00e4ngt von den Reaktionen der Website-Betreiber ab.<br><br>Wir bei Innosphere respektieren die Entscheidungen unserer Nutzer zum Schutz ihrer Privatsph\u00e4re. Obwohl DNT ein wertvolles Instrument f\u00fcr datenschutzbewusste Nutzer ist, ist es wichtig zu wissen, dass es derzeit keinen Standard gibt, der regelt, wie Websites auf DNT-Signale reagieren sollten. Aus diesem Grund haben wir uns f\u00fcr den folgenden Ansatz entschieden:<br><br>Reaktion auf DNT-Signale:<\/p>\n\n\n\n<ul class=\"wp-block-list\">\n<li>Beachtung von DNT-Signalen: Innosphere beachtet DNT-Signale. Wenn wir ein DNT-Signal Ihres Browsers erkennen, schr\u00e4nken wir die Datenerfassung ein, wie in unserer Datenschutzrichtlinie beschrieben. Dies kann die Funktionalit\u00e4t und Personalisierung einiger Teile unserer Website beeintr\u00e4chtigen.<br><\/li>\n\n\n\n<li>Individuelles Erlebnis: Standardm\u00e4\u00dfig bietet Innosphere ein personalisiertes Erlebnis, um Ihre Interaktionen mit unserer Website zu verbessern. Wenn Sie DNT aktivieren, kann Ihr Erlebnis weniger personalisiert sein, da wir Ihre Aktivit\u00e4ten nicht f\u00fcr Analyse-, Werbe- oder andere Tracking-Zwecke verfolgen.<br><\/li>\n\n\n\n<li>Dienste von Drittanbietern: W\u00e4hrend wir Ihre DNT-Pr\u00e4ferenz auf unserer Website respektieren, k\u00f6nnen Dienstleistungen Dritter oder Websites, die mit unserer Website verlinkt sind, andere Richtlinien haben. Wir empfehlen Ihnen, deren Datenschutzrichtlinien zu lesen, um deren Reaktion auf DNT-Signale zu verstehen.<\/li>\n<\/ul>\n\n\n\n<p>Es ist wichtig, daran zu denken, dass DNT keine universelle Garantie f\u00fcr den Schutz der Privatsph\u00e4re ist; die Wirksamkeit dieser Funktion h\u00e4ngt davon ab, dass Websites und Dienste entsprechend reagieren. Daher sollten die Nutzer vorsichtig sein und die Datenschutzrichtlinien der einzelnen Websites \u00fcberpr\u00fcfen, insbesondere derjenigen, die von der Innosphere-Website aus verlinkt sind.<\/p>\n\n\n\n<h3 class=\"wp-block-heading\">Wie wir Cookies verwenden<\/h3>\n\n\n\n<p>Innosphere verwendet Cookies f\u00fcr die folgenden Zwecke:<\/p>\n\n\n\n<ul class=\"wp-block-list\">\n<li>Wesentliche Cookies: Diese Cookies sind notwendig, damit die Website korrekt funktioniert. Sie erm\u00f6glichen grundlegende Funktionen wie die Seitennavigation, den Zugang zu gesch\u00fctzten Bereichen und die \u00dcbermittlung von Formularen.<br><\/li>\n\n\n\n<li>Analytische\/Leistungs-Cookies: Diese Cookies helfen uns zu verstehen, wie Besucher mit unserer Website interagieren. Sie sammeln Informationen dar\u00fcber, welche Seiten am h\u00e4ufigsten besucht werden und welche Fehlermeldungen auftreten.<br><\/li>\n\n\n\n<li>Funktionalit\u00e4ts-Cookies: Diese Cookies erm\u00f6glichen es der Website, sich an die von Ihnen getroffenen Entscheidungen zu erinnern (z. B. an Ihren Benutzernamen, Ihre Sprache oder die Region, in der Sie sich befinden) und bieten verbesserte, st\u00e4rker personalisierte Funktionen.<br><\/li>\n\n\n\n<li>Targeting\/Werbung Cookies: Diese Cookies liefern Werbung, die f\u00fcr Sie und Ihre Interessen relevant ist. Sie werden auch verwendet, um die Anzahl der Anzeigen zu begrenzen, die Sie sehen, und um die Wirksamkeit von Werbekampagnen zu messen.<\/li>\n<\/ul>\n\n\n\n<h3 class=\"wp-block-heading\">Cookies von Drittanbietern<\/h3>\n\n\n\n<p>Innosphere kann auch Dienste von Drittanbietern nutzen, wie z.B. Google Analytics und Social-Media-Plattformen, die Cookies als Teil ihres Dienstes verwenden k\u00f6nnen. Wir haben keine Kontrolle \u00fcber diese Cookies. F\u00fcr weitere Informationen sollten Sie die Datenschutzrichtlinien dieser Dienste lesen.<br>Wie man Cookies verwaltet<br><br>Sie k\u00f6nnen Ihre Cookie-Pr\u00e4ferenzen in den Einstellungen Ihres Browsers verwalten. Bei den meisten Browsern k\u00f6nnen Sie Cookies blockieren oder l\u00f6schen. Wenn Sie dies jedoch tun, m\u00fcssen Sie Ihre Einstellungen m\u00f6glicherweise bei jedem Besuch einer Website anpassen, und einige Dienste und Funktionen funktionieren m\u00f6glicherweise nicht.<\/p>\n\n\n\n<h3 class=\"wp-block-heading\">Aktualisierungen dieser Cookie-Richtlinie<\/h3>\n\n\n\n<p>Wir k\u00f6nnen diese Cookie-Richtlinie gelegentlich aktualisieren, um \u00c4nderungen in unserer Verwendung von Cookies zu ber\u00fccksichtigen. Wenn wir dies tun, aktualisieren wir das Datum \"Letzte Aktualisierung\" am Anfang dieser Richtlinie. Wir empfehlen, diese Richtlinie regelm\u00e4\u00dfig zu lesen, um \u00fcber die Verwendung von Cookies informiert zu bleiben.<\/p>\n\n\n\n<h3 class=\"wp-block-heading\">Kontakt<\/h3>\n\n\n\n<p>Wenn Sie Fragen zu unserer Cookie-Richtlinie haben, nehmen Sie bitte Kontakt mit uns auf:<\/p>\n\n\n\n<ul class=\"wp-block-list\">\n<li>per E-Mail - <a href=\"mailto:support@innosphere.io\">support@innosphere.io<\/a><\/li>\n\n\n\n<li>per Telefon - <a href=\"tel: 48573569092\">+48573569092<\/a><\/li>\n\n\n\n<li>\u00fcber die Website - <a href=\"https:\/\/innosphere.io\/de\/contact\/&nbsp;\/\">https:\/\/innosphere.io\/contact\/&nbsp;<\/a><\/li>\n<\/ul>","protected":false},"excerpt":{"rendered":"<p>Willkommen bei Innosphere. Diese Cookie-Richtlinie erkl\u00e4rt, wie wir Cookies und \u00e4hnliche Technologien auf unserer Website verwenden. Indem Sie unsere Website weiter nutzen, stimmen Sie der Verwendung von Cookies und \u00e4hnlichen Technologien, wie in dieser Richtlinie beschrieben, zu. Wenn Sie mit unserer Verwendung von Cookies nicht einverstanden sind, sollten Sie Ihren Browser entsprechend einstellen oder die Nutzung der Innosphere-Website einstellen. [...]<\/p>","protected":false},"author":1,"featured_media":0,"parent":0,"menu_order":0,"comment_status":"closed","ping_status":"closed","template":"template-page\/policy-template.php","meta":{"_acf_changed":false,"inline_featured_image":false,"footnotes":""},"class_list":["post-232","page","type-page","status-publish","hentry"],"acf":[],"yoast_head":"<!-- This site is optimized with the Yoast SEO plugin v21.4 - https:\/\/yoast.com\/wordpress\/plugins\/seo\/ -->\n<title>Cookie Policy - Innosphere<\/title>\n<meta name=\"robots\" content=\"noindex, follow, max-snippet:-1, max-image-preview:large, max-video-preview:-1\" \/>\n<meta property=\"og:locale\" content=\"de_DE\" \/>\n<meta property=\"og:type\" content=\"article\" \/>\n<meta property=\"og:title\" content=\"Cookie Policy - Innosphere\" \/>\n<meta property=\"og:description\" content=\"Welcome to Innosphere. This Cookie Policy explains how we use cookies and similar technologies on our website. By continuing to use our website, you consent to using cookies and similar technologies as described in this policy. If you disagree with our use of cookies, you should set your browser accordingly or discontinue using Innosphere&#8217;s website. [&hellip;]\" \/>\n<meta property=\"og:url\" content=\"https:\/\/innosphere.io\/de\/cookie-policy\/\" \/>\n<meta property=\"og:site_name\" content=\"Innosphere\" \/>\n<meta property=\"article:modified_time\" content=\"2023-11-10T16:56:02+00:00\" \/>\n<meta name=\"twitter:card\" content=\"summary_large_image\" \/>\n<script type=\"application\/ld+json\" class=\"yoast-schema-graph\">{\"@context\":\"https:\/\/schema.org\",\"@graph\":[{\"@type\":\"WebPage\",\"@id\":\"https:\/\/innosphere.io\/cookie-policy\/\",\"url\":\"https:\/\/innosphere.io\/cookie-policy\/\",\"name\":\"Cookie Policy - Innosphere\",\"isPartOf\":{\"@id\":\"https:\/\/innosphere.io\/#website\"},\"datePublished\":\"2023-11-10T15:40:59+00:00\",\"dateModified\":\"2023-11-10T16:56:02+00:00\",\"breadcrumb\":{\"@id\":\"https:\/\/innosphere.io\/cookie-policy\/#breadcrumb\"},\"inLanguage\":\"de\",\"potentialAction\":[{\"@type\":\"ReadAction\",\"target\":[\"https:\/\/innosphere.io\/cookie-policy\/\"]}]},{\"@type\":\"BreadcrumbList\",\"@id\":\"https:\/\/innosphere.io\/cookie-policy\/#breadcrumb\",\"itemListElement\":[{\"@type\":\"ListItem\",\"position\":1,\"name\":\"Home\",\"item\":\"https:\/\/innosphere.io\/\"},{\"@type\":\"ListItem\",\"position\":2,\"name\":\"Cookie Policy\"}]},{\"@type\":\"WebSite\",\"@id\":\"https:\/\/innosphere.io\/#website\",\"url\":\"https:\/\/innosphere.io\/\",\"name\":\"Innosphere\",\"description\":\"\",\"publisher\":{\"@id\":\"https:\/\/innosphere.io\/#organization\"},\"potentialAction\":[{\"@type\":\"SearchAction\",\"target\":{\"@type\":\"EntryPoint\",\"urlTemplate\":\"https:\/\/innosphere.io\/?s={search_term_string}\"},\"query-input\":\"required name=search_term_string\"}],\"inLanguage\":\"de\"},{\"@type\":\"Organization\",\"@id\":\"https:\/\/innosphere.io\/#organization\",\"name\":\"Innosphere\",\"url\":\"https:\/\/innosphere.io\/\",\"logo\":{\"@type\":\"ImageObject\",\"inLanguage\":\"de\",\"@id\":\"https:\/\/innosphere.io\/#\/schema\/logo\/image\/\",\"url\":\"https:\/\/innosphere.io\/wp-content\/uploads\/2023\/10\/Logo-innosphere.svg\",\"contentUrl\":\"https:\/\/innosphere.io\/wp-content\/uploads\/2023\/10\/Logo-innosphere.svg\",\"width\":506,\"height\":107,\"caption\":\"Innosphere\"},\"image\":{\"@id\":\"https:\/\/innosphere.io\/#\/schema\/logo\/image\/\"}}]}<\/script>\n<!-- \/ Yoast SEO plugin. -->","yoast_head_json":{"title":"Cookie Policy - Innosphere","robots":{"index":"noindex","follow":"follow","max-snippet":"max-snippet:-1","max-image-preview":"max-image-preview:large","max-video-preview":"max-video-preview:-1"},"og_locale":"de_DE","og_type":"article","og_title":"Cookie Policy - Innosphere","og_description":"Welcome to Innosphere. This Cookie Policy explains how we use cookies and similar technologies on our website. By continuing to use our website, you consent to using cookies and similar technologies as described in this policy. If you disagree with our use of cookies, you should set your browser accordingly or discontinue using Innosphere&#8217;s website. [&hellip;]","og_url":"https:\/\/innosphere.io\/de\/cookie-policy\/","og_site_name":"Innosphere","article_modified_time":"2023-11-10T16:56:02+00:00","twitter_card":"summary_large_image","schema":{"@context":"https:\/\/schema.org","@graph":[{"@type":"WebPage","@id":"https:\/\/innosphere.io\/cookie-policy\/","url":"https:\/\/innosphere.io\/cookie-policy\/","name":"Cookie Policy - Innosphere","isPartOf":{"@id":"https:\/\/innosphere.io\/#website"},"datePublished":"2023-11-10T15:40:59+00:00","dateModified":"2023-11-10T16:56:02+00:00","breadcrumb":{"@id":"https:\/\/innosphere.io\/cookie-policy\/#breadcrumb"},"inLanguage":"de","potentialAction":[{"@type":"ReadAction","target":["https:\/\/innosphere.io\/cookie-policy\/"]}]},{"@type":"BreadcrumbList","@id":"https:\/\/innosphere.io\/cookie-policy\/#breadcrumb","itemListElement":[{"@type":"ListItem","position":1,"name":"Home","item":"https:\/\/innosphere.io\/"},{"@type":"ListItem","position":2,"name":"Cookie Policy"}]},{"@type":"WebSite","@id":"https:\/\/innosphere.io\/#website","url":"https:\/\/innosphere.io\/","name":"Innosphere","description":"","publisher":{"@id":"https:\/\/innosphere.io\/#organization"},"potentialAction":[{"@type":"SearchAction","target":{"@type":"EntryPoint","urlTemplate":"https:\/\/innosphere.io\/?s={search_term_string}"},"query-input":"required name=search_term_string"}],"inLanguage":"de"},{"@type":"Organization","@id":"https:\/\/innosphere.io\/#organization","name":"Innosphere","url":"https:\/\/innosphere.io\/","logo":{"@type":"ImageObject","inLanguage":"de","@id":"https:\/\/innosphere.io\/#\/schema\/logo\/image\/","url":"https:\/\/innosphere.io\/wp-content\/uploads\/2023\/10\/Logo-innosphere.svg","contentUrl":"https:\/\/innosphere.io\/wp-content\/uploads\/2023\/10\/Logo-innosphere.svg","width":506,"height":107,"caption":"Innosphere"},"image":{"@id":"https:\/\/innosphere.io\/#\/schema\/logo\/image\/"}}]}},"_links":{"self":[{"href":"https:\/\/innosphere.io\/de\/wp-json\/wp\/v2\/pages\/232","targetHints":{"allow":["GET"]}}],"collection":[{"href":"https:\/\/innosphere.io\/de\/wp-json\/wp\/v2\/pages"}],"about":[{"href":"https:\/\/innosphere.io\/de\/wp-json\/wp\/v2\/types\/page"}],"author":[{"embeddable":true,"href":"https:\/\/innosphere.io\/de\/wp-json\/wp\/v2\/users\/1"}],"replies":[{"embeddable":true,"href":"https:\/\/innosphere.io\/de\/wp-json\/wp\/v2\/comments?post=232"}],"version-history":[{"count":3,"href":"https:\/\/innosphere.io\/de\/wp-json\/wp\/v2\/pages\/232\/revisions"}],"predecessor-version":[{"id":273,"href":"https:\/\/innosphere.io\/de\/wp-json\/wp\/v2\/pages\/232\/revisions\/273"}],"wp:attachment":[{"href":"https:\/\/innosphere.io\/de\/wp-json\/wp\/v2\/media?parent=232"}],"curies":[{"name":"wp","href":"https:\/\/api.w.org\/{rel}","templated":true}]}}