{"id":238,"date":"2023-11-10T18:46:42","date_gmt":"2023-11-10T15:46:42","guid":{"rendered":"https:\/\/innosphere.io\/?page_id=238"},"modified":"2023-11-10T19:07:52","modified_gmt":"2023-11-10T16:07:52","slug":"terms-and-conditions","status":"publish","type":"page","link":"https:\/\/innosphere.io\/de\/terms-and-conditions\/","title":{"rendered":"Bedingungen und Konditionen"},"content":{"rendered":"<p>Diese Allgemeinen Gesch\u00e4ftsbedingungen (die \"Bedingungen\") gelten f\u00fcr Ihre Nutzung der Website, die Eigentum der Moongate holding Sp. z O.O., eingetragene Adresse: ul. Chodakowska, nr 53\/57, lok. 22A, Warschau, 03-816, Polen, Betriebsanschrift: Ry\u017cowa st., Nr 33A, 02-495 Warschau, Polen<br>\u00a0und befindet sich unter <a href=\"https:\/\/innosphere.io\/de\/\">https:\/\/innosphere.io\/<\/a>. Durch die Nutzung der Website erkl\u00e4ren Sie sich mit diesen Bedingungen einverstanden. Wenn Sie damit nicht einverstanden sind, nutzen Sie die Website nicht.<br><br>Wenn Sie diese Bedingungen einhalten, gew\u00e4hrt Ihnen Innosphere ein pers\u00f6nliches, nicht ausschlie\u00dfliches, nicht \u00fcbertragbares, begrenztes Recht, die Website zu betreten und zu nutzen. Innosphere beh\u00e4lt sich das ausschlie\u00dfliche Recht vor, jederzeit und nach eigenem Ermessen Teile dieser Bedingungen zu \u00e4ndern, zu modifizieren, hinzuzuf\u00fcgen oder zu entfernen. Es liegt in Ihrer Verantwortung, diese Bedingungen regelm\u00e4\u00dfig auf \u00c4nderungen zu \u00fcberpr\u00fcfen. Ihre fortgesetzte Nutzung der Website nach solchen \u00c4nderungen bedeutet, dass Sie die neuen Bedingungen anerkennen und akzeptieren.<br><br>Innosphere beh\u00e4lt sich au\u00dferdem das Recht vor, jederzeit und ohne Vorank\u00fcndigung eine der folgenden Ma\u00dfnahmen zu ergreifen:\u00a0<\/p>\n\n\n\n<ul class=\"list-two wp-block-list\">\n<li>den Betrieb oder den Zugang zur Website oder zu Teilen der Website aus irgendeinem Grund zu \u00e4ndern, auszusetzen oder zu beenden;<br><\/li>\n\n\n\n<li>die Website oder einen Teil der Website sowie alle anwendbaren Richtlinien oder Bedingungen zu modifizieren oder zu \u00e4ndern; und\u00a0<br><\/li>\n\n\n\n<li>den Betrieb der Website oder eines Teils der Website zu unterbrechen, wenn dies zur Durchf\u00fchrung von routinem\u00e4\u00dfigen oder nicht routinem\u00e4\u00dfigen Wartungsarbeiten, Fehlerkorrekturen oder anderen \u00c4nderungen erforderlich ist.<\/li>\n<\/ul>\n\n\n\n<p>Innosphere beh\u00e4lt sich alle Rechte vor, die hier nicht ausdr\u00fccklich gew\u00e4hrt werden. Zus\u00e4tzlich zu diesen Bedingungen unterliegt die Nutzung der Innosphere-Website zu Informationszwecken den f\u00fcr diese Nutzung geltenden Grunds\u00e4tzen und Richtlinien, die hier durch Verweis aufgenommen werden.<\/p>\n\n\n\n<h3 class=\"wp-block-heading\">Allgemeine Nutzungsbestimmungen\u00a0<\/h3>\n\n\n\n<p>Alle Inhalte und Materialien, die auf der Website zur Verf\u00fcgung gestellt werden, einschlie\u00dflich, aber nicht beschr\u00e4nkt auf Informationen, Dokumente, Texte, Dienstleistungen, Logos, Grafiken, Fotos, T\u00f6ne, Bilder, Videos, Marken, Schnittstellen, Musik, Software, Computercode, Benutzeroberfl\u00e4chen, visuelle Schnittstellen und das Design, die Anordnung, die Auswahl, den Ausdruck und das allgemeine \"Erscheinungsbild\" der Website (zusammenfassend als \"Inhalte\" bezeichnet), sind Eigentum von, werden kontrolliert oder lizenziert von oder an Innosphere, ihre verbundenen Unternehmen oder Tochtergesellschaften oder ihre dritten Hersteller, Autoren, Entwickler und Verk\u00e4ufer (zusammenfassend als \"Drittanbieter\" bezeichnet).\u00a0<br><br>Jede unbefugte Nutzung der Inhalte kann gegen Gesetze zum Schutz des geistigen Eigentums und des unlauteren Wettbewerbs versto\u00dfen, insbesondere gegen das Urheberrecht, das Markenrecht, das Recht auf Privatsph\u00e4re, das Recht auf \u00d6ffentlichkeit und die Kommunikationsvorschriften.<br><br>Sofern nicht ausdr\u00fccklich in diesen Bedingungen vorgesehen oder im Rahmen einer formellen Vereinbarung mit Innosphere genehmigt, darf kein Teil des Inhalts ohne die ausdr\u00fcckliche vorherige schriftliche Zustimmung von Innosphere kopiert, reproduziert, wiederver\u00f6ffentlicht, verteilt, heruntergeladen, hochgeladen, gepostet, angezeigt, kodiert, \u00fcbersetzt oder in irgendeiner Form oder mit irgendwelchen Mitteln \u00fcbertragen werden.<br><br>Sofern von Innosphere nicht ausdr\u00fccklich anders angegeben, ist nichts auf dieser Website so auszulegen, da\u00df eine Lizenz oder ein Angebot f\u00fcr eine Lizenz oder einen Verkauf im Rahmen der geistigen Eigentumsrechte von Innosphere oder eines Drittanbieters \u00fcbertragen wird, sei es durch Rechtsverwirkung, stillschweigend oder auf andere Weise. Sie erkennen die alleinige Verantwortung f\u00fcr die Beschaffung solcher Lizenzen an. Wenn Sie Fragen zum Erwerb solcher Lizenzen haben, wenden Sie sich bitte an die unten stehenden Kontaktinformationen. Website-Materialien, die von Drittanbietern zur Verf\u00fcgung gestellt werden, wurden von Innosphere weder ganz noch teilweise unabh\u00e4ngig \u00fcberpr\u00fcft, getestet, zertifiziert oder beglaubigt. Innosphere \u00fcbernimmt daher keine Garantie f\u00fcr diese Materialien.<br><br>Sie d\u00fcrfen Informationsmaterial f\u00fcr Innosphere-Produkte und -Dienstleistungen, das Innosphere speziell zum Herunterladen von der Website zur Verf\u00fcgung gestellt hat (wie z.B. Datenbl\u00e4tter, White Papers und \u00e4hnliche Materialien), unter den folgenden Bedingungen verwenden:\u00a0<\/p>\n\n\n\n<ul class=\"list-two wp-block-list\">\n<li>Sie d\u00fcrfen die Materialien in keiner Weise ver\u00e4ndern;\u00a0<br><\/li>\n\n\n\n<li>Sowohl der Urheberrechtshinweis als auch dieser Genehmigungshinweis erscheinen in den Materialien und\u00a0<br><\/li>\n\n\n\n<li>Die Materialien werden ausschlie\u00dflich f\u00fcr pers\u00f6nliche, nicht kommerzielle und informative Zwecke verwendet. Sie werden nicht kopiert oder auf einem vernetzten Computer ver\u00f6ffentlicht, in den Medien verbreitet oder zu kommerziellen Zwecken genutzt. Diese Erlaubnis erlischt automatisch und ohne Vorank\u00fcndigung, wenn Sie gegen eine dieser Bedingungen versto\u00dfen.<\/li>\n<\/ul>\n\n\n\n<p>Die folgende Liste ist eine nicht abschlie\u00dfende Aufz\u00e4hlung von Aktivit\u00e4ten, die Innosphere ausdr\u00fccklich untersagt:<\/p>\n\n\n\n<ul class=\"list-two wp-block-list\">\n<li class=\"list-two\">sich unbefugten Zugang zur Website (oder einem Teil davon), zu auf der Website angebotener Software oder Dienstleistungen oder zu Systemen oder Netzwerken, die mit der Website oder den Servern von Innosphere verbunden sind, zu verschaffen oder dies zu versuchen;\u00a0<br><\/li>\n\n\n\n<li class=\"list-two\">Der Versuch, Inhalte oder urheberrechtlich gesch\u00fctztes Material von Innosphere auf einem Weg zu erhalten, der nicht ausdr\u00fccklich von Innosphere zur Verf\u00fcgung gestellt wird;\u00a0<br><\/li>\n\n\n\n<li>Beeintr\u00e4chtigung oder Versuch der Beeintr\u00e4chtigung der Funktionalit\u00e4t oder Nutzung der Website durch andere;\u00a0<br><\/li>\n\n\n\n<li class=\"list-two\">Sondieren, Beurteilen oder Testen der Anf\u00e4lligkeit der Website oder der Versuch, ihre Sicherheitsma\u00dfnahmen zu umgehen;\u00a0<br><\/li>\n\n\n\n<li class=\"list-two\">Der Versuch, sich durch Hacking, Passwort-Mining oder andere unzul\u00e4ssige Mittel unbefugten Zugang zu Teilen oder Funktionen der Website oder zu anderen Systemen oder Netzwerken zu verschaffen, die mit der Website oder einem Innosphere-Server verbunden sind, oder zu den auf oder \u00fcber die Website angebotenen Produkten oder Dienstleistungen;\u00a0<br><\/li>\n\n\n\n<li class=\"list-two\">Die Verwendung von \"Deep-Links\", \"Page-Scrape\", \"Robots\", \"Spiders\" oder anderen automatischen Ger\u00e4ten, Bots, Programmen, Algorithmen oder Methoden oder \u00e4hnlichen oder gleichwertigen Verfahren, um auf Teile der Website oder Inhalte zuzugreifen, diese zu erwerben, zu kopieren oder zu \u00fcberwachen;\u00a0<br><\/li>\n\n\n\n<li class=\"list-two\">Handlungen, die eine unangemessene oder unverh\u00e4ltnism\u00e4\u00dfig gro\u00dfe Belastung der Infrastruktur der Website oder der Server, Systeme oder Netzwerke von Innosphere oder der mit der Website oder Innosphere verbundenen Systeme oder Netzwerke zur Folge haben;\u00a0<br><\/li>\n\n\n\n<li class=\"list-two\">Nutzung der Website oder des Inhalts f\u00fcr ungesetzliche Zwecke oder Aufforderung zu illegalen oder rechtsverletzenden Aktivit\u00e4ten;\u00a0<br><\/li>\n\n\n\n<li class=\"list-two\">Die Verwendung, der Export oder der Reexport von Inhalten verst\u00f6\u00dft gegen geltende Gesetze oder Vorschriften, einschlie\u00dflich, aber nicht beschr\u00e4nkt auf Exportgesetze.<\/li>\n<\/ul>\n\n\n\n<h3 class=\"wp-block-heading\">Versto\u00df gegen die Nutzungsbedingungen\u00a0<\/h3>\n\n\n\n<p>Durch die Nutzung dieser Website erkl\u00e4ren Sie sich damit einverstanden, da\u00df Innosphere jederzeit und nach eigenem Ermessen Ihren derzeitigen und\/oder zuk\u00fcnftigen Zugang zur Website beenden und sperren kann, wenn Innosphere feststellt, da\u00df Sie gegen diese Bedingungen oder andere Vereinbarungen oder Richtlinien von Innosphere versto\u00dfen haben, die mit Ihrer Nutzung der Website verbunden sein k\u00f6nnen.\u00a0<br><br>Dar\u00fcber hinaus erkl\u00e4ren Sie sich damit einverstanden, dass Ihr Versto\u00df gegen die Bedingungen ungesetzliche und unfaire Gesch\u00e4ftspraktiken darstellt und Innosphere einen nicht wieder gutzumachenden Schaden zuf\u00fcgt, f\u00fcr den eine Entsch\u00e4digung in Geld nicht angemessen w\u00e4re.\u00a0<br><br>Dar\u00fcber hinaus erkl\u00e4ren Sie sich damit einverstanden, da\u00df Innosphere alle Unterlassungs- und Billigkeitsma\u00dfnahmen ergreift, die sie unter den gegebenen Umst\u00e4nden f\u00fcr angemessen oder notwendig erachtet. Die vorgenannten Rechtsmittel gelten zus\u00e4tzlich zu allen anderen Rechtsmitteln, die Innosphere nach dem Gesetz oder nach Billigkeitsrecht zustehen.<br><br>Sie erkl\u00e4ren sich damit einverstanden, dass Innosphere nach eigenem Ermessen und ohne vorherige Ank\u00fcndigung Ihren Zugang zur Website aus wichtigem Grund k\u00fcndigen kann, wozu auch (aber nicht ausschlie\u00dflich) geh\u00f6ren kann:<\/p>\n\n\n\n<ul class=\"list-two wp-block-list\">\n<li class=\"list-two\">Anfragen von Strafverfolgungsbeh\u00f6rden oder anderen staatlichen Stellen<br><\/li>\n\n\n\n<li class=\"list-two\">ein Antrag von Ihnen (selbst initiierte Kontol\u00f6schungen);<br><\/li>\n\n\n\n<li>Einstellung oder wesentliche \u00c4nderung der Website oder eines auf oder \u00fcber die Website angebotenen Dienstes, oder (4) unerwartete technische Fragen oder Probleme.<\/li>\n<\/ul>\n\n\n\n<p>Falls Innosphere aufgrund einer Verletzung dieser Bedingungen rechtliche Schritte gegen Sie einleitet, ist Innosphere berechtigt, von Ihnen alle angemessenen Anwaltsgeb\u00fchren und Kosten eines solchen Verfahrens zu verlangen, und Sie erkl\u00e4ren sich damit einverstanden, diese zu zahlen, zus\u00e4tzlich zu allen anderen der Innosphere gew\u00e4hrten Entsch\u00e4digungen. Sie erkl\u00e4ren sich damit einverstanden, da\u00df Innosphere weder Ihnen noch Dritten gegen\u00fcber f\u00fcr die Beendigung Ihres Zugangs zur Website als Folge eines Versto\u00dfes gegen diese Bedingungen haftbar ist.<br><br>Innosphere beh\u00e4lt sich das Recht vor, Informationen \u00fcber Sie offenzulegen, die sie f\u00fcr notwendig erachtet, um anwendbaren Gesetzen, Vorschriften oder rechtlichen Anfragen nachzukommen. Im Falle einer Untersuchung oder Beschwerde bez\u00fcglich Ihrer Nutzung der Website kann Innosphere Informationen \u00fcber Sie offenlegen. Innosphere kann auch identifizierende Informationen \u00fcber Sie offenlegen, um mit jemandem Kontakt aufzunehmen, ihn zu identifizieren oder gegen ihn vorzugehen, der die Rechte von Innosphere, seinen Kunden oder anderen Nutzern der Website verletzt oder st\u00f6rt.<\/p>\n\n\n\n<h3 class=\"wp-block-heading\">Datenschutz<\/h3>\n\n\n\n<p>Durch die Nutzung der Website erkennen Sie an, dass Online-\u00dcbertragungen niemals vollst\u00e4ndig privat oder sicher sind und dass an die Website gesendete Nachrichten und Informationen von anderen gelesen oder abgefangen werden k\u00f6nnen.<br><br>Dar\u00fcber hinaus erkennen Sie an und erkl\u00e4ren sich damit einverstanden, dass Innosphere jede \u00dcbermittlung oder Kommunikation zwischen Ihnen und Innosphere \u00fcber die Website oder einen auf oder \u00fcber die Website angebotenen Dienst aufbewahren kann und dass Innosphere diese Daten auch offenlegen kann, wenn dies gesetzlich vorgeschrieben ist oder wenn Innosphere feststellt, dass eine solche Aufbewahrung oder Offenlegung vern\u00fcnftigerweise notwendig ist, um:<\/p>\n\n\n\n<ul class=\"list-two wp-block-list\">\n<li>Einhaltung der gesetzlichen Bestimmungen;<br><\/li>\n\n\n\n<li>Durchsetzung dieser Bedingungen;<br><\/li>\n\n\n\n<li>auf Behauptungen zu reagieren, dass solche Daten die Rechte anderer verletzen oder\u00a0<br><\/li>\n\n\n\n<li>Schutz der Rechte, des Eigentums oder der pers\u00f6nlichen Sicherheit von Innosphere, seinen Mitarbeitern, den Benutzern oder Besuchern der Website und der \u00d6ffentlichkeit.<\/li>\n<\/ul>\n\n\n\n<h3 class=\"wp-block-heading\">Haftungsausschluss<\/h3>\n\n\n\n<p>Sofern von Innosphere nicht ausdr\u00fccklich anders angegeben, wird der Inhalt der Website \"wie besehen\" zur Verf\u00fcgung gestellt. \"Innosphere lehnt zu diesem Zeitpunkt alle ausdr\u00fccklichen oder stillschweigenden Zusicherungen, Gew\u00e4hrleistungen, Garantien und Bedingungen ab, einschlie\u00dflich, aber nicht beschr\u00e4nkt auf stillschweigende Garantien oder Bedingungen der Marktg\u00e4ngigkeit, der Eignung f\u00fcr einen bestimmten Zweck, des Eigentumsrechts und der Nichtverletzung von Rechten Dritter, es sei denn, derartige Haftungsausschl\u00fcsse sind rechtlich ung\u00fcltig. Innosphere gibt keine Zusicherungen, Gew\u00e4hrleistungen, Garantien oder Bedingungen in Bezug auf die Qualit\u00e4t, Eignung, Wahrheit, Genauigkeit oder Vollst\u00e4ndigkeit der auf der Website enthaltenen Inhalte.<br><br>Der obige Haftungsausschluss gilt f\u00fcr alle Sch\u00e4den, Haftungen oder Verletzungen, die durch ein Versagen der Leistung, einen Fehler, eine Unterlassung, eine Unterbrechung, eine L\u00f6schung, einen Defekt, eine Verz\u00f6gerung beim Betrieb oder bei der \u00dcbertragung, einen Computervirus, einen Ausfall der Kommunikationsleitung, einen Diebstahl oder eine Zerst\u00f6rung oder einen unbefugten Zugriff auf, eine \u00c4nderung von oder eine Nutzung verursacht werden, unabh\u00e4ngig davon, ob es sich um einen Vertragsbruch, eine unerlaubte Handlung, eine Fahrl\u00e4ssigkeit oder einen anderen Klagegrund handelt.<\/p>\n\n\n\n<h3 class=\"wp-block-heading\">Hinweise zum geistigen Eigentum<\/h3>\n\n\n\n<p>Die Website und der Inhalt sind durch das Urheberrecht und andere Gesetze gesch\u00fctzt. Sie d\u00fcrfen weder ganz noch teilweise \u00fcbertragen, reproduziert, wiederverwendet, kopiert oder imitiert werden, es sei denn, Innosphere hat dies ausdr\u00fccklich erlaubt.<\/p>\n\n\n\n<h3 class=\"wp-block-heading\">Akzeptanz der Bedingungen<\/h3>\n\n\n\n<p>Mit der Nutzung der Innosphere-Website erkl\u00e4ren Sie, dass Sie diese Bedingungen verstanden haben und sie einhalten werden. Wenn Sie mit diesen Bedingungen nicht einverstanden sind, sehen Sie bitte von der Nutzung der Website ab.<\/p>\n\n\n\n<h3 class=\"wp-block-heading\">\u00c4nderungen<\/h3>\n\n\n\n<p>Innosphere beh\u00e4lt sich das Recht vor, diese Allgemeinen Gesch\u00e4ftsbedingungen nach eigenem Ermessen zu aktualisieren, zu modifizieren oder zu erg\u00e4nzen. Jegliche \u00c4nderungen werden sofort nach Ver\u00f6ffentlichung auf der Website wirksam. Es liegt in Ihrer Verantwortung, die Allgemeinen Gesch\u00e4ftsbedingungen regelm\u00e4\u00dfig zu \u00fcberpr\u00fcfen. Wenn Sie die Website nach einer Aktualisierung weiterhin nutzen, erkl\u00e4ren Sie sich mit den ge\u00e4nderten Bedingungen einverstanden.<\/p>\n\n\n\n<h3 class=\"wp-block-heading\">Verkn\u00fcpfungspolitik<\/h3>\n\n\n\n<p>Sie sind herzlich eingeladen, von anderen Websites auf die Innosphere-Website zu verlinken, vorausgesetzt, solche Links werden auf eine Weise eingerichtet, die fair und legal ist und dem Ruf von Innosphere nicht schadet. Sie d\u00fcrfen jedoch keinen Link erstellen, der eine Form der Bef\u00fcrwortung oder Verbindung suggeriert, wo keine besteht. Innosphere beh\u00e4lt sich das Recht vor, die Genehmigung zur Verlinkung ohne Vorank\u00fcndigung zu widerrufen.<\/p>\n\n\n\n<h3 class=\"wp-block-heading\">Beschr\u00e4nkung der Haftung<\/h3>\n\n\n\n<p>Innosphere und die mit ihr verbundenen Unternehmen, Mitarbeiter, Vertreter und Partner haften nicht f\u00fcr direkte, indirekte, zuf\u00e4llige, besondere oder Folgesch\u00e4den, die sich aus der Nutzung oder der Unm\u00f6glichkeit der Nutzung der Website ergeben, einschlie\u00dflich, aber nicht beschr\u00e4nkt auf Fehler oder Ungenauigkeiten auf der Website. Diese Haftungsbeschr\u00e4nkung gilt im gr\u00f6\u00dftm\u00f6glichen gesetzlich zul\u00e4ssigen Umfang.<\/p>\n\n\n\n<h3 class=\"wp-block-heading\">Entsch\u00e4digung<\/h3>\n\n\n\n<p>Durch die Nutzung der Innosphere-Website erkl\u00e4ren Sie sich damit einverstanden, Innosphere, seine leitenden Angestellten, Mitarbeiter, Vertreter und Partner von jeglichen Anspr\u00fcchen, Sch\u00e4den, Verlusten, Haftungen und Ausgaben, einschlie\u00dflich angemessener Anwaltskosten, die sich aus der Nutzung der Website oder der Verletzung dieser Bedingungen ergeben, freizustellen, zu verteidigen und schadlos zu halten.<\/p>\n\n\n\n<h3 class=\"wp-block-heading\">Streitbeilegung<\/h3>\n\n\n\n<p>F\u00fcr alle Handlungen im Zusammenhang mit diesen Bedingungen gilt das polnische Recht. Es gelten keine Rechtswahlregeln einer anderen Gerichtsbarkeit.<\/p>\n\n\n\n<h3 class=\"wp-block-heading\">Juristische Kontaktinformationen<\/h3>\n\n\n\n<p>Wenn Sie Fragen zu diesen Bedingungen haben oder eine Erlaubnis zur Nutzung von Inhalten beantragen m\u00f6chten, setzen Sie sich bitte mit uns in Verbindung:<\/p>\n\n\n\n<ul class=\"wp-block-list\">\n<li>per E-Mail - <a href=\"mailto:support@innosphere.io\">support@innosphere.io<\/a><br><\/li>\n\n\n\n<li>per Telefon - <a href=\"tel: 48573569092\">+48573569092<\/a><br><\/li>\n\n\n\n<li>\u00fcber die Website - <a href=\"https:\/\/innosphere.io\/de\/contact\/\u00a0\/\">https:\/\/innosphere.io\/contact\/\u00a0<\/a><\/li>\n<\/ul>","protected":false},"excerpt":{"rendered":"<p>These Terms and Conditions (the &#8220;Terms&#8221;) apply to your use of the website owned by Moongate holding Sp. z O.O., registered address: ul. Chodakowska, nr 53\/57, lok. 22A, Warsaw, 03-816, Poland, operational address: Ry\u017cowa st., Nr 33A, 02-495 Warsaw, Poland\u00a0and located at https:\/\/innosphere.io\/. By using the website, you agree to these terms. If you disagree, [&hellip;]<\/p>","protected":false},"author":1,"featured_media":0,"parent":0,"menu_order":0,"comment_status":"closed","ping_status":"closed","template":"template-page\/policy-template.php","meta":{"_acf_changed":false,"inline_featured_image":false,"footnotes":""},"class_list":["post-238","page","type-page","status-publish","hentry"],"acf":[],"yoast_head":"<!-- This site is optimized with the Yoast SEO plugin v21.4 - https:\/\/yoast.com\/wordpress\/plugins\/seo\/ -->\n<title>Terms and Conditions - Innosphere<\/title>\n<meta name=\"robots\" content=\"noindex, follow, max-snippet:-1, max-image-preview:large, max-video-preview:-1\" \/>\n<meta property=\"og:locale\" content=\"de_DE\" \/>\n<meta property=\"og:type\" content=\"article\" \/>\n<meta property=\"og:title\" content=\"Terms and Conditions - Innosphere\" \/>\n<meta property=\"og:description\" content=\"These Terms and Conditions (the &#8220;Terms&#8221;) apply to your use of the website owned by Moongate holding Sp. z O.O., registered address: ul. Chodakowska, nr 53\/57, lok. 22A, Warsaw, 03-816, Poland, operational address: Ry\u017cowa st., Nr 33A, 02-495 Warsaw, Poland\u00a0and located at https:\/\/innosphere.io\/. By using the website, you agree to these terms. If you disagree, [&hellip;]\" \/>\n<meta property=\"og:url\" content=\"https:\/\/innosphere.io\/de\/terms-and-conditions\/\" \/>\n<meta property=\"og:site_name\" content=\"Innosphere\" \/>\n<meta property=\"article:modified_time\" content=\"2023-11-10T16:07:52+00:00\" \/>\n<meta name=\"twitter:card\" content=\"summary_large_image\" \/>\n<meta name=\"twitter:label1\" content=\"Gesch\u00e4tzte Lesezeit\" \/>\n\t<meta name=\"twitter:data1\" content=\"9\u00a0Minuten\" \/>\n<script type=\"application\/ld+json\" class=\"yoast-schema-graph\">{\"@context\":\"https:\/\/schema.org\",\"@graph\":[{\"@type\":\"WebPage\",\"@id\":\"https:\/\/innosphere.io\/terms-and-conditions\/\",\"url\":\"https:\/\/innosphere.io\/terms-and-conditions\/\",\"name\":\"Terms and Conditions - Innosphere\",\"isPartOf\":{\"@id\":\"https:\/\/innosphere.io\/#website\"},\"datePublished\":\"2023-11-10T15:46:42+00:00\",\"dateModified\":\"2023-11-10T16:07:52+00:00\",\"breadcrumb\":{\"@id\":\"https:\/\/innosphere.io\/terms-and-conditions\/#breadcrumb\"},\"inLanguage\":\"de\",\"potentialAction\":[{\"@type\":\"ReadAction\",\"target\":[\"https:\/\/innosphere.io\/terms-and-conditions\/\"]}]},{\"@type\":\"BreadcrumbList\",\"@id\":\"https:\/\/innosphere.io\/terms-and-conditions\/#breadcrumb\",\"itemListElement\":[{\"@type\":\"ListItem\",\"position\":1,\"name\":\"Home\",\"item\":\"https:\/\/innosphere.io\/\"},{\"@type\":\"ListItem\",\"position\":2,\"name\":\"Terms and Conditions\"}]},{\"@type\":\"WebSite\",\"@id\":\"https:\/\/innosphere.io\/#website\",\"url\":\"https:\/\/innosphere.io\/\",\"name\":\"Innosphere\",\"description\":\"\",\"publisher\":{\"@id\":\"https:\/\/innosphere.io\/#organization\"},\"potentialAction\":[{\"@type\":\"SearchAction\",\"target\":{\"@type\":\"EntryPoint\",\"urlTemplate\":\"https:\/\/innosphere.io\/?s={search_term_string}\"},\"query-input\":\"required name=search_term_string\"}],\"inLanguage\":\"de\"},{\"@type\":\"Organization\",\"@id\":\"https:\/\/innosphere.io\/#organization\",\"name\":\"Innosphere\",\"url\":\"https:\/\/innosphere.io\/\",\"logo\":{\"@type\":\"ImageObject\",\"inLanguage\":\"de\",\"@id\":\"https:\/\/innosphere.io\/#\/schema\/logo\/image\/\",\"url\":\"https:\/\/innosphere.io\/wp-content\/uploads\/2023\/10\/Logo-innosphere.svg\",\"contentUrl\":\"https:\/\/innosphere.io\/wp-content\/uploads\/2023\/10\/Logo-innosphere.svg\",\"width\":506,\"height\":107,\"caption\":\"Innosphere\"},\"image\":{\"@id\":\"https:\/\/innosphere.io\/#\/schema\/logo\/image\/\"}}]}<\/script>\n<!-- \/ Yoast SEO plugin. -->","yoast_head_json":{"title":"Terms and Conditions - Innosphere","robots":{"index":"noindex","follow":"follow","max-snippet":"max-snippet:-1","max-image-preview":"max-image-preview:large","max-video-preview":"max-video-preview:-1"},"og_locale":"de_DE","og_type":"article","og_title":"Terms and Conditions - Innosphere","og_description":"These Terms and Conditions (the &#8220;Terms&#8221;) apply to your use of the website owned by Moongate holding Sp. z O.O., registered address: ul. Chodakowska, nr 53\/57, lok. 22A, Warsaw, 03-816, Poland, operational address: Ry\u017cowa st., Nr 33A, 02-495 Warsaw, Poland\u00a0and located at https:\/\/innosphere.io\/. By using the website, you agree to these terms. If you disagree, [&hellip;]","og_url":"https:\/\/innosphere.io\/de\/terms-and-conditions\/","og_site_name":"Innosphere","article_modified_time":"2023-11-10T16:07:52+00:00","twitter_card":"summary_large_image","twitter_misc":{"Gesch\u00e4tzte Lesezeit":"9\u00a0Minuten"},"schema":{"@context":"https:\/\/schema.org","@graph":[{"@type":"WebPage","@id":"https:\/\/innosphere.io\/terms-and-conditions\/","url":"https:\/\/innosphere.io\/terms-and-conditions\/","name":"Terms and Conditions - Innosphere","isPartOf":{"@id":"https:\/\/innosphere.io\/#website"},"datePublished":"2023-11-10T15:46:42+00:00","dateModified":"2023-11-10T16:07:52+00:00","breadcrumb":{"@id":"https:\/\/innosphere.io\/terms-and-conditions\/#breadcrumb"},"inLanguage":"de","potentialAction":[{"@type":"ReadAction","target":["https:\/\/innosphere.io\/terms-and-conditions\/"]}]},{"@type":"BreadcrumbList","@id":"https:\/\/innosphere.io\/terms-and-conditions\/#breadcrumb","itemListElement":[{"@type":"ListItem","position":1,"name":"Home","item":"https:\/\/innosphere.io\/"},{"@type":"ListItem","position":2,"name":"Terms and Conditions"}]},{"@type":"WebSite","@id":"https:\/\/innosphere.io\/#website","url":"https:\/\/innosphere.io\/","name":"Innosphere","description":"","publisher":{"@id":"https:\/\/innosphere.io\/#organization"},"potentialAction":[{"@type":"SearchAction","target":{"@type":"EntryPoint","urlTemplate":"https:\/\/innosphere.io\/?s={search_term_string}"},"query-input":"required name=search_term_string"}],"inLanguage":"de"},{"@type":"Organization","@id":"https:\/\/innosphere.io\/#organization","name":"Innosphere","url":"https:\/\/innosphere.io\/","logo":{"@type":"ImageObject","inLanguage":"de","@id":"https:\/\/innosphere.io\/#\/schema\/logo\/image\/","url":"https:\/\/innosphere.io\/wp-content\/uploads\/2023\/10\/Logo-innosphere.svg","contentUrl":"https:\/\/innosphere.io\/wp-content\/uploads\/2023\/10\/Logo-innosphere.svg","width":506,"height":107,"caption":"Innosphere"},"image":{"@id":"https:\/\/innosphere.io\/#\/schema\/logo\/image\/"}}]}},"_links":{"self":[{"href":"https:\/\/innosphere.io\/de\/wp-json\/wp\/v2\/pages\/238","targetHints":{"allow":["GET"]}}],"collection":[{"href":"https:\/\/innosphere.io\/de\/wp-json\/wp\/v2\/pages"}],"about":[{"href":"https:\/\/innosphere.io\/de\/wp-json\/wp\/v2\/types\/page"}],"author":[{"embeddable":true,"href":"https:\/\/innosphere.io\/de\/wp-json\/wp\/v2\/users\/1"}],"replies":[{"embeddable":true,"href":"https:\/\/innosphere.io\/de\/wp-json\/wp\/v2\/comments?post=238"}],"version-history":[{"count":11,"href":"https:\/\/innosphere.io\/de\/wp-json\/wp\/v2\/pages\/238\/revisions"}],"predecessor-version":[{"id":254,"href":"https:\/\/innosphere.io\/de\/wp-json\/wp\/v2\/pages\/238\/revisions\/254"}],"wp:attachment":[{"href":"https:\/\/innosphere.io\/de\/wp-json\/wp\/v2\/media?parent=238"}],"curies":[{"name":"wp","href":"https:\/\/api.w.org\/{rel}","templated":true}]}}