{"id":433,"date":"2024-05-21T12:31:45","date_gmt":"2024-05-21T09:31:45","guid":{"rendered":"https:\/\/innosphere.io\/?post_type=product&#038;p=433"},"modified":"2024-05-21T12:31:45","modified_gmt":"2024-05-21T09:31:45","slug":"assistance-with-integrating-and-securing-smart-home-devices","status":"publish","type":"product","link":"https:\/\/innosphere.io\/de\/produkt\/assistance-with-integrating-and-securing-smart-home-devices\/","title":{"rendered":"Unterst\u00fctzung bei der Integration und Absicherung von Smart Home-Ger\u00e4ten"},"content":{"rendered":"<p><span style=\"font-weight: 400;\">Sorgen Sie f\u00fcr die Sicherheit Ihrer Smart-Home-Ger\u00e4te mit fachkundiger Unterst\u00fctzung bei der Integration und Sicherheitseinrichtung.<\/span><\/p>","protected":false},"excerpt":{"rendered":"<p>Sorgen Sie f\u00fcr die Sicherheit Ihrer Smart-Home-Ger\u00e4te mit fachkundiger Unterst\u00fctzung bei der Integration und Sicherheitseinrichtung.<\/p>","protected":false},"featured_media":0,"comment_status":"open","ping_status":"closed","template":"","meta":{"_acf_changed":false,"inline_featured_image":false},"product_cat":[27],"product_tag":[],"class_list":["post-433","product","type-product","status-publish","hentry","product_cat-smart-home-and-device-security"],"acf":[],"yoast_head":"<!-- This site is optimized with the Yoast SEO plugin v21.4 - https:\/\/yoast.com\/wordpress\/plugins\/seo\/ -->\n<title>Assistance with Integrating and Securing Smart Home Devices - Innosphere<\/title>\n<meta name=\"robots\" content=\"noindex, follow, max-snippet:-1, max-image-preview:large, max-video-preview:-1\" \/>\n<meta property=\"og:locale\" content=\"de_DE\" \/>\n<meta property=\"og:type\" content=\"article\" \/>\n<meta property=\"og:title\" content=\"Assistance with Integrating and Securing Smart Home Devices - Innosphere\" \/>\n<meta property=\"og:description\" content=\"Ensure the security of your smart home devices with expert assistance in integration and security setup.\" \/>\n<meta property=\"og:url\" content=\"https:\/\/innosphere.io\/de\/produkt\/assistance-with-integrating-and-securing-smart-home-devices\/\" \/>\n<meta property=\"og:site_name\" content=\"Innosphere\" \/>\n<meta name=\"twitter:card\" content=\"summary_large_image\" \/>\n<meta name=\"twitter:label1\" content=\"Gesch\u00e4tzte Lesezeit\" \/>\n\t<meta name=\"twitter:data1\" content=\"1\u00a0Minute\" \/>\n<script type=\"application\/ld+json\" class=\"yoast-schema-graph\">{\"@context\":\"https:\/\/schema.org\",\"@graph\":[{\"@type\":\"WebPage\",\"@id\":\"https:\/\/innosphere.io\/product\/assistance-with-integrating-and-securing-smart-home-devices\/\",\"url\":\"https:\/\/innosphere.io\/product\/assistance-with-integrating-and-securing-smart-home-devices\/\",\"name\":\"Assistance with Integrating and Securing Smart Home Devices - Innosphere\",\"isPartOf\":{\"@id\":\"https:\/\/innosphere.io\/#website\"},\"datePublished\":\"2024-05-21T09:31:45+00:00\",\"dateModified\":\"2024-05-21T09:31:45+00:00\",\"breadcrumb\":{\"@id\":\"https:\/\/innosphere.io\/product\/assistance-with-integrating-and-securing-smart-home-devices\/#breadcrumb\"},\"inLanguage\":\"de\",\"potentialAction\":[{\"@type\":\"ReadAction\",\"target\":[\"https:\/\/innosphere.io\/product\/assistance-with-integrating-and-securing-smart-home-devices\/\"]}]},{\"@type\":\"BreadcrumbList\",\"@id\":\"https:\/\/innosphere.io\/product\/assistance-with-integrating-and-securing-smart-home-devices\/#breadcrumb\",\"itemListElement\":[{\"@type\":\"ListItem\",\"position\":1,\"name\":\"Home\",\"item\":\"https:\/\/innosphere.io\/\"},{\"@type\":\"ListItem\",\"position\":2,\"name\":\"Assistance with Integrating and Securing Smart Home Devices\"}]},{\"@type\":\"WebSite\",\"@id\":\"https:\/\/innosphere.io\/#website\",\"url\":\"https:\/\/innosphere.io\/\",\"name\":\"Innosphere\",\"description\":\"\",\"publisher\":{\"@id\":\"https:\/\/innosphere.io\/#organization\"},\"potentialAction\":[{\"@type\":\"SearchAction\",\"target\":{\"@type\":\"EntryPoint\",\"urlTemplate\":\"https:\/\/innosphere.io\/?s={search_term_string}\"},\"query-input\":\"required name=search_term_string\"}],\"inLanguage\":\"de\"},{\"@type\":\"Organization\",\"@id\":\"https:\/\/innosphere.io\/#organization\",\"name\":\"Innosphere\",\"url\":\"https:\/\/innosphere.io\/\",\"logo\":{\"@type\":\"ImageObject\",\"inLanguage\":\"de\",\"@id\":\"https:\/\/innosphere.io\/#\/schema\/logo\/image\/\",\"url\":\"https:\/\/innosphere.io\/wp-content\/uploads\/2023\/10\/Logo-innosphere.svg\",\"contentUrl\":\"https:\/\/innosphere.io\/wp-content\/uploads\/2023\/10\/Logo-innosphere.svg\",\"width\":506,\"height\":107,\"caption\":\"Innosphere\"},\"image\":{\"@id\":\"https:\/\/innosphere.io\/#\/schema\/logo\/image\/\"}}]}<\/script>\n<!-- \/ Yoast SEO plugin. -->","yoast_head_json":{"title":"Assistance with Integrating and Securing Smart Home Devices - Innosphere","robots":{"index":"noindex","follow":"follow","max-snippet":"max-snippet:-1","max-image-preview":"max-image-preview:large","max-video-preview":"max-video-preview:-1"},"og_locale":"de_DE","og_type":"article","og_title":"Assistance with Integrating and Securing Smart Home Devices - Innosphere","og_description":"Ensure the security of your smart home devices with expert assistance in integration and security setup.","og_url":"https:\/\/innosphere.io\/de\/produkt\/assistance-with-integrating-and-securing-smart-home-devices\/","og_site_name":"Innosphere","twitter_card":"summary_large_image","twitter_misc":{"Gesch\u00e4tzte Lesezeit":"1\u00a0Minute"},"schema":{"@context":"https:\/\/schema.org","@graph":[{"@type":"WebPage","@id":"https:\/\/innosphere.io\/product\/assistance-with-integrating-and-securing-smart-home-devices\/","url":"https:\/\/innosphere.io\/product\/assistance-with-integrating-and-securing-smart-home-devices\/","name":"Assistance with Integrating and Securing Smart Home Devices - Innosphere","isPartOf":{"@id":"https:\/\/innosphere.io\/#website"},"datePublished":"2024-05-21T09:31:45+00:00","dateModified":"2024-05-21T09:31:45+00:00","breadcrumb":{"@id":"https:\/\/innosphere.io\/product\/assistance-with-integrating-and-securing-smart-home-devices\/#breadcrumb"},"inLanguage":"de","potentialAction":[{"@type":"ReadAction","target":["https:\/\/innosphere.io\/product\/assistance-with-integrating-and-securing-smart-home-devices\/"]}]},{"@type":"BreadcrumbList","@id":"https:\/\/innosphere.io\/product\/assistance-with-integrating-and-securing-smart-home-devices\/#breadcrumb","itemListElement":[{"@type":"ListItem","position":1,"name":"Home","item":"https:\/\/innosphere.io\/"},{"@type":"ListItem","position":2,"name":"Assistance with Integrating and Securing Smart Home Devices"}]},{"@type":"WebSite","@id":"https:\/\/innosphere.io\/#website","url":"https:\/\/innosphere.io\/","name":"Innosphere","description":"","publisher":{"@id":"https:\/\/innosphere.io\/#organization"},"potentialAction":[{"@type":"SearchAction","target":{"@type":"EntryPoint","urlTemplate":"https:\/\/innosphere.io\/?s={search_term_string}"},"query-input":"required name=search_term_string"}],"inLanguage":"de"},{"@type":"Organization","@id":"https:\/\/innosphere.io\/#organization","name":"Innosphere","url":"https:\/\/innosphere.io\/","logo":{"@type":"ImageObject","inLanguage":"de","@id":"https:\/\/innosphere.io\/#\/schema\/logo\/image\/","url":"https:\/\/innosphere.io\/wp-content\/uploads\/2023\/10\/Logo-innosphere.svg","contentUrl":"https:\/\/innosphere.io\/wp-content\/uploads\/2023\/10\/Logo-innosphere.svg","width":506,"height":107,"caption":"Innosphere"},"image":{"@id":"https:\/\/innosphere.io\/#\/schema\/logo\/image\/"}}]}},"_links":{"self":[{"href":"https:\/\/innosphere.io\/de\/wp-json\/wp\/v2\/product\/433","targetHints":{"allow":["GET"]}}],"collection":[{"href":"https:\/\/innosphere.io\/de\/wp-json\/wp\/v2\/product"}],"about":[{"href":"https:\/\/innosphere.io\/de\/wp-json\/wp\/v2\/types\/product"}],"replies":[{"embeddable":true,"href":"https:\/\/innosphere.io\/de\/wp-json\/wp\/v2\/comments?post=433"}],"wp:attachment":[{"href":"https:\/\/innosphere.io\/de\/wp-json\/wp\/v2\/media?parent=433"}],"wp:term":[{"taxonomy":"product_cat","embeddable":true,"href":"https:\/\/innosphere.io\/de\/wp-json\/wp\/v2\/product_cat?post=433"},{"taxonomy":"product_tag","embeddable":true,"href":"https:\/\/innosphere.io\/de\/wp-json\/wp\/v2\/product_tag?post=433"}],"curies":[{"name":"wp","href":"https:\/\/api.w.org\/{rel}","templated":true}]}}