{"id":232,"date":"2023-11-10T18:40:59","date_gmt":"2023-11-10T15:40:59","guid":{"rendered":"https:\/\/innosphere.io\/?page_id=232"},"modified":"2023-11-10T19:56:02","modified_gmt":"2023-11-10T16:56:02","slug":"cookie-policy","status":"publish","type":"page","link":"https:\/\/innosphere.io\/es\/cookie-policy\/","title":{"rendered":"Pol\u00edtica de cookies"},"content":{"rendered":"<p>Bienvenido a Innosphere. Esta Pol\u00edtica de Cookies explica c\u00f3mo utilizamos las cookies y tecnolog\u00edas similares en nuestro sitio web. Al continuar utilizando nuestro sitio web, usted acepta el uso de cookies y tecnolog\u00edas similares como se describe en esta pol\u00edtica. Si no est\u00e1 de acuerdo con el uso que hacemos de las cookies, deber\u00e1 configurar su navegador en consecuencia o dejar de utilizar el sitio web de Innosphere.<\/p>\n\n\n\n<h3 class=\"wp-block-heading\">\u00bfQu\u00e9 son las cookies?<\/h3>\n\n\n\n<p>Las cookies son peque\u00f1os archivos de texto que se almacenan en su dispositivo (ordenador, smartphone, tableta) cuando visita un sitio web. Permiten a los sitios web reconocer su dispositivo, almacenar preferencias y mejorar la experiencia del usuario.<\/p>\n\n\n\n<h3 class=\"wp-block-heading\">Tipos de cookies<\/h3>\n\n\n\n<p>Nuestro sitio web utiliza diferentes tipos de cookies, cada una de ellas con fines espec\u00edficos. A continuaci\u00f3n, le ofrecemos una visi\u00f3n general de los tipos de cookies que utilizamos:<\/p>\n\n\n\n<p><strong>Cookies esenciales:<\/strong> Estas cookies son necesarias para el correcto funcionamiento de nuestro sitio web. Le permiten navegar por nuestro sitio y utilizar sus funciones. Sin estas cookies, no pueden prestarse los servicios solicitados, como el acceso a zonas seguras.<\/p>\n\n\n\n<p><strong>Cookies funcionales:<\/strong> Las cookies funcionales permiten a nuestro sitio web recordar sus elecciones, como sus preferencias de idioma, y proporcionar funciones mejoradas y personalizadas. Estas cookies tambi\u00e9n pueden utilizarse para reflejar los cambios que haya realizado en el tama\u00f1o del texto, las fuentes y otros elementos personalizables de las p\u00e1ginas web.<\/p>\n\n\n\n<p><strong>Cookies anal\u00edticas:<\/strong> Las cookies anal\u00edticas nos ayudan a comprender c\u00f3mo interact\u00faan los visitantes con nuestro sitio web mediante la recopilaci\u00f3n y notificaci\u00f3n de informaci\u00f3n de forma an\u00f3nima. Utilizamos esta informaci\u00f3n para mejorar nuestro sitio web y nuestros servicios. Podemos utilizar herramientas anal\u00edticas de terceros que instalan sus cookies para proporcionarnos esta informaci\u00f3n.<\/p>\n\n\n\n<p><strong>Cookies publicitarias:<\/strong> Las cookies publicitarias ofrecen anuncios relevantes para usted y sus intereses. Tambi\u00e9n se utilizan para limitar el n\u00famero de veces que ve un anuncio y ayudar a medir la eficacia de las campa\u00f1as publicitarias. Estas cookies suelen ser colocadas por redes publicitarias con el permiso del operador del sitio web.<\/p>\n\n\n\n<p><strong>Cookies de redes sociales:<\/strong> Las cookies de redes sociales son instaladas por una serie de servicios de redes sociales que hemos a\u00f1adido a nuestro sitio para permitirle compartir nuestro contenido con sus amigos y redes. Pueden rastrear su navegador en otros sitios y crear un perfil de sus intereses. Esto puede influir en el contenido y los mensajes que vea en otros sitios web.<\/p>\n\n\n\n<p><strong>Cookies de terceros:<\/strong> Algunas p\u00e1ginas de nuestro sitio web pueden incluir cookies de terceros que establecen otras organizaciones, como proveedores de an\u00e1lisis o anunciantes. No tenemos control sobre estas cookies, que est\u00e1n sujetas a las pol\u00edticas de privacidad de los terceros que las desarrollaron.<\/p>\n\n\n\n<p><strong>Cookies de sesi\u00f3n:<\/strong> Las cookies de sesi\u00f3n son temporales y se eliminan de su dispositivo una vez finalizada la sesi\u00f3n de navegaci\u00f3n. Son esenciales para que nuestro sitio web funcione eficientemente.<\/p>\n\n\n\n<p><strong>Cookies persistentes:<\/strong> Las cookies persistentes permanecen en su dispositivo durante el tiempo especificado en el archivo de cookies y se reactivan cada vez que visita el sitio web que las coloc\u00f3.<br>Tenga en cuenta que el bloqueo de determinadas cookies puede afectar a su experiencia en nuestro sitio web. Puede gestionar sus preferencias de cookies a trav\u00e9s de la configuraci\u00f3n de su navegador web. Consulte nuestra secci\u00f3n \"Configuraci\u00f3n de cookies\" para saber c\u00f3mo ajustar sus preferencias.<\/p>\n\n\n\n<h3 class=\"wp-block-heading\">Se\u00f1ales Do Not Track (DNT)<\/h3>\n\n\n\n<p>\"Do Not Track\" es una funci\u00f3n del navegador que permite a los usuarios optar por no ser rastreados por sitios web que no visitan, incluidos servicios de an\u00e1lisis, redes publicitarias y plataformas sociales. Cuando un usuario activa la funci\u00f3n DNT en su navegador, env\u00eda una se\u00f1al a los sitios web a los que accede, indicando su preferencia por no ser rastreado. Sin embargo, DNT es una preferencia, no un mandato, y su eficacia est\u00e1 sujeta a las respuestas de los operadores de los sitios web.<br><br>En Innosphere respetamos las opciones de privacidad de nuestros usuarios. Aunque DNT es una herramienta valiosa para los usuarios preocupados por su privacidad, es importante se\u00f1alar que actualmente no existe ninguna norma que regule c\u00f3mo deben responder los sitios web a las se\u00f1ales DNT. Por ello, hemos optado por adoptar el siguiente enfoque:<br><br>Respuesta a las se\u00f1ales DNT:<\/p>\n\n\n\n<ul class=\"wp-block-list\">\n<li>Respetar las se\u00f1ales DNT: Innosphere respeta las se\u00f1ales DNT. Cuando detectamos una se\u00f1al DNT de su navegador, limitamos la recogida de datos tal y como se describe en nuestra Pol\u00edtica de Privacidad. Esto puede afectar a la funcionalidad y personalizaci\u00f3n de algunas partes de nuestro sitio web.<br><\/li>\n\n\n\n<li>Experiencia personalizada: Por defecto, Innosphere proporciona una experiencia personalizada para mejorar sus interacciones con nuestro sitio web. Si activa DNT, su experiencia puede ser menos personalizada, ya que no rastrearemos su actividad con fines anal\u00edticos, publicitarios o de otro tipo.<br><\/li>\n\n\n\n<li>Servicios de terceros: Aunque respetamos sus preferencias de DNT en nuestro sitio web, los servicios o sitios web de terceros enlazados desde nuestro sitio pueden tener pol\u00edticas diferentes. Le recomendamos que revise sus pol\u00edticas de privacidad para entender su respuesta a las se\u00f1ales DNT.<\/li>\n<\/ul>\n\n\n\n<p>Es importante recordar que DNT no es una garant\u00eda universal de privacidad; la eficacia de esta funci\u00f3n depende de que los sitios web y los servicios respondan en consecuencia. Por lo tanto, los usuarios deben ser precavidos y revisar las pol\u00edticas de privacidad de los sitios web individuales, en particular los enlazados desde el sitio de Innosphere.<\/p>\n\n\n\n<h3 class=\"wp-block-heading\">C\u00f3mo utilizamos las cookies<\/h3>\n\n\n\n<p>Innosphere utiliza cookies para los siguientes fines:<\/p>\n\n\n\n<ul class=\"wp-block-list\">\n<li>Cookies esenciales: Estas cookies son necesarias para que el sitio web funcione correctamente. Permiten funciones b\u00e1sicas como la navegaci\u00f3n por p\u00e1ginas, el acceso a \u00e1reas seguras y el env\u00edo de formularios.<br><\/li>\n\n\n\n<li>Cookies anal\u00edticas\/de rendimiento: Estas cookies nos ayudan a entender c\u00f3mo interact\u00faan los visitantes con nuestro sitio web. Recopilan informaci\u00f3n sobre las p\u00e1ginas m\u00e1s visitadas y los mensajes de error recibidos.<br><\/li>\n\n\n\n<li>Cookies de funcionalidad: Estas cookies permiten al sitio web recordar las elecciones que usted realiza (como su nombre de usuario, idioma o regi\u00f3n en la que se encuentra) y ofrecer funciones mejoradas y m\u00e1s personalizadas.<br><\/li>\n\n\n\n<li>Cookies de segmentaci\u00f3n\/publicidad: Estas cookies ofrecen anuncios relevantes para usted y sus intereses. Tambi\u00e9n se utilizan para limitar el n\u00famero de veces que ve un anuncio y ayudan a medir la eficacia de las campa\u00f1as publicitarias.<\/li>\n<\/ul>\n\n\n\n<h3 class=\"wp-block-heading\">Cookies de terceros<\/h3>\n\n\n\n<p>Innosphere tambi\u00e9n puede utilizar servicios de terceros, como Google Analytics y plataformas de redes sociales, que pueden utilizar cookies como parte de su servicio. No tenemos ning\u00fan control sobre estas cookies. Debe consultar las pol\u00edticas de privacidad de estos servicios para obtener m\u00e1s informaci\u00f3n.<br>C\u00f3mo gestionar las cookies<br><br>Puede gestionar sus preferencias de cookies en la configuraci\u00f3n de su navegador. La mayor\u00eda de los navegadores permiten bloquear o eliminar las cookies. Sin embargo, si lo hace, es posible que tenga que ajustar sus preferencias cada vez que visite un sitio y que algunos servicios y funcionalidades no funcionen.<\/p>\n\n\n\n<h3 class=\"wp-block-heading\">Actualizaciones de esta pol\u00edtica de cookies<\/h3>\n\n\n\n<p>Podemos actualizar esta Pol\u00edtica de Cookies ocasionalmente para reflejar los cambios en nuestro uso de las cookies. Cuando lo hagamos, actualizaremos la fecha de \"\u00daltima actualizaci\u00f3n\" que aparece al principio de esta pol\u00edtica. Le recomendamos revisar esta pol\u00edtica peri\u00f3dicamente para mantenerse informado sobre c\u00f3mo utilizamos las cookies.<\/p>\n\n\n\n<h3 class=\"wp-block-heading\">P\u00f3ngase en contacto con nosotros<\/h3>\n\n\n\n<p>Si tiene alguna pregunta sobre nuestra Pol\u00edtica de Cookies, p\u00f3ngase en contacto con nosotros:<\/p>\n\n\n\n<ul class=\"wp-block-list\">\n<li>por correo electr\u00f3nico - <a href=\"mailto:support@innosphere.io\">support@innosphere.io<\/a><\/li>\n\n\n\n<li>a trav\u00e9s del tel\u00e9fono - <a href=\"tel: 48573569092\">+48573569092<\/a><\/li>\n\n\n\n<li>a trav\u00e9s de la p\u00e1gina web - <a href=\"https:\/\/innosphere.io\/es\/contact\/&nbsp;\/\">https:\/\/innosphere.io\/contact\/&nbsp;<\/a><\/li>\n<\/ul>","protected":false},"excerpt":{"rendered":"<p>Welcome to Innosphere. This Cookie Policy explains how we use cookies and similar technologies on our website. By continuing to use our website, you consent to using cookies and similar technologies as described in this policy. If you disagree with our use of cookies, you should set your browser accordingly or discontinue using Innosphere&#8217;s website. [&hellip;]<\/p>","protected":false},"author":1,"featured_media":0,"parent":0,"menu_order":0,"comment_status":"closed","ping_status":"closed","template":"template-page\/policy-template.php","meta":{"_acf_changed":false,"inline_featured_image":false,"footnotes":""},"class_list":["post-232","page","type-page","status-publish","hentry"],"acf":[],"yoast_head":"<!-- This site is optimized with the Yoast SEO plugin v21.4 - https:\/\/yoast.com\/wordpress\/plugins\/seo\/ -->\n<title>Cookie Policy - Innosphere<\/title>\n<meta name=\"robots\" content=\"noindex, follow, max-snippet:-1, max-image-preview:large, max-video-preview:-1\" \/>\n<meta property=\"og:locale\" content=\"es_ES\" \/>\n<meta property=\"og:type\" content=\"article\" \/>\n<meta property=\"og:title\" content=\"Cookie Policy - Innosphere\" \/>\n<meta property=\"og:description\" content=\"Welcome to Innosphere. This Cookie Policy explains how we use cookies and similar technologies on our website. By continuing to use our website, you consent to using cookies and similar technologies as described in this policy. If you disagree with our use of cookies, you should set your browser accordingly or discontinue using Innosphere&#8217;s website. [&hellip;]\" \/>\n<meta property=\"og:url\" content=\"https:\/\/innosphere.io\/es\/cookie-policy\/\" \/>\n<meta property=\"og:site_name\" content=\"Innosphere\" \/>\n<meta property=\"article:modified_time\" content=\"2023-11-10T16:56:02+00:00\" \/>\n<meta name=\"twitter:card\" content=\"summary_large_image\" \/>\n<script type=\"application\/ld+json\" class=\"yoast-schema-graph\">{\"@context\":\"https:\/\/schema.org\",\"@graph\":[{\"@type\":\"WebPage\",\"@id\":\"https:\/\/innosphere.io\/cookie-policy\/\",\"url\":\"https:\/\/innosphere.io\/cookie-policy\/\",\"name\":\"Cookie Policy - Innosphere\",\"isPartOf\":{\"@id\":\"https:\/\/innosphere.io\/#website\"},\"datePublished\":\"2023-11-10T15:40:59+00:00\",\"dateModified\":\"2023-11-10T16:56:02+00:00\",\"breadcrumb\":{\"@id\":\"https:\/\/innosphere.io\/cookie-policy\/#breadcrumb\"},\"inLanguage\":\"es\",\"potentialAction\":[{\"@type\":\"ReadAction\",\"target\":[\"https:\/\/innosphere.io\/cookie-policy\/\"]}]},{\"@type\":\"BreadcrumbList\",\"@id\":\"https:\/\/innosphere.io\/cookie-policy\/#breadcrumb\",\"itemListElement\":[{\"@type\":\"ListItem\",\"position\":1,\"name\":\"Home\",\"item\":\"https:\/\/innosphere.io\/\"},{\"@type\":\"ListItem\",\"position\":2,\"name\":\"Cookie Policy\"}]},{\"@type\":\"WebSite\",\"@id\":\"https:\/\/innosphere.io\/#website\",\"url\":\"https:\/\/innosphere.io\/\",\"name\":\"Innosphere\",\"description\":\"\",\"publisher\":{\"@id\":\"https:\/\/innosphere.io\/#organization\"},\"potentialAction\":[{\"@type\":\"SearchAction\",\"target\":{\"@type\":\"EntryPoint\",\"urlTemplate\":\"https:\/\/innosphere.io\/?s={search_term_string}\"},\"query-input\":\"required name=search_term_string\"}],\"inLanguage\":\"es\"},{\"@type\":\"Organization\",\"@id\":\"https:\/\/innosphere.io\/#organization\",\"name\":\"Innosphere\",\"url\":\"https:\/\/innosphere.io\/\",\"logo\":{\"@type\":\"ImageObject\",\"inLanguage\":\"es\",\"@id\":\"https:\/\/innosphere.io\/#\/schema\/logo\/image\/\",\"url\":\"https:\/\/innosphere.io\/wp-content\/uploads\/2023\/10\/Logo-innosphere.svg\",\"contentUrl\":\"https:\/\/innosphere.io\/wp-content\/uploads\/2023\/10\/Logo-innosphere.svg\",\"width\":506,\"height\":107,\"caption\":\"Innosphere\"},\"image\":{\"@id\":\"https:\/\/innosphere.io\/#\/schema\/logo\/image\/\"}}]}<\/script>\n<!-- \/ Yoast SEO plugin. -->","yoast_head_json":{"title":"Cookie Policy - Innosphere","robots":{"index":"noindex","follow":"follow","max-snippet":"max-snippet:-1","max-image-preview":"max-image-preview:large","max-video-preview":"max-video-preview:-1"},"og_locale":"es_ES","og_type":"article","og_title":"Cookie Policy - Innosphere","og_description":"Welcome to Innosphere. This Cookie Policy explains how we use cookies and similar technologies on our website. By continuing to use our website, you consent to using cookies and similar technologies as described in this policy. If you disagree with our use of cookies, you should set your browser accordingly or discontinue using Innosphere&#8217;s website. [&hellip;]","og_url":"https:\/\/innosphere.io\/es\/cookie-policy\/","og_site_name":"Innosphere","article_modified_time":"2023-11-10T16:56:02+00:00","twitter_card":"summary_large_image","schema":{"@context":"https:\/\/schema.org","@graph":[{"@type":"WebPage","@id":"https:\/\/innosphere.io\/cookie-policy\/","url":"https:\/\/innosphere.io\/cookie-policy\/","name":"Cookie Policy - Innosphere","isPartOf":{"@id":"https:\/\/innosphere.io\/#website"},"datePublished":"2023-11-10T15:40:59+00:00","dateModified":"2023-11-10T16:56:02+00:00","breadcrumb":{"@id":"https:\/\/innosphere.io\/cookie-policy\/#breadcrumb"},"inLanguage":"es","potentialAction":[{"@type":"ReadAction","target":["https:\/\/innosphere.io\/cookie-policy\/"]}]},{"@type":"BreadcrumbList","@id":"https:\/\/innosphere.io\/cookie-policy\/#breadcrumb","itemListElement":[{"@type":"ListItem","position":1,"name":"Home","item":"https:\/\/innosphere.io\/"},{"@type":"ListItem","position":2,"name":"Cookie Policy"}]},{"@type":"WebSite","@id":"https:\/\/innosphere.io\/#website","url":"https:\/\/innosphere.io\/","name":"Innosphere","description":"","publisher":{"@id":"https:\/\/innosphere.io\/#organization"},"potentialAction":[{"@type":"SearchAction","target":{"@type":"EntryPoint","urlTemplate":"https:\/\/innosphere.io\/?s={search_term_string}"},"query-input":"required name=search_term_string"}],"inLanguage":"es"},{"@type":"Organization","@id":"https:\/\/innosphere.io\/#organization","name":"Innosphere","url":"https:\/\/innosphere.io\/","logo":{"@type":"ImageObject","inLanguage":"es","@id":"https:\/\/innosphere.io\/#\/schema\/logo\/image\/","url":"https:\/\/innosphere.io\/wp-content\/uploads\/2023\/10\/Logo-innosphere.svg","contentUrl":"https:\/\/innosphere.io\/wp-content\/uploads\/2023\/10\/Logo-innosphere.svg","width":506,"height":107,"caption":"Innosphere"},"image":{"@id":"https:\/\/innosphere.io\/#\/schema\/logo\/image\/"}}]}},"_links":{"self":[{"href":"https:\/\/innosphere.io\/es\/wp-json\/wp\/v2\/pages\/232","targetHints":{"allow":["GET"]}}],"collection":[{"href":"https:\/\/innosphere.io\/es\/wp-json\/wp\/v2\/pages"}],"about":[{"href":"https:\/\/innosphere.io\/es\/wp-json\/wp\/v2\/types\/page"}],"author":[{"embeddable":true,"href":"https:\/\/innosphere.io\/es\/wp-json\/wp\/v2\/users\/1"}],"replies":[{"embeddable":true,"href":"https:\/\/innosphere.io\/es\/wp-json\/wp\/v2\/comments?post=232"}],"version-history":[{"count":3,"href":"https:\/\/innosphere.io\/es\/wp-json\/wp\/v2\/pages\/232\/revisions"}],"predecessor-version":[{"id":273,"href":"https:\/\/innosphere.io\/es\/wp-json\/wp\/v2\/pages\/232\/revisions\/273"}],"wp:attachment":[{"href":"https:\/\/innosphere.io\/es\/wp-json\/wp\/v2\/media?parent=232"}],"curies":[{"name":"wp","href":"https:\/\/api.w.org\/{rel}","templated":true}]}}