{"id":238,"date":"2023-11-10T18:46:42","date_gmt":"2023-11-10T15:46:42","guid":{"rendered":"https:\/\/innosphere.io\/?page_id=238"},"modified":"2023-11-10T19:07:52","modified_gmt":"2023-11-10T16:07:52","slug":"terms-and-conditions","status":"publish","type":"page","link":"https:\/\/innosphere.io\/es\/terms-and-conditions\/","title":{"rendered":"Condiciones generales"},"content":{"rendered":"<p>Los presentes T\u00e9rminos y Condiciones (los \"T\u00e9rminos\") se aplican al uso del sitio web propiedad de Moongate holding Sp. z O.O., domicilio social: ul. Chodakowska, nr 53\/57, lok. 22A, Varsovia, 03-816, Polonia, direcci\u00f3n operativa: Ry\u017cowa st., Nr 33A, 02-495 Varsovia, Polonia.<br>\u00a0y situado en <a href=\"https:\/\/innosphere.io\/es\/\">https:\/\/innosphere.io\/<\/a>. Al utilizar el sitio web, usted acepta estas condiciones. Si no est\u00e1 de acuerdo, no utilice el sitio web.<br><br>Si cumple estas Condiciones, Innosphere le concede un derecho personal, no exclusivo, intransferible y limitado a entrar y utilizar el Sitio Web. Innosphere se reserva el derecho exclusivo, en cualquier momento y a su entera discreci\u00f3n, de cambiar, modificar, a\u00f1adir o eliminar secciones de estas Condiciones. Es su responsabilidad revisar estas Condiciones peri\u00f3dicamente para comprobar si se han producido cambios. Su uso continuado del Sitio Web tras dichas revisiones indica su reconocimiento y aceptaci\u00f3n de las nuevas Condiciones.<br><br>Innosphere tambi\u00e9n se reserva el derecho a realizar cualquiera de las siguientes acciones, en cualquier momento y sin previo aviso:\u00a0<\/p>\n\n\n\n<ul class=\"list-two wp-block-list\">\n<li>Modificar, suspender o finalizar el funcionamiento o el acceso al Sitio Web, o a cualquier parte del mismo, por cualquier motivo;<br><\/li>\n\n\n\n<li>Modificar o cambiar el Sitio Web, o cualquier parte del mismo, y cualquier pol\u00edtica o condici\u00f3n aplicable; y\u00a0<br><\/li>\n\n\n\n<li>Interrumpir el funcionamiento del Sitio Web, o de cualquier parte del mismo, seg\u00fan sea necesario para realizar tareas de mantenimiento rutinarias o no rutinarias, correcci\u00f3n de errores u otros cambios.<\/li>\n<\/ul>\n\n\n\n<p>Innosphere se reserva todos los derechos no concedidos expresamente en el presente documento. Adem\u00e1s de estas Condiciones, su uso del sitio web de Innosphere con fines informativos est\u00e1 sujeto a las pol\u00edticas y directrices que rigen dicho uso, que se incorporan al presente documento por referencia.<\/p>\n\n\n\n<h3 class=\"wp-block-heading\">Disposiciones generales de uso\u00a0<\/h3>\n\n\n\n<p>Todo el contenido y los materiales proporcionados en el Sitio Web, incluidos, entre otros, informaci\u00f3n, documentos, texto, servicios, logotipos, gr\u00e1ficos, fotograf\u00edas, sonidos, im\u00e1genes, v\u00eddeos, marcas comerciales, interfaces, m\u00fasica, software, c\u00f3digo inform\u00e1tico, interfaces de usuario, interfaces visuales y el dise\u00f1o, disposici\u00f3n, selecci\u00f3n, expresi\u00f3n y \"aspecto\" general del Sitio Web (colectivamente, el \"Contenido\"), son propiedad de Innosphere, sus filiales o subsidiarias, o sus fabricantes, autores, desarrolladores y vendedores terceros (colectivamente, los \"Proveedores Terceros\"), o est\u00e1n controlados por ellos o cedidos bajo licencia a ellos.\u00a0<br><br>Cualquier uso no autorizado de los contenidos puede infringir la legislaci\u00f3n sobre propiedad intelectual y competencia desleal, incluidos, entre otros, los derechos de autor, marca registrada, privacidad, derechos de publicidad y normativa sobre comunicaciones.<br><br>Salvo que se disponga expresamente en estas Condiciones o se autorice en virtud de un acuerdo formal con Innosphere, ninguna parte del contenido podr\u00e1 copiarse, reproducirse, volver a publicarse, distribuirse, descargarse, cargarse, enviarse, mostrarse, codificarse, traducirse o transmitirse de ninguna forma ni por ning\u00fan medio sin el consentimiento expreso previo por escrito de Innosphere.<br><br>Salvo que Innosphere disponga expresamente lo contrario, nada de lo contenido en este Sitio Web se interpretar\u00e1 como una concesi\u00f3n de licencia, oferta de licencia o venta en virtud de cualquiera de los derechos de propiedad intelectual de Innosphere o de Terceros Proveedores, ya sea por impedimento, implicaci\u00f3n o de otro modo. Usted es el \u00fanico responsable de la obtenci\u00f3n de dichas licencias. Consulte la informaci\u00f3n de contacto que figura a continuaci\u00f3n si tiene alguna pregunta sobre la obtenci\u00f3n de dichas licencias. Los materiales del sitio web proporcionados por Terceros Proveedores no han sido revisados, probados, certificados o autenticados de forma independiente, en su totalidad o en parte, por Innosphere. Por ello, Innosphere no ofrece ninguna garant\u00eda al respecto.<br><br>Puede utilizar los materiales informativos de los productos y servicios de Innosphere que Innosphere haya puesto espec\u00edficamente a su disposici\u00f3n para su descarga desde el Sitio Web (como hojas de datos, libros blancos y materiales similares) en las siguientes condiciones:\u00a0<\/p>\n\n\n\n<ul class=\"list-two wp-block-list\">\n<li>No puede modificar los materiales de ninguna manera;\u00a0<br><\/li>\n\n\n\n<li>Tanto el aviso de copyright como este aviso de autorizaci\u00f3n aparecen en los materiales y\u00a0<br><\/li>\n\n\n\n<li>Los materiales se utilizan estrictamente con fines personales, no comerciales e informativos. No se copiar\u00e1n ni publicar\u00e1n en ning\u00fan ordenador conectado a la red, ni se difundir\u00e1n en ning\u00fan medio de comunicaci\u00f3n, ni se utilizar\u00e1n con fines comerciales. Este permiso termina autom\u00e1ticamente sin previo aviso si usted incumple cualquiera de estas Condiciones.<\/li>\n<\/ul>\n\n\n\n<p>La siguiente es una lista no exhaustiva de actividades que Innosphere proh\u00edbe expresamente:<\/p>\n\n\n\n<ul class=\"list-two wp-block-list\">\n<li class=\"list-two\">Obtener o intentar obtener acceso no autorizado al Sitio Web (o a cualquier parte del mismo), a cualquier software o servicio que aparezca en el Sitio Web, o a cualquier sistema o red conectados al Sitio Web o a los servidores de Innosphere;\u00a0<br><\/li>\n\n\n\n<li class=\"list-two\">Obtener o intentar obtener cualquier Contenido o material propiedad de Innosphere a trav\u00e9s de cualquier medio que no haya sido expresamente puesto a disposici\u00f3n por Innosphere;\u00a0<br><\/li>\n\n\n\n<li>Interferir o intentar interferir en la funcionalidad o el uso del Sitio Web por parte de terceros;\u00a0<br><\/li>\n\n\n\n<li class=\"list-two\">Sondear, evaluar o probar la vulnerabilidad del Sitio Web o intentar vulnerar sus medidas de seguridad;\u00a0<br><\/li>\n\n\n\n<li class=\"list-two\">Intentar obtener acceso no autorizado a cualquier parte o caracter\u00edstica del Sitio Web, o a cualquier otro sistema o red conectados al Sitio Web o a cualquier servidor de Innosphere, o a cualquiera de los productos o servicios ofrecidos en o a trav\u00e9s del Sitio Web, mediante pirater\u00eda inform\u00e1tica, \"extracci\u00f3n\" de contrase\u00f1as o cualquier otro medio ileg\u00edtimo;\u00a0<br><\/li>\n\n\n\n<li class=\"list-two\">Utilizar cualquier \"enlace profundo\", \"page-scrape\", \"robot\", \"ara\u00f1a\" u otro dispositivo autom\u00e1tico, bot, programa, algoritmo o metodolog\u00eda, o cualquier proceso similar o equivalente para acceder, adquirir, copiar o supervisar cualquier parte del Sitio Web o cualquier Contenido;\u00a0<br><\/li>\n\n\n\n<li class=\"list-two\">Realizar cualquier acci\u00f3n que imponga una carga irrazonable o desproporcionadamente grande en la infraestructura del Sitio Web o en los servidores, sistemas o redes de Innosphere, o en cualquier sistema o red conectados al Sitio Web o a Innosphere;\u00a0<br><\/li>\n\n\n\n<li class=\"list-two\">Utilizar el Sitio Web o los Contenidos con fines il\u00edcitos o solicitar actividades ilegales o infractoras;\u00a0<br><\/li>\n\n\n\n<li class=\"list-two\">El uso, exportaci\u00f3n o reexportaci\u00f3n de contenidos infringe las leyes o normativas aplicables, incluidas, entre otras, las leyes de exportaci\u00f3n.<\/li>\n<\/ul>\n\n\n\n<h3 class=\"wp-block-heading\">Violaci\u00f3n de las condiciones de uso\u00a0<\/h3>\n\n\n\n<p>Al utilizar este Sitio Web, usted acepta que Innosphere puede, en cualquier momento y a su entera discreci\u00f3n, cancelar y bloquear su acceso actual y\/o futuro al Sitio Web si Innosphere determina que usted ha infringido estas Condiciones o cualquier otro acuerdo o directriz de Innosphere que pueda estar asociado con su uso del Sitio Web.\u00a0<br><br>Adem\u00e1s, acepta que su infracci\u00f3n de las Condiciones constituir\u00e1 una pr\u00e1ctica comercial ilegal y desleal, y causar\u00e1 un da\u00f1o irreparable a Innosphere para el que una indemnizaci\u00f3n monetaria ser\u00eda inadecuada.\u00a0<br><br>Adem\u00e1s, usted consiente que Innosphere obtenga cualquier medida cautelar o equitativa que considere apropiada o necesaria dadas las circunstancias. Los recursos anteriores se suman a cualquier otro recurso que Innosphere pueda tener por ley o en equidad.<br><br>Usted acepta que Innosphere puede, a su entera discreci\u00f3n y sin previo aviso, poner fin a su acceso al Sitio Web por causa justificada, que incluye (pero no se limita a):<\/p>\n\n\n\n<ul class=\"list-two wp-block-list\">\n<li class=\"list-two\">solicitudes de las fuerzas de seguridad u otros organismos gubernamentales<br><\/li>\n\n\n\n<li class=\"list-two\">a petici\u00f3n suya (supresi\u00f3n de cuentas por iniciativa propia);<br><\/li>\n\n\n\n<li>interrupci\u00f3n o modificaci\u00f3n material del Sitio Web o de cualquier servicio ofrecido en o a trav\u00e9s del Sitio Web, o (4) cuestiones o problemas t\u00e9cnicos inesperados.<\/li>\n<\/ul>\n\n\n\n<p>Si Innosphere emprende cualquier acci\u00f3n legal contra usted como resultado de su infracci\u00f3n de estas Condiciones, Innosphere tendr\u00e1 derecho a recuperar de usted, y usted acepta pagar, todos los honorarios razonables de abogados y los costes de dicha acci\u00f3n, adem\u00e1s de cualquier otra reparaci\u00f3n concedida a Innosphere. Usted acepta que Innosphere no ser\u00e1 responsable ante usted ni ante terceros por la cancelaci\u00f3n de su acceso al Sitio Web como consecuencia de cualquier infracci\u00f3n de estas Condiciones.<br><br>Innosphere se reserva el derecho a revelar la informaci\u00f3n sobre usted que considere necesaria para cumplir cualquier ley, reglamento o solicitud legal aplicable. En caso de investigaci\u00f3n o reclamaci\u00f3n en relaci\u00f3n con su uso del Sitio Web, Innosphere podr\u00e1 revelar informaci\u00f3n sobre usted. Innosphere tambi\u00e9n podr\u00e1 revelar informaci\u00f3n que le identifique para contactar, identificar o emprender acciones contra alguien que lesione o interfiera en los derechos de Innosphere, sus clientes u otros usuarios del Sitio Web.<\/p>\n\n\n\n<h3 class=\"wp-block-heading\">Privacidad<\/h3>\n\n\n\n<p>Al utilizar el Sitio Web, usted reconoce que entiende que las transmisiones en l\u00ednea nunca son completamente privadas o seguras y que los mensajes y la informaci\u00f3n enviados al Sitio Web pueden ser le\u00eddos o interceptados por otros.<br><br>Adem\u00e1s, usted reconoce y acepta que Innosphere puede conservar cualquier transmisi\u00f3n o comunicaci\u00f3n suya con Innosphere a trav\u00e9s del Sitio Web o de cualquier servicio ofrecido en o a trav\u00e9s del Sitio Web y tambi\u00e9n puede divulgar dichos datos si as\u00ed lo exige la ley o si Innosphere determina que dicha conservaci\u00f3n o divulgaci\u00f3n es razonablemente necesaria para:<\/p>\n\n\n\n<ul class=\"list-two wp-block-list\">\n<li>Cumplir con el proceso legal;<br><\/li>\n\n\n\n<li>Hacer cumplir estas Condiciones;<br><\/li>\n\n\n\n<li>Responder a las reclamaciones de que cualquiera de esos datos viola los derechos de terceros o\u00a0<br><\/li>\n\n\n\n<li>Proteger los derechos, la propiedad o la seguridad personal de Innosphere, sus empleados, los usuarios o visitantes del sitio web y el p\u00fablico.<\/li>\n<\/ul>\n\n\n\n<h3 class=\"wp-block-heading\">Descargo de responsabilidad<\/h3>\n\n\n\n<p>Salvo que Innosphere disponga expresamente lo contrario, el contenido del sitio web se proporciona \"tal cual\". \" Innosphere renuncia en este momento a todas las representaciones, garant\u00edas, avales y condiciones expresas o impl\u00edcitas, incluidas, a t\u00edtulo meramente enunciativo y no limitativo, cualesquiera garant\u00edas o condiciones impl\u00edcitas de comerciabilidad, idoneidad para un fin determinado, titularidad y no infracci\u00f3n, salvo en la medida en que dichas renuncias se consideren legalmente inv\u00e1lidas. Innosphere no se hace responsable de la calidad, idoneidad, veracidad, exactitud o integridad de ninguno de los contenidos del sitio web.<br><br>El anterior descargo de responsabilidad se aplica a cualquier da\u00f1o, responsabilidad o perjuicio causado por cualquier fallo de funcionamiento, error, omisi\u00f3n, interrupci\u00f3n, eliminaci\u00f3n, defecto, retraso en el funcionamiento o la transmisi\u00f3n, virus inform\u00e1tico, fallo de la l\u00ednea de comunicaci\u00f3n, robo o destrucci\u00f3n o acceso no autorizado, alteraci\u00f3n o uso, ya sea por incumplimiento de contrato, agravio, negligencia o cualquier otra causa de acci\u00f3n.<\/p>\n\n\n\n<h3 class=\"wp-block-heading\">Avisos sobre propiedad intelectual<\/h3>\n\n\n\n<p>El Sitio Web y el Contenido est\u00e1n protegidos por derechos de autor y otras leyes. No podr\u00e1n ser transmitidos, reproducidos, reutilizados, copiados o imitados total o parcialmente, salvo autorizaci\u00f3n expresa de Innosphere.<\/p>\n\n\n\n<h3 class=\"wp-block-heading\">Aceptaci\u00f3n de las condiciones<\/h3>\n\n\n\n<p>Al utilizar el sitio web de Innosphere, usted reconoce que entiende estas Condiciones Generales y se compromete a cumplirlas. Si no est\u00e1 de acuerdo con estos t\u00e9rminos, abst\u00e9ngase de utilizar el sitio web.<\/p>\n\n\n\n<h3 class=\"wp-block-heading\">Modificaciones<\/h3>\n\n\n\n<p>Innosphere se reserva el derecho a actualizar, modificar o enmendar estos T\u00e9rminos y Condiciones a su entera discreci\u00f3n. Cualquier cambio entrar\u00e1 en vigor inmediatamente despu\u00e9s de su publicaci\u00f3n en el sitio web. Es su responsabilidad revisar los T\u00e9rminos y Condiciones con regularidad. Su uso continuado del sitio web despu\u00e9s de cualquier actualizaci\u00f3n constituye su aceptaci\u00f3n de los t\u00e9rminos modificados.<\/p>\n\n\n\n<h3 class=\"wp-block-heading\">Pol\u00edtica de enlaces<\/h3>\n\n\n\n<p>Le invitamos a enlazar con el sitio web de Innosphere desde otros sitios web, siempre que dichos enlaces se establezcan de forma justa y legal y no perjudiquen la reputaci\u00f3n de Innosphere. Sin embargo, no debe crear un enlace que sugiera cualquier forma de respaldo o asociaci\u00f3n cuando no exista. Innosphere se reserva el derecho a revocar el permiso de enlace sin previo aviso.<\/p>\n\n\n\n<h3 class=\"wp-block-heading\">Limitaci\u00f3n de responsabilidad<\/h3>\n\n\n\n<p>Innosphere y sus afiliados, empleados, agentes y socios no ser\u00e1n responsables de ning\u00fan da\u00f1o directo, indirecto, incidental, especial o consecuente que resulte de su uso o incapacidad de usar el sitio web, incluyendo pero no limitado a errores o inexactitudes en el sitio. Esta limitaci\u00f3n de responsabilidad se extiende hasta el m\u00e1ximo permitido por la ley.<\/p>\n\n\n\n<h3 class=\"wp-block-heading\">Indemnizaci\u00f3n<\/h3>\n\n\n\n<p>Al utilizar el sitio web de Innosphere, usted acepta indemnizar, defender y eximir de responsabilidad a Innosphere, sus directivos, empleados, agentes y socios frente a cualquier reclamaci\u00f3n, da\u00f1o, p\u00e9rdida, responsabilidad y gasto, incluidos los honorarios razonables de abogados, que se deriven o est\u00e9n relacionados con el uso que usted haga del sitio web o con la infracci\u00f3n por su parte de estas Condiciones.<\/p>\n\n\n\n<h3 class=\"wp-block-heading\">Resoluci\u00f3n de litigios<\/h3>\n\n\n\n<p>La ley de Polonia regir\u00e1 cualquier acci\u00f3n relacionada con estas Condiciones. No se aplicar\u00e1n las normas de elecci\u00f3n de legislaci\u00f3n de ninguna jurisdicci\u00f3n.<\/p>\n\n\n\n<h3 class=\"wp-block-heading\">Informaci\u00f3n jur\u00eddica de contacto<\/h3>\n\n\n\n<p>Si tiene alguna pregunta sobre estas Condiciones o desea solicitar permiso para utilizar cualquier Contenido, p\u00f3ngase en contacto con nosotros:<\/p>\n\n\n\n<ul class=\"wp-block-list\">\n<li>por correo electr\u00f3nico - <a href=\"mailto:support@innosphere.io\">support@innosphere.io<\/a><br><\/li>\n\n\n\n<li>a trav\u00e9s del tel\u00e9fono - <a href=\"tel: 48573569092\">+48573569092<\/a><br><\/li>\n\n\n\n<li>a trav\u00e9s de la p\u00e1gina web - <a href=\"https:\/\/innosphere.io\/es\/contact\/\u00a0\/\">https:\/\/innosphere.io\/contact\/\u00a0<\/a><\/li>\n<\/ul>","protected":false},"excerpt":{"rendered":"<p>These Terms and Conditions (the &#8220;Terms&#8221;) apply to your use of the website owned by Moongate holding Sp. z O.O., registered address: ul. Chodakowska, nr 53\/57, lok. 22A, Warsaw, 03-816, Poland, operational address: Ry\u017cowa st., Nr 33A, 02-495 Warsaw, Poland\u00a0and located at https:\/\/innosphere.io\/. By using the website, you agree to these terms. If you disagree, [&hellip;]<\/p>","protected":false},"author":1,"featured_media":0,"parent":0,"menu_order":0,"comment_status":"closed","ping_status":"closed","template":"template-page\/policy-template.php","meta":{"_acf_changed":false,"inline_featured_image":false,"footnotes":""},"class_list":["post-238","page","type-page","status-publish","hentry"],"acf":[],"yoast_head":"<!-- This site is optimized with the Yoast SEO plugin v21.4 - https:\/\/yoast.com\/wordpress\/plugins\/seo\/ -->\n<title>Terms and Conditions - Innosphere<\/title>\n<meta name=\"robots\" content=\"noindex, follow, max-snippet:-1, max-image-preview:large, max-video-preview:-1\" \/>\n<meta property=\"og:locale\" content=\"es_ES\" \/>\n<meta property=\"og:type\" content=\"article\" \/>\n<meta property=\"og:title\" content=\"Terms and Conditions - Innosphere\" \/>\n<meta property=\"og:description\" content=\"These Terms and Conditions (the &#8220;Terms&#8221;) apply to your use of the website owned by Moongate holding Sp. z O.O., registered address: ul. Chodakowska, nr 53\/57, lok. 22A, Warsaw, 03-816, Poland, operational address: Ry\u017cowa st., Nr 33A, 02-495 Warsaw, Poland\u00a0and located at https:\/\/innosphere.io\/. By using the website, you agree to these terms. If you disagree, [&hellip;]\" \/>\n<meta property=\"og:url\" content=\"https:\/\/innosphere.io\/es\/terms-and-conditions\/\" \/>\n<meta property=\"og:site_name\" content=\"Innosphere\" \/>\n<meta property=\"article:modified_time\" content=\"2023-11-10T16:07:52+00:00\" \/>\n<meta name=\"twitter:card\" content=\"summary_large_image\" \/>\n<meta name=\"twitter:label1\" content=\"Tiempo de lectura\" \/>\n\t<meta name=\"twitter:data1\" content=\"9 minutos\" \/>\n<script type=\"application\/ld+json\" class=\"yoast-schema-graph\">{\"@context\":\"https:\/\/schema.org\",\"@graph\":[{\"@type\":\"WebPage\",\"@id\":\"https:\/\/innosphere.io\/terms-and-conditions\/\",\"url\":\"https:\/\/innosphere.io\/terms-and-conditions\/\",\"name\":\"Terms and Conditions - Innosphere\",\"isPartOf\":{\"@id\":\"https:\/\/innosphere.io\/#website\"},\"datePublished\":\"2023-11-10T15:46:42+00:00\",\"dateModified\":\"2023-11-10T16:07:52+00:00\",\"breadcrumb\":{\"@id\":\"https:\/\/innosphere.io\/terms-and-conditions\/#breadcrumb\"},\"inLanguage\":\"es\",\"potentialAction\":[{\"@type\":\"ReadAction\",\"target\":[\"https:\/\/innosphere.io\/terms-and-conditions\/\"]}]},{\"@type\":\"BreadcrumbList\",\"@id\":\"https:\/\/innosphere.io\/terms-and-conditions\/#breadcrumb\",\"itemListElement\":[{\"@type\":\"ListItem\",\"position\":1,\"name\":\"Home\",\"item\":\"https:\/\/innosphere.io\/\"},{\"@type\":\"ListItem\",\"position\":2,\"name\":\"Terms and Conditions\"}]},{\"@type\":\"WebSite\",\"@id\":\"https:\/\/innosphere.io\/#website\",\"url\":\"https:\/\/innosphere.io\/\",\"name\":\"Innosphere\",\"description\":\"\",\"publisher\":{\"@id\":\"https:\/\/innosphere.io\/#organization\"},\"potentialAction\":[{\"@type\":\"SearchAction\",\"target\":{\"@type\":\"EntryPoint\",\"urlTemplate\":\"https:\/\/innosphere.io\/?s={search_term_string}\"},\"query-input\":\"required name=search_term_string\"}],\"inLanguage\":\"es\"},{\"@type\":\"Organization\",\"@id\":\"https:\/\/innosphere.io\/#organization\",\"name\":\"Innosphere\",\"url\":\"https:\/\/innosphere.io\/\",\"logo\":{\"@type\":\"ImageObject\",\"inLanguage\":\"es\",\"@id\":\"https:\/\/innosphere.io\/#\/schema\/logo\/image\/\",\"url\":\"https:\/\/innosphere.io\/wp-content\/uploads\/2023\/10\/Logo-innosphere.svg\",\"contentUrl\":\"https:\/\/innosphere.io\/wp-content\/uploads\/2023\/10\/Logo-innosphere.svg\",\"width\":506,\"height\":107,\"caption\":\"Innosphere\"},\"image\":{\"@id\":\"https:\/\/innosphere.io\/#\/schema\/logo\/image\/\"}}]}<\/script>\n<!-- \/ Yoast SEO plugin. -->","yoast_head_json":{"title":"Terms and Conditions - Innosphere","robots":{"index":"noindex","follow":"follow","max-snippet":"max-snippet:-1","max-image-preview":"max-image-preview:large","max-video-preview":"max-video-preview:-1"},"og_locale":"es_ES","og_type":"article","og_title":"Terms and Conditions - Innosphere","og_description":"These Terms and Conditions (the &#8220;Terms&#8221;) apply to your use of the website owned by Moongate holding Sp. z O.O., registered address: ul. Chodakowska, nr 53\/57, lok. 22A, Warsaw, 03-816, Poland, operational address: Ry\u017cowa st., Nr 33A, 02-495 Warsaw, Poland\u00a0and located at https:\/\/innosphere.io\/. By using the website, you agree to these terms. If you disagree, [&hellip;]","og_url":"https:\/\/innosphere.io\/es\/terms-and-conditions\/","og_site_name":"Innosphere","article_modified_time":"2023-11-10T16:07:52+00:00","twitter_card":"summary_large_image","twitter_misc":{"Tiempo de lectura":"9 minutos"},"schema":{"@context":"https:\/\/schema.org","@graph":[{"@type":"WebPage","@id":"https:\/\/innosphere.io\/terms-and-conditions\/","url":"https:\/\/innosphere.io\/terms-and-conditions\/","name":"Terms and Conditions - Innosphere","isPartOf":{"@id":"https:\/\/innosphere.io\/#website"},"datePublished":"2023-11-10T15:46:42+00:00","dateModified":"2023-11-10T16:07:52+00:00","breadcrumb":{"@id":"https:\/\/innosphere.io\/terms-and-conditions\/#breadcrumb"},"inLanguage":"es","potentialAction":[{"@type":"ReadAction","target":["https:\/\/innosphere.io\/terms-and-conditions\/"]}]},{"@type":"BreadcrumbList","@id":"https:\/\/innosphere.io\/terms-and-conditions\/#breadcrumb","itemListElement":[{"@type":"ListItem","position":1,"name":"Home","item":"https:\/\/innosphere.io\/"},{"@type":"ListItem","position":2,"name":"Terms and Conditions"}]},{"@type":"WebSite","@id":"https:\/\/innosphere.io\/#website","url":"https:\/\/innosphere.io\/","name":"Innosphere","description":"","publisher":{"@id":"https:\/\/innosphere.io\/#organization"},"potentialAction":[{"@type":"SearchAction","target":{"@type":"EntryPoint","urlTemplate":"https:\/\/innosphere.io\/?s={search_term_string}"},"query-input":"required name=search_term_string"}],"inLanguage":"es"},{"@type":"Organization","@id":"https:\/\/innosphere.io\/#organization","name":"Innosphere","url":"https:\/\/innosphere.io\/","logo":{"@type":"ImageObject","inLanguage":"es","@id":"https:\/\/innosphere.io\/#\/schema\/logo\/image\/","url":"https:\/\/innosphere.io\/wp-content\/uploads\/2023\/10\/Logo-innosphere.svg","contentUrl":"https:\/\/innosphere.io\/wp-content\/uploads\/2023\/10\/Logo-innosphere.svg","width":506,"height":107,"caption":"Innosphere"},"image":{"@id":"https:\/\/innosphere.io\/#\/schema\/logo\/image\/"}}]}},"_links":{"self":[{"href":"https:\/\/innosphere.io\/es\/wp-json\/wp\/v2\/pages\/238","targetHints":{"allow":["GET"]}}],"collection":[{"href":"https:\/\/innosphere.io\/es\/wp-json\/wp\/v2\/pages"}],"about":[{"href":"https:\/\/innosphere.io\/es\/wp-json\/wp\/v2\/types\/page"}],"author":[{"embeddable":true,"href":"https:\/\/innosphere.io\/es\/wp-json\/wp\/v2\/users\/1"}],"replies":[{"embeddable":true,"href":"https:\/\/innosphere.io\/es\/wp-json\/wp\/v2\/comments?post=238"}],"version-history":[{"count":11,"href":"https:\/\/innosphere.io\/es\/wp-json\/wp\/v2\/pages\/238\/revisions"}],"predecessor-version":[{"id":254,"href":"https:\/\/innosphere.io\/es\/wp-json\/wp\/v2\/pages\/238\/revisions\/254"}],"wp:attachment":[{"href":"https:\/\/innosphere.io\/es\/wp-json\/wp\/v2\/media?parent=238"}],"curies":[{"name":"wp","href":"https:\/\/api.w.org\/{rel}","templated":true}]}}