{"id":238,"date":"2023-11-10T18:46:42","date_gmt":"2023-11-10T15:46:42","guid":{"rendered":"https:\/\/innosphere.io\/?page_id=238"},"modified":"2023-11-10T19:07:52","modified_gmt":"2023-11-10T16:07:52","slug":"terms-and-conditions","status":"publish","type":"page","link":"https:\/\/innosphere.io\/it\/terms-and-conditions\/","title":{"rendered":"Termini e condizioni"},"content":{"rendered":"<p>I presenti Termini e Condizioni (i \"Termini\") si applicano all'utilizzo del sito web di propriet\u00e0 di Moongate holding Sp. z O.O., indirizzo registrato: ul. Chodakowska, nr 53\/57, lok. 22A, Varsavia, 03-816, Polonia, indirizzo operativo: Ry\u017cowa st., Nr 33A, 02-495 Varsavia, Polonia<br>\u00a0e si trova a <a href=\"https:\/\/innosphere.io\/it\/\">https:\/\/innosphere.io\/<\/a>. Utilizzando il sito web, l'utente accetta questi termini. Se non siete d'accordo, non utilizzate il sito web.<br><br>Se l'utente rispetta i presenti Termini, Innosphere gli concede un diritto personale, non esclusivo, non trasferibile e limitato di accedere e utilizzare il Sito web. Innosphere si riserva il diritto esclusivo, in qualsiasi momento e a sua esclusiva discrezione, di cambiare, modificare, aggiungere o rimuovere sezioni di questi Termini. \u00c8 responsabilit\u00e0 dell'utente rivedere periodicamente questi Termini per eventuali modifiche. L'uso continuato del Sito Web dopo tali revisioni indica il riconoscimento e l'accettazione dei nuovi Termini.<br><br>Innosphere si riserva inoltre il diritto di fare quanto segue, in qualsiasi momento, senza preavviso:\u00a0<\/p>\n\n\n\n<ul class=\"list-two wp-block-list\">\n<li>Modificare, sospendere o interrompere il funzionamento o l'accesso al Sito Web, o a qualsiasi parte del Sito Web, per qualsiasi motivo;<br><\/li>\n\n\n\n<li>Modificare o cambiare il sito web, o qualsiasi parte del sito web, e qualsiasi politica o termine applicabile; e\u00a0<br><\/li>\n\n\n\n<li>Interrompere il funzionamento del sito web, o di qualsiasi parte del sito web, se necessario per eseguire la manutenzione ordinaria o straordinaria, la correzione di errori o altre modifiche.<\/li>\n<\/ul>\n\n\n\n<p>Innosphere si riserva qualsiasi diritto non espressamente concesso nel presente documento. Oltre ai presenti Termini, l'uso del sito web di Innosphere a scopo informativo \u00e8 soggetto alle politiche e alle linee guida che regolano tale uso, che sono qui incorporate per riferimento.<\/p>\n\n\n\n<h3 class=\"wp-block-heading\">Disposizioni generali sull'uso\u00a0<\/h3>\n\n\n\n<p>Tutti i contenuti e i materiali forniti sul Sito web, compresi, a titolo esemplificativo ma non esaustivo, informazioni, documenti, testi, servizi, loghi, grafici, fotografie, suoni, immagini, video, marchi, interfacce, musica, software, codici informatici, interfacce utente, interfacce visive e il design, la disposizione, la selezione, l'espressione e l'aspetto generale del Sito web (collettivamente, \"Contenuti\"), sono di propriet\u00e0, controllati o concessi in licenza da o a Innosphere, alle sue affiliate o sussidiarie, o ai suoi produttori, autori, sviluppatori e venditori terzi (collettivamente, \"Fornitori di terze parti\").\u00a0<br><br>Qualsiasi uso non autorizzato dei contenuti pu\u00f2 violare le leggi sulla propriet\u00e0 intellettuale e sulla concorrenza sleale, incluse, a titolo esemplificativo, le leggi sul copyright, sui marchi, sulla privacy, sui diritti di pubblicit\u00e0 e sulle comunicazioni.<br><br>Ad eccezione di quanto espressamente previsto nei presenti Termini o autorizzato da un accordo formale con Innosphere, nessuna parte del contenuto pu\u00f2 essere copiata, riprodotta, ripubblicata, distribuita, scaricata, caricata, pubblicata, visualizzata, codificata, tradotta o trasmessa in qualsiasi forma o con qualsiasi mezzo senza l'espresso consenso scritto di Innosphere.<br><br>Ad eccezione di quanto espressamente previsto da Innosphere, nulla di quanto contenuto in questo Sito web pu\u00f2 essere interpretato come un'offerta di licenza o vendita di uno qualsiasi dei diritti di propriet\u00e0 intellettuale di Innosphere o di un Fornitore di terze parti, sia per preclusione, implicazione o altro. L'utente riconosce la responsabilit\u00e0 esclusiva di ottenere tali licenze. Per qualsiasi domanda sull'ottenimento di tali licenze, consultare le informazioni di contatto riportate di seguito. I materiali del sito web forniti da Fornitori di terze parti non sono stati rivisti, testati, certificati o autenticati in modo indipendente in tutto o in parte da Innosphere. In quanto tale, Innosphere non fornisce alcuna garanzia in merito.<br><br>Potete utilizzare il materiale informativo sui prodotti e servizi Innosphere che Innosphere ha reso specificamente disponibile per il download dal Sito web (come schede tecniche, white paper e materiali simili) alle seguenti condizioni:\u00a0<\/p>\n\n\n\n<ul class=\"list-two wp-block-list\">\n<li>Non \u00e8 consentito modificare il materiale in alcun modo;\u00a0<br><\/li>\n\n\n\n<li>Sia l'avviso di copyright che il presente avviso di autorizzazione appaiono nei materiali e nelle\u00a0<br><\/li>\n\n\n\n<li>I materiali sono utilizzati esclusivamente per scopi personali, non commerciali e informativi. Non possono essere copiati o pubblicati su alcun computer in rete, n\u00e9 trasmessi in alcun mezzo di comunicazione o utilizzati per scopi commerciali. Questa autorizzazione termina automaticamente senza preavviso in caso di violazione di uno qualsiasi dei presenti Termini.<\/li>\n<\/ul>\n\n\n\n<p>Il seguente \u00e8 un elenco non esclusivo di attivit\u00e0 che Innosphere vieta espressamente:<\/p>\n\n\n\n<ul class=\"list-two wp-block-list\">\n<li class=\"list-two\">Ottenere o tentare di ottenere un accesso non autorizzato al Sito Web (o a qualsiasi sua parte), a qualsiasi software o servizio presente sul Sito Web, o a qualsiasi sistema o rete collegata al Sito Web o ai server di Innosphere;\u00a0<br><\/li>\n\n\n\n<li class=\"list-two\">Ottenere o tentare di ottenere qualsiasi Contenuto o materiale proprietario di Innosphere tramite qualsiasi mezzo non espressamente reso disponibile da Innosphere;\u00a0<br><\/li>\n\n\n\n<li>Interferendo o tentando di interferire con la funzionalit\u00e0 o l'utilizzo del Sito Web da parte di altri;\u00a0<br><\/li>\n\n\n\n<li class=\"list-two\">Sondare, valutare o testare la vulnerabilit\u00e0 del Sito web o tentare di violarne le misure di sicurezza;\u00a0<br><\/li>\n\n\n\n<li class=\"list-two\">Tentare di ottenere l'accesso non autorizzato a qualsiasi parte o funzione del Sito web, o qualsiasi altro sistema o rete collegata al Sito web o qualsiasi server Innosphere, o qualsiasi prodotto o servizio offerto su o attraverso il Sito web, tramite hacking, \"mining\" di password o qualsiasi altro mezzo illegittimo;\u00a0<br><\/li>\n\n\n\n<li class=\"list-two\">Utilizzare qualsiasi \"deep-link\", \"page-scrape\", \"robot\", \"spider\" o altro dispositivo automatico, bot, programma, algoritmo o metodologia, o qualsiasi processo simile o equivalente per accedere, acquisire, copiare o monitorare qualsiasi parte del Sito web o qualsiasi Contenuto;\u00a0<br><\/li>\n\n\n\n<li class=\"list-two\">Compiere qualsiasi azione che imponga un carico irragionevole o sproporzionato sull'infrastruttura dei server, dei sistemi o delle reti del Sito Web o di Innosphere, o su qualsiasi sistema o rete collegati al Sito Web o a Innosphere;\u00a0<br><\/li>\n\n\n\n<li class=\"list-two\">Utilizzare il Sito Web o i Contenuti per scopi illegali o per sollecitare attivit\u00e0 illegali o che violano la legge;\u00a0<br><\/li>\n\n\n\n<li class=\"list-two\">L'utilizzo, l'esportazione o la riesportazione di contenuti viola le leggi o le normative vigenti, incluse, a titolo esemplificativo, le leggi sull'esportazione.<\/li>\n<\/ul>\n\n\n\n<h3 class=\"wp-block-heading\">Violazione dei termini di utilizzo\u00a0<\/h3>\n\n\n\n<p>Utilizzando questo Sito web, l'utente accetta che Innosphere possa, in qualsiasi momento e a sua esclusiva discrezione, interrompere e bloccare il suo accesso attuale e\/o futuro al Sito web se Innosphere stabilisce che l'utente ha violato i presenti Termini o qualsiasi altro accordo o linea guida di Innosphere che possa essere associato all'uso del Sito web.\u00a0<br><br>Inoltre, l'utente accetta che la violazione dei Termini costituir\u00e0 una pratica commerciale illegale e sleale e causer\u00e0 un danno irreparabile a Innosphere per il quale i danni monetari sarebbero inadeguati.\u00a0<br><br>Inoltre, l'utente acconsente a Innosphere di ottenere qualsiasi provvedimento ingiuntivo o equo che ritenga appropriato o necessario in base alle circostanze. I rimedi di cui sopra sono in aggiunta a qualsiasi altro rimedio che Innosphere pu\u00f2 avere per legge o per equit\u00e0.<br><br>L'utente accetta che Innosphere possa, a sua unica discrezione e senza preavviso, interrompere il suo accesso al Sito Web per cause che includono (ma non si limitano a):<\/p>\n\n\n\n<ul class=\"list-two wp-block-list\">\n<li class=\"list-two\">richieste da parte delle forze dell'ordine o di altri enti governativi<br><\/li>\n\n\n\n<li class=\"list-two\">su richiesta dell'utente (eliminazione dell'account su iniziativa dell'utente stesso);<br><\/li>\n\n\n\n<li>interruzione o modifica sostanziale del sito web o di qualsiasi servizio offerto sul sito web o attraverso di esso, o (4) problemi tecnici imprevisti.<\/li>\n<\/ul>\n\n\n\n<p>Se Innosphere intraprende un'azione legale contro l'utente come risultato della violazione di questi Termini, Innosphere avr\u00e0 il diritto di recuperare dall'utente, e l'utente accetta di pagare, tutte le spese legali ragionevoli e i costi di tale azione, oltre a qualsiasi altro rimedio concesso a Innosphere. L'utente accetta che Innosphere non sar\u00e0 responsabile nei suoi confronti o nei confronti di terzi per la cessazione del suo accesso al Sito Web come risultato di qualsiasi violazione di questi Termini.<br><br>Innosphere si riserva il diritto di divulgare le informazioni sull'utente che ritiene necessarie per conformarsi a qualsiasi legge, regolamento o richiesta legale. In caso di indagini o reclami riguardanti l'utilizzo del Sito Web da parte dell'utente, Innosphere pu\u00f2 divulgare informazioni sull'utente. Innosphere pu\u00f2 anche divulgare le informazioni identificative dell'utente al fine di contattare, identificare o intraprendere azioni contro qualcuno che ferisce o interferisce con i diritti di Innosphere, dei suoi clienti o di altri utenti del Sito web.<\/p>\n\n\n\n<h3 class=\"wp-block-heading\">La privacy<\/h3>\n\n\n\n<p>Utilizzando il Sito, l'utente riconosce di essere consapevole che le trasmissioni online non sono mai completamente private o sicure e che i messaggi e le informazioni inviate al Sito possono essere letti o intercettati da altri.<br><br>Inoltre, l'utente riconosce e accetta che Innosphere possa conservare qualsiasi trasmissione o comunicazione dell'utente con Innosphere attraverso il Sito Web o qualsiasi servizio offerto su o attraverso il Sito Web e pu\u00f2 anche divulgare tali dati se richiesto dalla legge o se Innosphere determina che tale conservazione o divulgazione \u00e8 ragionevolmente necessaria per:<\/p>\n\n\n\n<ul class=\"list-two wp-block-list\">\n<li>Rispettare le procedure legali;<br><\/li>\n\n\n\n<li>Applicare le presenti Condizioni;<br><\/li>\n\n\n\n<li>Rispondere alle richieste di risarcimento che tali dati violano i diritti di altri o\u00a0<br><\/li>\n\n\n\n<li>Proteggere i diritti, la propriet\u00e0 o la sicurezza personale di Innosphere, dei suoi dipendenti, degli utenti o dei visitatori del Sito web e del pubblico.<\/li>\n<\/ul>\n\n\n\n<h3 class=\"wp-block-heading\">Esclusione di responsabilit\u00e0<\/h3>\n\n\n\n<p>Eccetto dove espressamente previsto diversamente da Innosphere, il contenuto del sito web \u00e8 fornito \"Cos\u00ec com'\u00e8\". \"Innosphere declina in questo momento tutte le dichiarazioni, le garanzie e le condizioni esplicite o implicite, incluse, ma non solo, le garanzie o le condizioni implicite di commerciabilit\u00e0, idoneit\u00e0 per uno scopo particolare, titolo e non violazione, ad eccezione della misura in cui tali dichiarazioni non siano ritenute legalmente valide. Innosphere non rilascia alcuna dichiarazione, garanzia o condizione in merito alla qualit\u00e0, all'idoneit\u00e0, alla veridicit\u00e0, all'accuratezza o alla completezza di qualsiasi contenuto del sito web.<br><br>L'esclusione di responsabilit\u00e0 di cui sopra si applica a qualsiasi danno, responsabilit\u00e0 o lesione causati da mancate prestazioni, errori, omissioni, interruzioni, cancellazioni, difetti, ritardi nel funzionamento o nella trasmissione, virus informatici, guasti alle linee di comunicazione, furti, distruzione o accesso non autorizzato, alterazione o utilizzo, sia per violazione del contratto, torto, negligenza o qualsiasi altra causa di azione.<\/p>\n\n\n\n<h3 class=\"wp-block-heading\">Avvisi sulla propriet\u00e0 intellettuale<\/h3>\n\n\n\n<p>Il Sito web e i Contenuti sono protetti da copyright e altre leggi. Non possono essere trasmessi, riprodotti, riproposti, copiati o imitati in tutto o in parte se non espressamente consentito da Innosphere.<\/p>\n\n\n\n<h3 class=\"wp-block-heading\">Accettazione dei termini<\/h3>\n\n\n\n<p>Utilizzando il sito web di Innosphere, l'utente dichiara di aver compreso i presenti Termini e condizioni e accetta di rispettarli. Se non si accettano questi termini, si prega di astenersi dall'utilizzare il sito web.<\/p>\n\n\n\n<h3 class=\"wp-block-heading\">Modifiche<\/h3>\n\n\n\n<p>Innosphere si riserva il diritto di aggiornare, modificare o emendare i presenti Termini e condizioni a sua esclusiva discrezione. Qualsiasi modifica sar\u00e0 effettiva immediatamente dopo la pubblicazione sul sito web. \u00c8 responsabilit\u00e0 dell'utente rivedere regolarmente i Termini e le Condizioni. L'uso continuato del sito web dopo qualsiasi aggiornamento costituisce l'accettazione dei termini modificati.<\/p>\n\n\n\n<h3 class=\"wp-block-heading\">Politica di collegamento<\/h3>\n\n\n\n<p>Siete invitati a collegarvi al sito web di Innosphere da altri siti web, a condizione che tali collegamenti siano stabiliti in modo corretto e legale e non danneggino la reputazione di Innosphere. Tuttavia, non si deve creare un link che suggerisca una forma di approvazione o associazione laddove non esiste. Innosphere si riserva il diritto di revocare l'autorizzazione al collegamento senza preavviso.<\/p>\n\n\n\n<h3 class=\"wp-block-heading\">Limitazione di responsabilit\u00e0<\/h3>\n\n\n\n<p>Innosphere e i suoi affiliati, dipendenti, agenti e partner non potranno essere ritenuti responsabili per danni diretti, indiretti, incidentali, speciali o consequenziali derivanti dall'uso o dall'impossibilit\u00e0 di usare il sito web, compresi, ma non solo, errori o imprecisioni nel sito. Questa limitazione di responsabilit\u00e0 si estende nella misura massima consentita dalla legge.<\/p>\n\n\n\n<h3 class=\"wp-block-heading\">Indennit\u00e0<\/h3>\n\n\n\n<p>Utilizzando il sito web di Innosphere, l'utente accetta di indennizzare, difendere e tenere indenne Innosphere, i suoi funzionari, dipendenti, agenti e partner da qualsiasi reclamo, danno, perdita, responsabilit\u00e0 e spesa, comprese le ragionevoli spese legali, derivanti da o correlate all'uso del sito web o alla violazione di questi Termini e Condizioni.<\/p>\n\n\n\n<h3 class=\"wp-block-heading\">Risoluzione delle controversie<\/h3>\n\n\n\n<p>La legge della Polonia discipliner\u00e0 qualsiasi azione relativa ai presenti Termini. Non si applicheranno norme di scelta della legge di alcuna giurisdizione.<\/p>\n\n\n\n<h3 class=\"wp-block-heading\">Informazioni sul contatto legale<\/h3>\n\n\n\n<p>In caso di domande sui presenti Termini o per richiedere l'autorizzazione all'uso di qualsiasi Contenuto, vi preghiamo di contattarci:<\/p>\n\n\n\n<ul class=\"wp-block-list\">\n<li>via e-mail - <a href=\"mailto:support@innosphere.io\">support@innosphere.io<\/a><br><\/li>\n\n\n\n<li>via telefono - <a href=\"tel: 48573569092\">+48573569092<\/a><br><\/li>\n\n\n\n<li>tramite sito web - <a href=\"https:\/\/innosphere.io\/it\/contact\/\u00a0\/\">https:\/\/innosphere.io\/contact\/\u00a0<\/a><\/li>\n<\/ul>","protected":false},"excerpt":{"rendered":"<p>I presenti Termini e Condizioni (i \"Termini\") si applicano all'utilizzo del sito web di propriet\u00e0 di Moongate holding Sp. z O.O., indirizzo registrato: ul. Chodakowska, nr 53\/57, lok. 22A, Varsavia, 03-816, Polonia, indirizzo operativo: Ry\u017cowa st., Nr 33A, 02-495 Varsavia, Polonia e si trova all'indirizzo https:\/\/innosphere.io\/. Utilizzando il sito web, l'utente accetta le presenti condizioni. In caso di disaccordo, [...]<\/p>","protected":false},"author":1,"featured_media":0,"parent":0,"menu_order":0,"comment_status":"closed","ping_status":"closed","template":"template-page\/policy-template.php","meta":{"_acf_changed":false,"inline_featured_image":false,"footnotes":""},"class_list":["post-238","page","type-page","status-publish","hentry"],"acf":[],"yoast_head":"<!-- This site is optimized with the Yoast SEO plugin v21.4 - https:\/\/yoast.com\/wordpress\/plugins\/seo\/ -->\n<title>Terms and Conditions - Innosphere<\/title>\n<meta name=\"robots\" content=\"noindex, follow, max-snippet:-1, max-image-preview:large, max-video-preview:-1\" \/>\n<meta property=\"og:locale\" content=\"it_IT\" \/>\n<meta property=\"og:type\" content=\"article\" \/>\n<meta property=\"og:title\" content=\"Terms and Conditions - Innosphere\" \/>\n<meta property=\"og:description\" content=\"These Terms and Conditions (the &#8220;Terms&#8221;) apply to your use of the website owned by Moongate holding Sp. z O.O., registered address: ul. Chodakowska, nr 53\/57, lok. 22A, Warsaw, 03-816, Poland, operational address: Ry\u017cowa st., Nr 33A, 02-495 Warsaw, Poland\u00a0and located at https:\/\/innosphere.io\/. By using the website, you agree to these terms. If you disagree, [&hellip;]\" \/>\n<meta property=\"og:url\" content=\"https:\/\/innosphere.io\/it\/terms-and-conditions\/\" \/>\n<meta property=\"og:site_name\" content=\"Innosphere\" \/>\n<meta property=\"article:modified_time\" content=\"2023-11-10T16:07:52+00:00\" \/>\n<meta name=\"twitter:card\" content=\"summary_large_image\" \/>\n<meta name=\"twitter:label1\" content=\"Tempo di lettura stimato\" \/>\n\t<meta name=\"twitter:data1\" content=\"9 minuti\" \/>\n<script type=\"application\/ld+json\" class=\"yoast-schema-graph\">{\"@context\":\"https:\/\/schema.org\",\"@graph\":[{\"@type\":\"WebPage\",\"@id\":\"https:\/\/innosphere.io\/terms-and-conditions\/\",\"url\":\"https:\/\/innosphere.io\/terms-and-conditions\/\",\"name\":\"Terms and Conditions - Innosphere\",\"isPartOf\":{\"@id\":\"https:\/\/innosphere.io\/#website\"},\"datePublished\":\"2023-11-10T15:46:42+00:00\",\"dateModified\":\"2023-11-10T16:07:52+00:00\",\"breadcrumb\":{\"@id\":\"https:\/\/innosphere.io\/terms-and-conditions\/#breadcrumb\"},\"inLanguage\":\"it-IT\",\"potentialAction\":[{\"@type\":\"ReadAction\",\"target\":[\"https:\/\/innosphere.io\/terms-and-conditions\/\"]}]},{\"@type\":\"BreadcrumbList\",\"@id\":\"https:\/\/innosphere.io\/terms-and-conditions\/#breadcrumb\",\"itemListElement\":[{\"@type\":\"ListItem\",\"position\":1,\"name\":\"Home\",\"item\":\"https:\/\/innosphere.io\/\"},{\"@type\":\"ListItem\",\"position\":2,\"name\":\"Terms and Conditions\"}]},{\"@type\":\"WebSite\",\"@id\":\"https:\/\/innosphere.io\/#website\",\"url\":\"https:\/\/innosphere.io\/\",\"name\":\"Innosphere\",\"description\":\"\",\"publisher\":{\"@id\":\"https:\/\/innosphere.io\/#organization\"},\"potentialAction\":[{\"@type\":\"SearchAction\",\"target\":{\"@type\":\"EntryPoint\",\"urlTemplate\":\"https:\/\/innosphere.io\/?s={search_term_string}\"},\"query-input\":\"required name=search_term_string\"}],\"inLanguage\":\"it-IT\"},{\"@type\":\"Organization\",\"@id\":\"https:\/\/innosphere.io\/#organization\",\"name\":\"Innosphere\",\"url\":\"https:\/\/innosphere.io\/\",\"logo\":{\"@type\":\"ImageObject\",\"inLanguage\":\"it-IT\",\"@id\":\"https:\/\/innosphere.io\/#\/schema\/logo\/image\/\",\"url\":\"https:\/\/innosphere.io\/wp-content\/uploads\/2023\/10\/Logo-innosphere.svg\",\"contentUrl\":\"https:\/\/innosphere.io\/wp-content\/uploads\/2023\/10\/Logo-innosphere.svg\",\"width\":506,\"height\":107,\"caption\":\"Innosphere\"},\"image\":{\"@id\":\"https:\/\/innosphere.io\/#\/schema\/logo\/image\/\"}}]}<\/script>\n<!-- \/ Yoast SEO plugin. -->","yoast_head_json":{"title":"Terms and Conditions - Innosphere","robots":{"index":"noindex","follow":"follow","max-snippet":"max-snippet:-1","max-image-preview":"max-image-preview:large","max-video-preview":"max-video-preview:-1"},"og_locale":"it_IT","og_type":"article","og_title":"Terms and Conditions - Innosphere","og_description":"These Terms and Conditions (the &#8220;Terms&#8221;) apply to your use of the website owned by Moongate holding Sp. z O.O., registered address: ul. Chodakowska, nr 53\/57, lok. 22A, Warsaw, 03-816, Poland, operational address: Ry\u017cowa st., Nr 33A, 02-495 Warsaw, Poland\u00a0and located at https:\/\/innosphere.io\/. By using the website, you agree to these terms. If you disagree, [&hellip;]","og_url":"https:\/\/innosphere.io\/it\/terms-and-conditions\/","og_site_name":"Innosphere","article_modified_time":"2023-11-10T16:07:52+00:00","twitter_card":"summary_large_image","twitter_misc":{"Tempo di lettura stimato":"9 minuti"},"schema":{"@context":"https:\/\/schema.org","@graph":[{"@type":"WebPage","@id":"https:\/\/innosphere.io\/terms-and-conditions\/","url":"https:\/\/innosphere.io\/terms-and-conditions\/","name":"Terms and Conditions - Innosphere","isPartOf":{"@id":"https:\/\/innosphere.io\/#website"},"datePublished":"2023-11-10T15:46:42+00:00","dateModified":"2023-11-10T16:07:52+00:00","breadcrumb":{"@id":"https:\/\/innosphere.io\/terms-and-conditions\/#breadcrumb"},"inLanguage":"it-IT","potentialAction":[{"@type":"ReadAction","target":["https:\/\/innosphere.io\/terms-and-conditions\/"]}]},{"@type":"BreadcrumbList","@id":"https:\/\/innosphere.io\/terms-and-conditions\/#breadcrumb","itemListElement":[{"@type":"ListItem","position":1,"name":"Home","item":"https:\/\/innosphere.io\/"},{"@type":"ListItem","position":2,"name":"Terms and Conditions"}]},{"@type":"WebSite","@id":"https:\/\/innosphere.io\/#website","url":"https:\/\/innosphere.io\/","name":"Innosphere","description":"","publisher":{"@id":"https:\/\/innosphere.io\/#organization"},"potentialAction":[{"@type":"SearchAction","target":{"@type":"EntryPoint","urlTemplate":"https:\/\/innosphere.io\/?s={search_term_string}"},"query-input":"required name=search_term_string"}],"inLanguage":"it-IT"},{"@type":"Organization","@id":"https:\/\/innosphere.io\/#organization","name":"Innosphere","url":"https:\/\/innosphere.io\/","logo":{"@type":"ImageObject","inLanguage":"it-IT","@id":"https:\/\/innosphere.io\/#\/schema\/logo\/image\/","url":"https:\/\/innosphere.io\/wp-content\/uploads\/2023\/10\/Logo-innosphere.svg","contentUrl":"https:\/\/innosphere.io\/wp-content\/uploads\/2023\/10\/Logo-innosphere.svg","width":506,"height":107,"caption":"Innosphere"},"image":{"@id":"https:\/\/innosphere.io\/#\/schema\/logo\/image\/"}}]}},"_links":{"self":[{"href":"https:\/\/innosphere.io\/it\/wp-json\/wp\/v2\/pages\/238","targetHints":{"allow":["GET"]}}],"collection":[{"href":"https:\/\/innosphere.io\/it\/wp-json\/wp\/v2\/pages"}],"about":[{"href":"https:\/\/innosphere.io\/it\/wp-json\/wp\/v2\/types\/page"}],"author":[{"embeddable":true,"href":"https:\/\/innosphere.io\/it\/wp-json\/wp\/v2\/users\/1"}],"replies":[{"embeddable":true,"href":"https:\/\/innosphere.io\/it\/wp-json\/wp\/v2\/comments?post=238"}],"version-history":[{"count":11,"href":"https:\/\/innosphere.io\/it\/wp-json\/wp\/v2\/pages\/238\/revisions"}],"predecessor-version":[{"id":254,"href":"https:\/\/innosphere.io\/it\/wp-json\/wp\/v2\/pages\/238\/revisions\/254"}],"wp:attachment":[{"href":"https:\/\/innosphere.io\/it\/wp-json\/wp\/v2\/media?parent=238"}],"curies":[{"name":"wp","href":"https:\/\/api.w.org\/{rel}","templated":true}]}}