{"id":232,"date":"2023-11-10T18:40:59","date_gmt":"2023-11-10T15:40:59","guid":{"rendered":"https:\/\/innosphere.io\/?page_id=232"},"modified":"2023-11-10T19:56:02","modified_gmt":"2023-11-10T16:56:02","slug":"cookie-policy","status":"publish","type":"page","link":"https:\/\/innosphere.io\/pl\/cookie-policy\/","title":{"rendered":"Polityka dotycz\u0105ca plik\u00f3w cookie"},"content":{"rendered":"<p>Witamy na stronie Innosphere. Niniejsza Polityka dotycz\u0105ca plik\u00f3w cookie wyja\u015bnia, w jaki spos\u00f3b wykorzystujemy pliki cookie i podobne technologie na naszej stronie internetowej. Kontynuuj\u0105c korzystanie z naszej strony internetowej, u\u017cytkownik wyra\u017ca zgod\u0119 na u\u017cywanie plik\u00f3w cookie i podobnych technologii w spos\u00f3b opisany w niniejszej polityce. Je\u015bli u\u017cytkownik nie zgadza si\u0119 na korzystanie przez nas z plik\u00f3w cookie, powinien odpowiednio ustawi\u0107 swoj\u0105 przegl\u0105dark\u0119 lub zaprzesta\u0107 korzystania ze strony internetowej Innosphere.<\/p>\n\n\n\n<h3 class=\"wp-block-heading\">Czym s\u0105 pliki cookie?<\/h3>\n\n\n\n<p>Pliki cookie to ma\u0142e pliki tekstowe, kt\u00f3re s\u0105 przechowywane na urz\u0105dzeniu u\u017cytkownika (komputerze, smartfonie, tablecie) podczas odwiedzania strony internetowej. Pozwalaj\u0105 one witrynom internetowym rozpoznawa\u0107 urz\u0105dzenie u\u017cytkownika, zapisywa\u0107 preferencje i poprawia\u0107 komfort u\u017cytkowania.<\/p>\n\n\n\n<h3 class=\"wp-block-heading\">Rodzaje plik\u00f3w cookie<\/h3>\n\n\n\n<p>Nasza witryna internetowa wykorzystuje r\u00f3\u017cne rodzaje plik\u00f3w cookie, z kt\u00f3rych ka\u017cdy s\u0142u\u017cy okre\u015blonym celom. Poni\u017cej przedstawiamy przegl\u0105d typ\u00f3w plik\u00f3w cookie, z kt\u00f3rych korzystamy:<\/p>\n\n\n\n<p><strong>Niezb\u0119dne pliki cookie:<\/strong> Te pliki cookie s\u0105 niezb\u0119dne do prawid\u0142owego funkcjonowania naszej witryny. Umo\u017cliwiaj\u0105 one poruszanie si\u0119 po naszej witrynie i korzystanie z jej funkcji. Bez tych plik\u00f3w cookie nie mo\u017cna \u015bwiadczy\u0107 \u017c\u0105danych us\u0142ug, takich jak dost\u0119p do bezpiecznych obszar\u00f3w.<\/p>\n\n\n\n<p><strong>Funkcjonalne pliki cookie:<\/strong> Funkcjonalne pliki cookie umo\u017cliwiaj\u0105 naszej witrynie internetowej zapami\u0119tywanie wybor\u00f3w u\u017cytkownika, takich jak preferencje j\u0119zykowe, i zapewniaj\u0105 ulepszone, spersonalizowane funkcje. Te pliki cookie mog\u0105 by\u0107 r\u00f3wnie\u017c wykorzystywane do odzwierciedlania zmian wprowadzonych przez u\u017cytkownika w rozmiarze tekstu, czcionkach i innych konfigurowalnych elementach stron internetowych.<\/p>\n\n\n\n<p><strong>Analityczne pliki cookie:<\/strong> Analityczne pliki cookie pomagaj\u0105 nam zrozumie\u0107, w jaki spos\u00f3b odwiedzaj\u0105cy wchodz\u0105 w interakcj\u0119 z nasz\u0105 witryn\u0105, gromadz\u0105c i raportuj\u0105c informacje anonimowo. U\u017cywamy tych informacji do ulepszania naszej strony internetowej i us\u0142ug. Mo\u017cemy korzysta\u0107 z narz\u0119dzi analitycznych stron trzecich, kt\u00f3re ustawiaj\u0105 swoje pliki cookie, aby zapewni\u0107 nam te spostrze\u017cenia.<\/p>\n\n\n\n<p><strong>Reklamowe pliki cookie:<\/strong> Reklamowe pliki cookie dostarczaj\u0105 reklamy dopasowane do u\u017cytkownika i jego zainteresowa\u0144. S\u0142u\u017c\u0105 one r\u00f3wnie\u017c do ograniczania liczby wy\u015bwietle\u0144 reklamy i pomagaj\u0105 mierzy\u0107 skuteczno\u015b\u0107 kampanii reklamowych. Te pliki cookie s\u0105 zazwyczaj umieszczane przez sieci reklamowe za zgod\u0105 operatora witryny.<\/p>\n\n\n\n<p><strong>Pliki cookie medi\u00f3w spo\u0142eczno\u015bciowych:<\/strong> Pliki cookie medi\u00f3w spo\u0142eczno\u015bciowych s\u0105 ustawiane przez szereg us\u0142ug medi\u00f3w spo\u0142eczno\u015bciowych, kt\u00f3re dodali\u015bmy do naszej witryny, aby umo\u017cliwi\u0107 u\u017cytkownikowi udost\u0119pnianie naszych tre\u015bci znajomym i sieciom. Mog\u0105 one \u015bledzi\u0107 przegl\u0105dark\u0119 u\u017cytkownika w innych witrynach i tworzy\u0107 profil jego zainteresowa\u0144. Mo\u017ce to mie\u0107 wp\u0142yw na tre\u015bci i wiadomo\u015bci wy\u015bwietlane na innych stronach internetowych.<\/p>\n\n\n\n<p><strong>Pliki cookie stron trzecich:<\/strong> Niekt\u00f3re strony w naszej witrynie mog\u0105 zawiera\u0107 pliki cookie stron trzecich, kt\u00f3re ustawiaj\u0105 inne organizacje, takie jak dostawcy us\u0142ug analitycznych lub reklamodawcy. Nie mamy kontroli nad tymi plikami cookie, kt\u00f3re podlegaj\u0105 polityce prywatno\u015bci stron trzecich, kt\u00f3re je opracowa\u0142y.<\/p>\n\n\n\n<p><strong>Pliki cookie sesji:<\/strong> Sesyjne pliki cookie s\u0105 tymczasowe i s\u0105 usuwane z urz\u0105dzenia po zako\u0144czeniu sesji przegl\u0105dania. S\u0105 one niezb\u0119dne do sprawnego dzia\u0142ania naszej strony internetowej.<\/p>\n\n\n\n<p><strong>Trwa\u0142e pliki cookie:<\/strong> Trwa\u0142e pliki cookie pozostaj\u0105 na urz\u0105dzeniu u\u017cytkownika przez czas okre\u015blony w pliku cookie i s\u0105 ponownie aktywowane za ka\u017cdym razem, gdy u\u017cytkownik odwiedza witryn\u0119, kt\u00f3ra je umie\u015bci\u0142a.<br>Nale\u017cy pami\u0119ta\u0107, \u017ce zablokowanie niekt\u00f3rych plik\u00f3w cookie mo\u017ce mie\u0107 wp\u0142yw na korzystanie z naszej witryny. Preferencjami dotycz\u0105cymi plik\u00f3w cookie mo\u017cna zarz\u0105dza\u0107 za pomoc\u0105 ustawie\u0144 przegl\u0105darki internetowej. Zapoznaj si\u0119 z nasz\u0105 sekcj\u0105 \"Ustawienia plik\u00f3w cookie\", aby dowiedzie\u0107 si\u0119, jak dostosowa\u0107 swoje preferencje.<\/p>\n\n\n\n<h3 class=\"wp-block-heading\">Sygna\u0142y Do Not Track (DNT)<\/h3>\n\n\n\n<p>\"Do Not Track\" to funkcja przegl\u0105darki, kt\u00f3ra pozwala u\u017cytkownikom zrezygnowa\u0107 ze \u015bledzenia przez strony internetowe, kt\u00f3rych nie odwiedzaj\u0105, w tym us\u0142ugi analityczne, sieci reklamowe i platformy spo\u0142eczno\u015bciowe. Gdy u\u017cytkownik w\u0142\u0105cza funkcj\u0119 DNT w swojej przegl\u0105darce internetowej, wysy\u0142a sygna\u0142 do stron internetowych, do kt\u00f3rych uzyskuje dost\u0119p, wskazuj\u0105c, \u017ce nie chce by\u0107 \u015bledzony. DNT jest jednak preferencj\u0105, a nie mandatem, a jego skuteczno\u015b\u0107 zale\u017cy od odpowiedzi operator\u00f3w witryn internetowych.<br><br>W Innosphere szanujemy decyzje naszych u\u017cytkownik\u00f3w dotycz\u0105ce prywatno\u015bci. Chocia\u017c DNT jest cennym narz\u0119dziem dla u\u017cytkownik\u00f3w dbaj\u0105cych o prywatno\u015b\u0107, wa\u017cne jest, aby pami\u0119ta\u0107, \u017ce obecnie nie ma standardu reguluj\u0105cego spos\u00f3b, w jaki strony internetowe powinny reagowa\u0107 na sygna\u0142y DNT. W rezultacie zdecydowali\u015bmy si\u0119 przyj\u0105\u0107 nast\u0119puj\u0105ce podej\u015bcie:<br><br>Odpowied\u017a na sygna\u0142y DNT:<\/p>\n\n\n\n<ul class=\"wp-block-list\">\n<li>Honorowanie sygna\u0142\u00f3w DNT: Innosphere honoruje sygna\u0142y DNT. Gdy wykryjemy sygna\u0142 DNT z przegl\u0105darki u\u017cytkownika, ograniczymy gromadzenie danych w spos\u00f3b opisany w naszej Polityce prywatno\u015bci. Mo\u017ce to mie\u0107 wp\u0142yw na funkcjonalno\u015b\u0107 i personalizacj\u0119 niekt\u00f3rych cz\u0119\u015bci naszej strony internetowej.<br><\/li>\n\n\n\n<li>Spersonalizowane do\u015bwiadczenie: Domy\u015blnie Innosphere zapewnia spersonalizowane do\u015bwiadczenie w celu zwi\u0119kszenia interakcji u\u017cytkownika z nasz\u0105 stron\u0105 internetow\u0105. Je\u015bli u\u017cytkownik w\u0142\u0105czy DNT, jego do\u015bwiadczenie mo\u017ce by\u0107 mniej spersonalizowane, poniewa\u017c nie b\u0119dziemy \u015bledzi\u0107 jego aktywno\u015bci w celach analitycznych, reklamowych lub innych.<br><\/li>\n\n\n\n<li>Us\u0142ugi stron trzecich: Szanujemy preferencje u\u017cytkownika dotycz\u0105ce DNT w naszej witrynie internetowej, jednak us\u0142ugi stron trzecich lub witryny internetowe, do kt\u00f3rych \u0142\u0105cza znajduj\u0105 si\u0119 w naszej witrynie, mog\u0105 mie\u0107 inne zasady. Zalecamy zapoznanie si\u0119 z ich polityk\u0105 prywatno\u015bci, aby zrozumie\u0107 ich reakcj\u0119 na sygna\u0142y DNT.<\/li>\n<\/ul>\n\n\n\n<p>Nale\u017cy pami\u0119ta\u0107, \u017ce DNT nie jest uniwersaln\u0105 gwarancj\u0105 prywatno\u015bci; skuteczno\u015b\u0107 tej funkcji zale\u017cy od tego, czy strony internetowe i us\u0142ugi odpowiednio reaguj\u0105. W zwi\u0105zku z tym u\u017cytkownicy powinni zachowa\u0107 ostro\u017cno\u015b\u0107 i zapozna\u0107 si\u0119 z polityk\u0105 prywatno\u015bci poszczeg\u00f3lnych stron internetowych, zw\u0142aszcza tych, do kt\u00f3rych prowadz\u0105 linki ze strony Innosphere.<\/p>\n\n\n\n<h3 class=\"wp-block-heading\">Jak wykorzystujemy pliki cookie<\/h3>\n\n\n\n<p>Innosphere wykorzystuje pliki cookie do nast\u0119puj\u0105cych cel\u00f3w:<\/p>\n\n\n\n<ul class=\"wp-block-list\">\n<li>Niezb\u0119dne pliki cookie: Te pliki cookie s\u0105 niezb\u0119dne do prawid\u0142owego dzia\u0142ania witryny. Umo\u017cliwiaj\u0105 one podstawowe funkcje, takie jak nawigacja po stronie, dost\u0119p do bezpiecznych obszar\u00f3w i przesy\u0142anie formularzy.<br><\/li>\n\n\n\n<li>Analityczne\/wydajno\u015bciowe pliki cookie: Te pliki cookie pomagaj\u0105 nam zrozumie\u0107, w jaki spos\u00f3b odwiedzaj\u0105cy wchodz\u0105 w interakcj\u0119 z nasz\u0105 witryn\u0105. Gromadz\u0105 one informacje o tym, kt\u00f3re strony s\u0105 najcz\u0119\u015bciej odwiedzane oraz o wszelkich otrzymanych komunikatach o b\u0142\u0119dach.<br><\/li>\n\n\n\n<li>Funkcjonalne pliki cookie: Te pliki cookie pozwalaj\u0105 witrynie zapami\u0119ta\u0107 wybory dokonane przez u\u017cytkownika (takie jak nazwa u\u017cytkownika, j\u0119zyk lub region, w kt\u00f3rym si\u0119 znajduje) i zapewniaj\u0105 ulepszone, bardziej spersonalizowane funkcje.<br><\/li>\n\n\n\n<li>Targetuj\u0105ce\/reklamowe pliki cookie: Te pliki cookie wy\u015bwietlaj\u0105 reklamy dopasowane do u\u017cytkownika i jego zainteresowa\u0144. S\u0142u\u017c\u0105 one r\u00f3wnie\u017c do ograniczania liczby wy\u015bwietle\u0144 reklamy i pomagaj\u0105 mierzy\u0107 skuteczno\u015b\u0107 kampanii reklamowych.<\/li>\n<\/ul>\n\n\n\n<h3 class=\"wp-block-heading\">Pliki cookie stron trzecich<\/h3>\n\n\n\n<p>Innosphere mo\u017ce r\u00f3wnie\u017c korzysta\u0107 z us\u0142ug stron trzecich, takich jak Google Analytics i platformy medi\u00f3w spo\u0142eczno\u015bciowych, kt\u00f3re mog\u0105 wykorzystywa\u0107 pliki cookie w ramach swoich us\u0142ug. Nie mamy kontroli nad tymi plikami cookie. Aby uzyska\u0107 wi\u0119cej informacji, nale\u017cy zapozna\u0107 si\u0119 z polityk\u0105 prywatno\u015bci tych us\u0142ug.<br>Jak zarz\u0105dza\u0107 plikami cookie<br><br>Preferencjami dotycz\u0105cymi plik\u00f3w cookie mo\u017cna zarz\u0105dza\u0107 w ustawieniach przegl\u0105darki. Wi\u0119kszo\u015b\u0107 przegl\u0105darek umo\u017cliwia blokowanie lub usuwanie plik\u00f3w cookie. Je\u015bli jednak to zrobisz, mo\u017ce by\u0107 konieczne dostosowanie preferencji za ka\u017cdym razem, gdy odwiedzasz witryn\u0119, a niekt\u00f3re us\u0142ugi i funkcje mog\u0105 nie dzia\u0142a\u0107.<\/p>\n\n\n\n<h3 class=\"wp-block-heading\">Aktualizacje niniejszej polityki dotycz\u0105cej plik\u00f3w cookie<\/h3>\n\n\n\n<p>Od czasu do czasu mo\u017cemy aktualizowa\u0107 niniejsz\u0105 Polityk\u0119 plik\u00f3w cookie, aby odzwierciedli\u0107 zmiany w korzystaniu przez nas z plik\u00f3w cookie. Gdy to zrobimy, zaktualizujemy dat\u0119 \"Ostatnia aktualizacja\" na pocz\u0105tku niniejszej polityki. Zalecamy okresowe zapoznawanie si\u0119 z niniejszymi zasadami, aby by\u0107 na bie\u017c\u0105co z tym, w jaki spos\u00f3b wykorzystujemy pliki cookie.<\/p>\n\n\n\n<h3 class=\"wp-block-heading\">Kontakt<\/h3>\n\n\n\n<p>W przypadku jakichkolwiek pyta\u0144 dotycz\u0105cych naszej Polityki plik\u00f3w cookie prosimy o kontakt:<\/p>\n\n\n\n<ul class=\"wp-block-list\">\n<li>przez e-mail - <a href=\"mailto:support@innosphere.io\">support@innosphere.io<\/a><\/li>\n\n\n\n<li>przez telefon - <a href=\"tel: 48573569092\">+48573569092<\/a><\/li>\n\n\n\n<li>za po\u015brednictwem strony internetowej - <a href=\"https:\/\/innosphere.io\/pl\/contact\/&nbsp;\/\">https:\/\/innosphere.io\/contact\/&nbsp;<\/a><\/li>\n<\/ul>","protected":false},"excerpt":{"rendered":"<p>Welcome to Innosphere. This Cookie Policy explains how we use cookies and similar technologies on our website. By continuing to use our website, you consent to using cookies and similar technologies as described in this policy. If you disagree with our use of cookies, you should set your browser accordingly or discontinue using Innosphere&#8217;s website. [&hellip;]<\/p>","protected":false},"author":1,"featured_media":0,"parent":0,"menu_order":0,"comment_status":"closed","ping_status":"closed","template":"template-page\/policy-template.php","meta":{"_acf_changed":false,"inline_featured_image":false,"footnotes":""},"class_list":["post-232","page","type-page","status-publish","hentry"],"acf":[],"yoast_head":"<!-- This site is optimized with the Yoast SEO plugin v21.4 - https:\/\/yoast.com\/wordpress\/plugins\/seo\/ -->\n<title>Cookie Policy - Innosphere<\/title>\n<meta name=\"robots\" content=\"noindex, follow, max-snippet:-1, max-image-preview:large, max-video-preview:-1\" \/>\n<meta property=\"og:locale\" content=\"pl_PL\" \/>\n<meta property=\"og:type\" content=\"article\" \/>\n<meta property=\"og:title\" content=\"Cookie Policy - Innosphere\" \/>\n<meta property=\"og:description\" content=\"Welcome to Innosphere. This Cookie Policy explains how we use cookies and similar technologies on our website. By continuing to use our website, you consent to using cookies and similar technologies as described in this policy. If you disagree with our use of cookies, you should set your browser accordingly or discontinue using Innosphere&#8217;s website. [&hellip;]\" \/>\n<meta property=\"og:url\" content=\"https:\/\/innosphere.io\/pl\/cookie-policy\/\" \/>\n<meta property=\"og:site_name\" content=\"Innosphere\" \/>\n<meta property=\"article:modified_time\" content=\"2023-11-10T16:56:02+00:00\" \/>\n<meta name=\"twitter:card\" content=\"summary_large_image\" \/>\n<script type=\"application\/ld+json\" class=\"yoast-schema-graph\">{\"@context\":\"https:\/\/schema.org\",\"@graph\":[{\"@type\":\"WebPage\",\"@id\":\"https:\/\/innosphere.io\/cookie-policy\/\",\"url\":\"https:\/\/innosphere.io\/cookie-policy\/\",\"name\":\"Cookie Policy - Innosphere\",\"isPartOf\":{\"@id\":\"https:\/\/innosphere.io\/#website\"},\"datePublished\":\"2023-11-10T15:40:59+00:00\",\"dateModified\":\"2023-11-10T16:56:02+00:00\",\"breadcrumb\":{\"@id\":\"https:\/\/innosphere.io\/cookie-policy\/#breadcrumb\"},\"inLanguage\":\"pl-PL\",\"potentialAction\":[{\"@type\":\"ReadAction\",\"target\":[\"https:\/\/innosphere.io\/cookie-policy\/\"]}]},{\"@type\":\"BreadcrumbList\",\"@id\":\"https:\/\/innosphere.io\/cookie-policy\/#breadcrumb\",\"itemListElement\":[{\"@type\":\"ListItem\",\"position\":1,\"name\":\"Home\",\"item\":\"https:\/\/innosphere.io\/\"},{\"@type\":\"ListItem\",\"position\":2,\"name\":\"Cookie Policy\"}]},{\"@type\":\"WebSite\",\"@id\":\"https:\/\/innosphere.io\/#website\",\"url\":\"https:\/\/innosphere.io\/\",\"name\":\"Innosphere\",\"description\":\"\",\"publisher\":{\"@id\":\"https:\/\/innosphere.io\/#organization\"},\"potentialAction\":[{\"@type\":\"SearchAction\",\"target\":{\"@type\":\"EntryPoint\",\"urlTemplate\":\"https:\/\/innosphere.io\/?s={search_term_string}\"},\"query-input\":\"required name=search_term_string\"}],\"inLanguage\":\"pl-PL\"},{\"@type\":\"Organization\",\"@id\":\"https:\/\/innosphere.io\/#organization\",\"name\":\"Innosphere\",\"url\":\"https:\/\/innosphere.io\/\",\"logo\":{\"@type\":\"ImageObject\",\"inLanguage\":\"pl-PL\",\"@id\":\"https:\/\/innosphere.io\/#\/schema\/logo\/image\/\",\"url\":\"https:\/\/innosphere.io\/wp-content\/uploads\/2023\/10\/Logo-innosphere.svg\",\"contentUrl\":\"https:\/\/innosphere.io\/wp-content\/uploads\/2023\/10\/Logo-innosphere.svg\",\"width\":506,\"height\":107,\"caption\":\"Innosphere\"},\"image\":{\"@id\":\"https:\/\/innosphere.io\/#\/schema\/logo\/image\/\"}}]}<\/script>\n<!-- \/ Yoast SEO plugin. -->","yoast_head_json":{"title":"Cookie Policy - Innosphere","robots":{"index":"noindex","follow":"follow","max-snippet":"max-snippet:-1","max-image-preview":"max-image-preview:large","max-video-preview":"max-video-preview:-1"},"og_locale":"pl_PL","og_type":"article","og_title":"Cookie Policy - Innosphere","og_description":"Welcome to Innosphere. This Cookie Policy explains how we use cookies and similar technologies on our website. By continuing to use our website, you consent to using cookies and similar technologies as described in this policy. If you disagree with our use of cookies, you should set your browser accordingly or discontinue using Innosphere&#8217;s website. [&hellip;]","og_url":"https:\/\/innosphere.io\/pl\/cookie-policy\/","og_site_name":"Innosphere","article_modified_time":"2023-11-10T16:56:02+00:00","twitter_card":"summary_large_image","schema":{"@context":"https:\/\/schema.org","@graph":[{"@type":"WebPage","@id":"https:\/\/innosphere.io\/cookie-policy\/","url":"https:\/\/innosphere.io\/cookie-policy\/","name":"Cookie Policy - Innosphere","isPartOf":{"@id":"https:\/\/innosphere.io\/#website"},"datePublished":"2023-11-10T15:40:59+00:00","dateModified":"2023-11-10T16:56:02+00:00","breadcrumb":{"@id":"https:\/\/innosphere.io\/cookie-policy\/#breadcrumb"},"inLanguage":"pl-PL","potentialAction":[{"@type":"ReadAction","target":["https:\/\/innosphere.io\/cookie-policy\/"]}]},{"@type":"BreadcrumbList","@id":"https:\/\/innosphere.io\/cookie-policy\/#breadcrumb","itemListElement":[{"@type":"ListItem","position":1,"name":"Home","item":"https:\/\/innosphere.io\/"},{"@type":"ListItem","position":2,"name":"Cookie Policy"}]},{"@type":"WebSite","@id":"https:\/\/innosphere.io\/#website","url":"https:\/\/innosphere.io\/","name":"Innosphere","description":"","publisher":{"@id":"https:\/\/innosphere.io\/#organization"},"potentialAction":[{"@type":"SearchAction","target":{"@type":"EntryPoint","urlTemplate":"https:\/\/innosphere.io\/?s={search_term_string}"},"query-input":"required name=search_term_string"}],"inLanguage":"pl-PL"},{"@type":"Organization","@id":"https:\/\/innosphere.io\/#organization","name":"Innosphere","url":"https:\/\/innosphere.io\/","logo":{"@type":"ImageObject","inLanguage":"pl-PL","@id":"https:\/\/innosphere.io\/#\/schema\/logo\/image\/","url":"https:\/\/innosphere.io\/wp-content\/uploads\/2023\/10\/Logo-innosphere.svg","contentUrl":"https:\/\/innosphere.io\/wp-content\/uploads\/2023\/10\/Logo-innosphere.svg","width":506,"height":107,"caption":"Innosphere"},"image":{"@id":"https:\/\/innosphere.io\/#\/schema\/logo\/image\/"}}]}},"_links":{"self":[{"href":"https:\/\/innosphere.io\/pl\/wp-json\/wp\/v2\/pages\/232","targetHints":{"allow":["GET"]}}],"collection":[{"href":"https:\/\/innosphere.io\/pl\/wp-json\/wp\/v2\/pages"}],"about":[{"href":"https:\/\/innosphere.io\/pl\/wp-json\/wp\/v2\/types\/page"}],"author":[{"embeddable":true,"href":"https:\/\/innosphere.io\/pl\/wp-json\/wp\/v2\/users\/1"}],"replies":[{"embeddable":true,"href":"https:\/\/innosphere.io\/pl\/wp-json\/wp\/v2\/comments?post=232"}],"version-history":[{"count":3,"href":"https:\/\/innosphere.io\/pl\/wp-json\/wp\/v2\/pages\/232\/revisions"}],"predecessor-version":[{"id":273,"href":"https:\/\/innosphere.io\/pl\/wp-json\/wp\/v2\/pages\/232\/revisions\/273"}],"wp:attachment":[{"href":"https:\/\/innosphere.io\/pl\/wp-json\/wp\/v2\/media?parent=232"}],"curies":[{"name":"wp","href":"https:\/\/api.w.org\/{rel}","templated":true}]}}