{"id":238,"date":"2023-11-10T18:46:42","date_gmt":"2023-11-10T15:46:42","guid":{"rendered":"https:\/\/innosphere.io\/?page_id=238"},"modified":"2023-11-10T19:07:52","modified_gmt":"2023-11-10T16:07:52","slug":"terms-and-conditions","status":"publish","type":"page","link":"https:\/\/innosphere.io\/pl\/terms-and-conditions\/","title":{"rendered":"Zasady i warunki"},"content":{"rendered":"<p>Niniejsze Warunki (\"Warunki\") maj\u0105 zastosowanie do korzystania z witryny internetowej nale\u017c\u0105cej do Moongate holding Sp. z O.O., adres siedziby: ul. Chodakowska, nr 53\/57, lok. 22A, Warszawa, 03-816, Polska, adres operacyjny: ul. Ry\u017cowa, Nr 33A, 02-495 Warszawa, Polska<br>\u00a0i znajduje si\u0119 pod adresem <a href=\"https:\/\/innosphere.io\/pl\/\">https:\/\/innosphere.io\/<\/a>. Korzystaj\u0105c z witryny, u\u017cytkownik wyra\u017ca zgod\u0119 na te warunki. Je\u015bli si\u0119 z nimi nie zgadzasz, nie korzystaj z witryny.<br><br>Je\u015bli u\u017cytkownik przestrzega niniejszych Warunk\u00f3w, Innosphere przyznaje mu osobiste, niewy\u0142\u0105czne, niezbywalne, ograniczone prawo do wej\u015bcia na Stron\u0119 i korzystania z niej. Innosphere zastrzega sobie wy\u0142\u0105czne prawo, w dowolnym czasie i wed\u0142ug w\u0142asnego uznania, do zmiany, modyfikacji, dodawania lub usuwania cz\u0119\u015bci niniejszego Regulaminu. Obowi\u0105zkiem u\u017cytkownika jest okresowe sprawdzanie niniejszych Warunk\u00f3w pod k\u0105tem zmian. Dalsze korzystanie z Witryny po wprowadzeniu takich zmian oznacza potwierdzenie i akceptacj\u0119 nowych Warunk\u00f3w.<br><br>Innosphere zastrzega sobie r\u00f3wnie\u017c prawo do wykonania dowolnej z poni\u017cszych czynno\u015bci w dowolnym czasie i bez powiadomienia:\u00a0<\/p>\n\n\n\n<ul class=\"list-two wp-block-list\">\n<li>Modyfikowa\u0107, zawiesza\u0107 lub ko\u0144czy\u0107 dzia\u0142anie lub dost\u0119p do Witryny lub jakiejkolwiek jej cz\u0119\u015bci z dowolnego powodu;<br><\/li>\n\n\n\n<li>Modyfikowanie lub zmienianie Witryny lub dowolnej jej cz\u0119\u015bci oraz wszelkich obowi\u0105zuj\u0105cych zasad lub warunk\u00f3w; oraz\u00a0<br><\/li>\n\n\n\n<li>Przerwanie dzia\u0142ania Witryny lub jakiejkolwiek jej cz\u0119\u015bci w celu przeprowadzenia rutynowej lub nierutynowe konserwacji, korekty b\u0142\u0119d\u00f3w lub innych zmian.<\/li>\n<\/ul>\n\n\n\n<p>Innosphere zastrzega sobie wszelkie prawa, kt\u00f3re nie zosta\u0142y wyra\u017anie przyznane w niniejszym dokumencie. Opr\u00f3cz niniejszych Warunk\u00f3w, korzystanie ze strony internetowej Innosphere w celach informacyjnych podlega zasadom i wytycznym reguluj\u0105cym takie korzystanie, kt\u00f3re s\u0105 w\u0142\u0105czone do niniejszego dokumentu przez odniesienie.<\/p>\n\n\n\n<h3 class=\"wp-block-heading\">Og\u00f3lne postanowienia dotycz\u0105ce u\u017cytkowania\u00a0<\/h3>\n\n\n\n<p>Wszystkie tre\u015bci i materia\u0142y udost\u0119pniane w Witrynie, w tym mi\u0119dzy innymi informacje, dokumenty, teksty, us\u0142ugi, logo, grafika, zdj\u0119cia, d\u017awi\u0119ki, obrazy, filmy, znaki towarowe, interfejsy, muzyka, oprogramowanie, kod komputerowy, interfejsy u\u017cytkownika, interfejsy wizualne oraz projekt, uk\u0142ad, wyb\u00f3r, ekspresja i og\u00f3lny \"wygl\u0105d i spos\u00f3b dzia\u0142ania\" Witryny (zwane \u0142\u0105cznie \"Tre\u015bci\u0105\"), s\u0105 w\u0142asno\u015bci\u0105, s\u0105 kontrolowane lub licencjonowane przez lub na rzecz Innosphere, jej podmiot\u00f3w stowarzyszonych lub zale\u017cnych lub jej zewn\u0119trznych producent\u00f3w, autor\u00f3w, programist\u00f3w i sprzedawc\u00f3w (zwanych \u0142\u0105cznie \"Dostawcami zewn\u0119trznymi\").\u00a0<br><br>Jakiekolwiek nieautoryzowane wykorzystanie tre\u015bci mo\u017ce narusza\u0107 prawa w\u0142asno\u015bci intelektualnej i nieuczciwej konkurencji, w tym mi\u0119dzy innymi prawa autorskie, znaki towarowe, prywatno\u015b\u0107, prawa do wizerunku i przepisy dotycz\u0105ce komunikacji.<br><br>Z wyj\u0105tkiem przypadk\u00f3w wyra\u017anie okre\u015blonych w niniejszych Warunkach lub dozwolonych na mocy formalnej umowy z firm\u0105 Innosphere, \u017cadna cz\u0119\u015b\u0107 tre\u015bci nie mo\u017ce by\u0107 kopiowana, powielana, ponownie publikowana, rozpowszechniana, pobierana, przesy\u0142ana, publikowana, wy\u015bwietlana, kodowana, t\u0142umaczona lub przesy\u0142ana w jakiejkolwiek formie lub w jakikolwiek spos\u00f3b bez uprzedniej wyra\u017anej pisemnej zgody firmy Innosphere.<br><br>O ile Innosphere wyra\u017anie nie postanowi inaczej, \u017cadne z postanowie\u0144 niniejszej Witryny nie b\u0119dzie interpretowane jako przyznanie jakiejkolwiek licencji, oferty licencyjnej lub sprzeda\u017cy w ramach jakichkolwiek praw w\u0142asno\u015bci intelektualnej Innosphere lub jakiegokolwiek Dostawcy Zewn\u0119trznego, czy to w drodze estoppel, domniemania, czy w inny spos\u00f3b. U\u017cytkownik ponosi wy\u0142\u0105czn\u0105 odpowiedzialno\u015b\u0107 za uzyskanie takich licencji. W przypadku jakichkolwiek pyta\u0144 dotycz\u0105cych uzyskania takich licencji, nale\u017cy zapozna\u0107 si\u0119 z poni\u017cszymi danymi kontaktowymi. Materia\u0142y internetowe dostarczane przez Dostawc\u00f3w Zewn\u0119trznych nie zosta\u0142y niezale\u017cnie sprawdzone, przetestowane, certyfikowane lub uwierzytelnione w ca\u0142o\u015bci lub w cz\u0119\u015bci przez Innosphere. W zwi\u0105zku z tym Innosphere nie udziela \u017cadnych gwarancji w tym zakresie.<br><br>U\u017cytkownik mo\u017ce korzysta\u0107 z materia\u0142\u00f3w informacyjnych dotycz\u0105cych produkt\u00f3w i us\u0142ug Innosphere, kt\u00f3re firma Innosphere specjalnie udost\u0119pni\u0142a do pobrania ze Strony internetowej (takich jak arkusze danych, bia\u0142e ksi\u0119gi i podobne materia\u0142y) na nast\u0119puj\u0105cych warunkach:\u00a0<\/p>\n\n\n\n<ul class=\"list-two wp-block-list\">\n<li>U\u017cytkownik nie mo\u017ce w \u017caden spos\u00f3b modyfikowa\u0107 materia\u0142\u00f3w;\u00a0<br><\/li>\n\n\n\n<li>Zar\u00f3wno informacja o prawach autorskich, jak i niniejsza informacja o zezwoleniu pojawiaj\u0105 si\u0119 w materia\u0142ach i\u00a0<br><\/li>\n\n\n\n<li>Materia\u0142y s\u0105 wykorzystywane wy\u0142\u0105cznie do cel\u00f3w osobistych, niekomercyjnych i informacyjnych. Nie b\u0119d\u0105 one kopiowane ani publikowane na \u017cadnym komputerze pod\u0142\u0105czonym do sieci, transmitowane w \u017cadnych mediach ani wykorzystywane w celach komercyjnych. Zezwolenie to wygasa automatycznie bez powiadomienia w przypadku naruszenia kt\u00f3regokolwiek z niniejszych Warunk\u00f3w.<\/li>\n<\/ul>\n\n\n\n<p>Poni\u017cej znajduje si\u0119 niewy\u0142\u0105czna lista dzia\u0142a\u0144, kt\u00f3rych Innosphere wyra\u017anie zabrania:<\/p>\n\n\n\n<ul class=\"list-two wp-block-list\">\n<li class=\"list-two\">Uzyskanie lub pr\u00f3ba uzyskania nieautoryzowanego dost\u0119pu do Witryny (lub jakiejkolwiek jej cz\u0119\u015bci), do jakiegokolwiek oprogramowania lub us\u0142ug prezentowanych w Witrynie lub do jakichkolwiek system\u00f3w lub sieci po\u0142\u0105czonych z Witryn\u0105 lub serwerami Innosphere;\u00a0<br><\/li>\n\n\n\n<li class=\"list-two\">Uzyskiwanie lub podejmowanie pr\u00f3b uzyskania jakichkolwiek Tre\u015bci lub zastrze\u017conych materia\u0142\u00f3w Innosphere w jakikolwiek spos\u00f3b, kt\u00f3ry nie zosta\u0142 wyra\u017anie udost\u0119pniony przez Innosphere;\u00a0<br><\/li>\n\n\n\n<li>Zak\u0142\u00f3canie lub pr\u00f3by zak\u0142\u00f3cania funkcjonalno\u015bci lub korzystania z Witryny przez inne osoby;\u00a0<br><\/li>\n\n\n\n<li class=\"list-two\">Sondowanie, ocenianie lub testowanie s\u0142abych punkt\u00f3w Witryny lub pr\u00f3by naruszenia jej \u015brodk\u00f3w bezpiecze\u0144stwa;\u00a0<br><\/li>\n\n\n\n<li class=\"list-two\">Pr\u00f3by uzyskania nieautoryzowanego dost\u0119pu do jakiejkolwiek cz\u0119\u015bci lub funkcji Strony internetowej lub jakichkolwiek innych system\u00f3w lub sieci po\u0142\u0105czonych ze Stron\u0105 internetow\u0105 lub jakimkolwiek serwerem Innosphere, lub jakichkolwiek produkt\u00f3w lub us\u0142ug oferowanych na Stronie internetowej lub za jej po\u015brednictwem, poprzez hakowanie, \"wydobywanie\" hase\u0142 lub w jakikolwiek inny nielegalny spos\u00f3b;\u00a0<br><\/li>\n\n\n\n<li class=\"list-two\">U\u017cywanie jakiegokolwiek \"deep-link\", \"page-scrape\", \"robota\", \"paj\u0105ka\" lub innego automatycznego urz\u0105dzenia, bota, programu, algorytmu lub metodologii, lub jakiegokolwiek podobnego lub r\u00f3wnowa\u017cnego procesu w celu uzyskania dost\u0119pu, pozyskania, kopiowania lub monitorowania jakiejkolwiek cz\u0119\u015bci Witryny lub jakiejkolwiek Tre\u015bci;\u00a0<br><\/li>\n\n\n\n<li class=\"list-two\">Podejmowanie jakichkolwiek dzia\u0142a\u0144 powoduj\u0105cych nieuzasadnione lub nieproporcjonalnie du\u017ce obci\u0105\u017cenie infrastruktury Witryny lub serwer\u00f3w, system\u00f3w lub sieci Innosphere, lub jakichkolwiek system\u00f3w lub sieci po\u0142\u0105czonych z Witryn\u0105 lub Innosphere;\u00a0<br><\/li>\n\n\n\n<li class=\"list-two\">Korzystanie z Witryny lub Tre\u015bci w celach niezgodnych z prawem lub nak\u0142anianie do dzia\u0142a\u0144 nielegalnych lub naruszaj\u0105cych prawo;\u00a0<br><\/li>\n\n\n\n<li class=\"list-two\">U\u017cywanie, eksportowanie lub reeksportowanie tre\u015bci narusza obowi\u0105zuj\u0105ce przepisy prawa lub regulacje, w tym mi\u0119dzy innymi przepisy eksportowe.<\/li>\n<\/ul>\n\n\n\n<h3 class=\"wp-block-heading\">Naruszenie warunk\u00f3w u\u017cytkowania\u00a0<\/h3>\n\n\n\n<p>Korzystaj\u0105c z niniejszej Witryny, u\u017cytkownik wyra\u017ca zgod\u0119 na to, \u017ce Innosphere mo\u017ce, w dowolnym czasie i wed\u0142ug w\u0142asnego uznania, zako\u0144czy\u0107 i zablokowa\u0107 bie\u017c\u0105cy i\/lub przysz\u0142y dost\u0119p u\u017cytkownika do Witryny, je\u015bli Innosphere stwierdzi, \u017ce u\u017cytkownik naruszy\u0142 niniejsze Warunki lub jakiekolwiek inne umowy lub wytyczne Innosphere, kt\u00f3re mog\u0105 by\u0107 zwi\u0105zane z korzystaniem z Witryny przez u\u017cytkownika.\u00a0<br><br>Ponadto u\u017cytkownik zgadza si\u0119, \u017ce naruszenie przez niego Warunk\u00f3w b\u0119dzie stanowi\u0107 niezgodne z prawem i nieuczciwe praktyki biznesowe oraz spowoduje nieodwracalne szkody dla Innosphere, w przypadku kt\u00f3rych odszkodowanie pieni\u0119\u017cne by\u0142oby nieadekwatne.\u00a0<br><br>Ponadto u\u017cytkownik wyra\u017ca zgod\u0119 na uzyskanie przez Innosphere wszelkich nakaz\u00f3w s\u0105dowych lub godziwych zado\u015b\u0107uczynie\u0144, kt\u00f3re uzna za stosowne lub konieczne w danych okoliczno\u015bciach. Powy\u017csze \u015brodki zaradcze stanowi\u0105 uzupe\u0142nienie wszelkich innych \u015brodk\u00f3w zaradczych, kt\u00f3re mog\u0105 przys\u0142ugiwa\u0107 Innosphere na mocy prawa lub na zasadzie s\u0142uszno\u015bci.<br><br>U\u017cytkownik zgadza si\u0119, \u017ce Innosphere mo\u017ce, wed\u0142ug w\u0142asnego uznania i bez wcze\u015bniejszego powiadomienia, zako\u0144czy\u0107 dost\u0119p u\u017cytkownika do Strony internetowej z podaniem przyczyny, kt\u00f3ra obejmuje (ale nie ogranicza si\u0119 do):<\/p>\n\n\n\n<ul class=\"list-two wp-block-list\">\n<li class=\"list-two\">wnioski organ\u00f3w \u015bcigania lub innych agencji rz\u0105dowych<br><\/li>\n\n\n\n<li class=\"list-two\">\u017c\u0105danie u\u017cytkownika (usuni\u0119cie konta z w\u0142asnej inicjatywy);<br><\/li>\n\n\n\n<li>(3) zaprzestania \u015bwiadczenia lub istotnej modyfikacji Witryny lub jakiejkolwiek us\u0142ugi oferowanej w Witrynie lub za jej po\u015brednictwem, lub (4) nieoczekiwanych kwestii lub problem\u00f3w technicznych.<\/li>\n<\/ul>\n\n\n\n<p>Je\u015bli Innosphere podejmie jakiekolwiek dzia\u0142ania prawne przeciwko u\u017cytkownikowi w wyniku naruszenia przez niego niniejszych Warunk\u00f3w, Innosphere b\u0119dzie uprawniona do odzyskania od u\u017cytkownika, a u\u017cytkownik zgadza si\u0119 pokry\u0107 wszelkie uzasadnione koszty obs\u0142ugi prawnej i koszty takich dzia\u0142a\u0144, opr\u00f3cz wszelkich innych zado\u015b\u0107uczynie\u0144 przyznanych Innosphere. U\u017cytkownik zgadza si\u0119, \u017ce Innosphere nie b\u0119dzie ponosi\u0107 odpowiedzialno\u015bci wobec u\u017cytkownika ani \u017cadnej strony trzeciej za uniemo\u017cliwienie u\u017cytkownikowi dost\u0119pu do Witryny w wyniku naruszenia niniejszych Warunk\u00f3w.<br><br>Innosphere zastrzega sobie prawo do ujawnienia informacji o u\u017cytkowniku, kt\u00f3re uzna za niezb\u0119dne w celu zapewnienia zgodno\u015bci z obowi\u0105zuj\u0105cymi przepisami prawa, regulacjami lub \u017c\u0105daniami prawnymi. W przypadku dochodzenia lub skargi dotycz\u0105cej korzystania z Witryny przez u\u017cytkownika Innosphere mo\u017ce ujawni\u0107 informacje o u\u017cytkowniku. Innosphere mo\u017ce r\u00f3wnie\u017c ujawni\u0107 dane identyfikacyjne u\u017cytkownika w celu skontaktowania si\u0119, zidentyfikowania lub podj\u0119cia dzia\u0142a\u0144 przeciwko osobie naruszaj\u0105cej prawa Innosphere, jej klient\u00f3w lub innych u\u017cytkownik\u00f3w Witryny.<\/p>\n\n\n\n<h3 class=\"wp-block-heading\">Prywatno\u015b\u0107<\/h3>\n\n\n\n<p>Korzystaj\u0105c z Witryny, u\u017cytkownik potwierdza, \u017ce rozumie, i\u017c transmisje online nigdy nie s\u0105 ca\u0142kowicie prywatne ani bezpieczne oraz \u017ce wiadomo\u015bci i informacje wysy\u0142ane do Witryny mog\u0105 by\u0107 odczytywane lub przechwytywane przez inne osoby.<br><br>Ponadto u\u017cytkownik przyjmuje do wiadomo\u015bci i zgadza si\u0119, \u017ce Innosphere mo\u017ce zachowa\u0107 wszelkie transmisje lub komunikacj\u0119 u\u017cytkownika z Innosphere za po\u015brednictwem Witryny internetowej lub dowolnej us\u0142ugi oferowanej w Witrynie internetowej lub za jej po\u015brednictwem, a tak\u017ce mo\u017ce ujawni\u0107 takie dane, je\u015bli jest to wymagane przez prawo lub je\u015bli Innosphere stwierdzi, \u017ce takie zachowanie lub ujawnienie jest zasadnie konieczne:<\/p>\n\n\n\n<ul class=\"list-two wp-block-list\">\n<li>Przestrzeganie procedur prawnych;<br><\/li>\n\n\n\n<li>Egzekwowanie niniejszych Warunk\u00f3w;<br><\/li>\n\n\n\n<li>Odpowiada\u0107 na roszczenia, \u017ce takie dane naruszaj\u0105 prawa innych os\u00f3b lub\u00a0<br><\/li>\n\n\n\n<li>Ochrona praw, w\u0142asno\u015bci lub bezpiecze\u0144stwa osobistego Innosphere, jej pracownik\u00f3w, u\u017cytkownik\u00f3w lub odwiedzaj\u0105cych Witryn\u0119 oraz spo\u0142ecze\u0144stwa.<\/li>\n<\/ul>\n\n\n\n<h3 class=\"wp-block-heading\">Zastrze\u017cenie<\/h3>\n\n\n\n<p>O ile firma Innosphere wyra\u017anie nie postanowi inaczej, tre\u015bci na stronie internetowej s\u0105 dostarczane w stanie, w jakim si\u0119 znajduj\u0105. \"Innosphere zrzeka si\u0119 w tym momencie wszelkich wyra\u017anych lub dorozumianych o\u015bwiadcze\u0144, gwarancji, r\u0119kojmi i warunk\u00f3w, w tym mi\u0119dzy innymi wszelkich dorozumianych gwarancji lub warunk\u00f3w przydatno\u015bci handlowej, przydatno\u015bci do okre\u015blonego celu, tytu\u0142u prawnego i nienaruszania praw, z wyj\u0105tkiem zakresu, w jakim takie zastrze\u017cenia s\u0105 prawnie niewa\u017cne. Innosphere nie sk\u0142ada \u017cadnych o\u015bwiadcze\u0144, zapewnie\u0144, gwarancji ani warunk\u00f3w dotycz\u0105cych jako\u015bci, przydatno\u015bci, prawdziwo\u015bci, dok\u0142adno\u015bci lub kompletno\u015bci tre\u015bci zawartych na stronie internetowej.<br><br>Powy\u017csze zastrze\u017cenie ma zastosowanie do wszelkich szk\u00f3d, odpowiedzialno\u015bci lub obra\u017ce\u0144 spowodowanych niewykonaniem, b\u0142\u0119dem, pomini\u0119ciem, przerw\u0105, usuni\u0119ciem, wad\u0105, op\u00f3\u017anieniem w dzia\u0142aniu lub transmisji, wirusem komputerowym, awari\u0105 linii komunikacyjnej, kradzie\u017c\u0105 lub zniszczeniem lub nieautoryzowanym dost\u0119pem, zmian\u0105 lub u\u017cyciem, niezale\u017cnie od tego, czy jest to naruszenie umowy, czyn niedozwolony, zaniedbanie, czy jakakolwiek inna przyczyna dzia\u0142ania.<\/p>\n\n\n\n<h3 class=\"wp-block-heading\">Powiadomienia dotycz\u0105ce w\u0142asno\u015bci intelektualnej<\/h3>\n\n\n\n<p>Witryna i Zawarto\u015b\u0107 s\u0105 chronione prawami autorskimi i innymi prawami. Nie wolno ich przekazywa\u0107, powiela\u0107, zmienia\u0107 ich przeznaczenia, kopiowa\u0107 ani imitowa\u0107 w ca\u0142o\u015bci lub w cz\u0119\u015bci, chyba \u017ce Innosphere wyra\u017anie na to zezwoli.<\/p>\n\n\n\n<h3 class=\"wp-block-heading\">Akceptacja warunk\u00f3w<\/h3>\n\n\n\n<p>Korzystaj\u0105c ze strony internetowej Innosphere, u\u017cytkownik potwierdza zrozumienie niniejszego Regulaminu i wyra\u017ca zgod\u0119 na jego przestrzeganie. Je\u015bli u\u017cytkownik nie zgadza si\u0119 z niniejszymi warunkami, prosimy o powstrzymanie si\u0119 od korzystania ze strony internetowej.<\/p>\n\n\n\n<h3 class=\"wp-block-heading\">Modyfikacje<\/h3>\n\n\n\n<p>Innosphere zastrzega sobie prawo do aktualizacji, modyfikacji lub zmiany niniejszego Regulaminu wed\u0142ug w\u0142asnego uznania. Wszelkie zmiany wejd\u0105 w \u017cycie natychmiast po ich opublikowaniu na stronie internetowej. Obowi\u0105zkiem u\u017cytkownika jest regularne zapoznawanie si\u0119 z Regulaminem. Dalsze korzystanie z witryny po dokonaniu aktualizacji oznacza akceptacj\u0119 zmienionych warunk\u00f3w.<\/p>\n\n\n\n<h3 class=\"wp-block-heading\">Polityka \u0142\u0105czenia<\/h3>\n\n\n\n<p>Zach\u0119camy do zamieszczania link\u00f3w do strony internetowej Innosphere z innych stron internetowych, pod warunkiem, \u017ce takie linki s\u0105 tworzone w spos\u00f3b uczciwy i zgodny z prawem oraz nie szkodz\u0105 reputacji Innosphere. Nie wolno jednak tworzy\u0107 link\u00f3w sugeruj\u0105cych jak\u0105kolwiek form\u0119 poparcia lub powi\u0105zania, je\u015bli takie nie istnieje. Innosphere zastrzega sobie prawo do cofni\u0119cia zgody na linkowanie bez powiadomienia.<\/p>\n\n\n\n<h3 class=\"wp-block-heading\">Ograniczenie odpowiedzialno\u015bci<\/h3>\n\n\n\n<p>Innosphere i jej podmioty stowarzyszone, pracownicy, agenci i partnerzy nie ponosz\u0105 odpowiedzialno\u015bci za jakiekolwiek bezpo\u015brednie, po\u015brednie, przypadkowe, szczeg\u00f3lne lub wynikowe szkody wynikaj\u0105ce z korzystania lub niemo\u017cno\u015bci korzystania ze strony internetowej, w tym mi\u0119dzy innymi za b\u0142\u0119dy lub nie\u015bcis\u0142o\u015bci na stronie. Niniejsze ograniczenie odpowiedzialno\u015bci ma zastosowanie w najszerszym zakresie dozwolonym przez prawo.<\/p>\n\n\n\n<h3 class=\"wp-block-heading\">Odszkodowanie<\/h3>\n\n\n\n<p>Korzystaj\u0105c ze strony internetowej Innosphere, u\u017cytkownik zgadza si\u0119 zabezpieczy\u0107, broni\u0107 i chroni\u0107 firm\u0119 Innosphere, jej cz\u0142onk\u00f3w zarz\u0105du, pracownik\u00f3w, agent\u00f3w i partner\u00f3w przed wszelkimi roszczeniami, szkodami, stratami, zobowi\u0105zaniami i wydatkami, w tym uzasadnionymi kosztami obs\u0142ugi prawnej, wynikaj\u0105cymi z lub zwi\u0105zanymi z korzystaniem ze strony internetowej lub naruszeniem niniejszych Warunk\u00f3w.<\/p>\n\n\n\n<h3 class=\"wp-block-heading\">Rozstrzyganie spor\u00f3w<\/h3>\n\n\n\n<p>Wszelkie dzia\u0142ania zwi\u0105zane z niniejszymi Warunkami podlegaj\u0105 prawu polskiemu. Nie maj\u0105 zastosowania \u017cadne zasady wyboru prawa obowi\u0105zuj\u0105ce w jakiejkolwiek jurysdykcji.<\/p>\n\n\n\n<h3 class=\"wp-block-heading\">Prawne informacje kontaktowe<\/h3>\n\n\n\n<p>W przypadku jakichkolwiek pyta\u0144 dotycz\u0105cych niniejszych Warunk\u00f3w lub ch\u0119ci uzyskania zgody na korzystanie z Tre\u015bci, prosimy o kontakt:<\/p>\n\n\n\n<ul class=\"wp-block-list\">\n<li>przez e-mail - <a href=\"mailto:support@innosphere.io\">support@innosphere.io<\/a><br><\/li>\n\n\n\n<li>przez telefon - <a href=\"tel: 48573569092\">+48573569092<\/a><br><\/li>\n\n\n\n<li>za po\u015brednictwem strony internetowej - <a href=\"https:\/\/innosphere.io\/pl\/contact\/\u00a0\/\">https:\/\/innosphere.io\/contact\/\u00a0<\/a><\/li>\n<\/ul>","protected":false},"excerpt":{"rendered":"<p>These Terms and Conditions (the &#8220;Terms&#8221;) apply to your use of the website owned by Moongate holding Sp. z O.O., registered address: ul. Chodakowska, nr 53\/57, lok. 22A, Warsaw, 03-816, Poland, operational address: Ry\u017cowa st., Nr 33A, 02-495 Warsaw, Poland\u00a0and located at https:\/\/innosphere.io\/. By using the website, you agree to these terms. If you disagree, [&hellip;]<\/p>","protected":false},"author":1,"featured_media":0,"parent":0,"menu_order":0,"comment_status":"closed","ping_status":"closed","template":"template-page\/policy-template.php","meta":{"_acf_changed":false,"inline_featured_image":false,"footnotes":""},"class_list":["post-238","page","type-page","status-publish","hentry"],"acf":[],"yoast_head":"<!-- This site is optimized with the Yoast SEO plugin v21.4 - https:\/\/yoast.com\/wordpress\/plugins\/seo\/ -->\n<title>Terms and Conditions - Innosphere<\/title>\n<meta name=\"robots\" content=\"noindex, follow, max-snippet:-1, max-image-preview:large, max-video-preview:-1\" \/>\n<meta property=\"og:locale\" content=\"pl_PL\" \/>\n<meta property=\"og:type\" content=\"article\" \/>\n<meta property=\"og:title\" content=\"Terms and Conditions - Innosphere\" \/>\n<meta property=\"og:description\" content=\"These Terms and Conditions (the &#8220;Terms&#8221;) apply to your use of the website owned by Moongate holding Sp. z O.O., registered address: ul. Chodakowska, nr 53\/57, lok. 22A, Warsaw, 03-816, Poland, operational address: Ry\u017cowa st., Nr 33A, 02-495 Warsaw, Poland\u00a0and located at https:\/\/innosphere.io\/. By using the website, you agree to these terms. If you disagree, [&hellip;]\" \/>\n<meta property=\"og:url\" content=\"https:\/\/innosphere.io\/pl\/terms-and-conditions\/\" \/>\n<meta property=\"og:site_name\" content=\"Innosphere\" \/>\n<meta property=\"article:modified_time\" content=\"2023-11-10T16:07:52+00:00\" \/>\n<meta name=\"twitter:card\" content=\"summary_large_image\" \/>\n<meta name=\"twitter:label1\" content=\"Szacowany czas czytania\" \/>\n\t<meta name=\"twitter:data1\" content=\"9 minut\" \/>\n<script type=\"application\/ld+json\" class=\"yoast-schema-graph\">{\"@context\":\"https:\/\/schema.org\",\"@graph\":[{\"@type\":\"WebPage\",\"@id\":\"https:\/\/innosphere.io\/terms-and-conditions\/\",\"url\":\"https:\/\/innosphere.io\/terms-and-conditions\/\",\"name\":\"Terms and Conditions - Innosphere\",\"isPartOf\":{\"@id\":\"https:\/\/innosphere.io\/#website\"},\"datePublished\":\"2023-11-10T15:46:42+00:00\",\"dateModified\":\"2023-11-10T16:07:52+00:00\",\"breadcrumb\":{\"@id\":\"https:\/\/innosphere.io\/terms-and-conditions\/#breadcrumb\"},\"inLanguage\":\"pl-PL\",\"potentialAction\":[{\"@type\":\"ReadAction\",\"target\":[\"https:\/\/innosphere.io\/terms-and-conditions\/\"]}]},{\"@type\":\"BreadcrumbList\",\"@id\":\"https:\/\/innosphere.io\/terms-and-conditions\/#breadcrumb\",\"itemListElement\":[{\"@type\":\"ListItem\",\"position\":1,\"name\":\"Home\",\"item\":\"https:\/\/innosphere.io\/\"},{\"@type\":\"ListItem\",\"position\":2,\"name\":\"Terms and Conditions\"}]},{\"@type\":\"WebSite\",\"@id\":\"https:\/\/innosphere.io\/#website\",\"url\":\"https:\/\/innosphere.io\/\",\"name\":\"Innosphere\",\"description\":\"\",\"publisher\":{\"@id\":\"https:\/\/innosphere.io\/#organization\"},\"potentialAction\":[{\"@type\":\"SearchAction\",\"target\":{\"@type\":\"EntryPoint\",\"urlTemplate\":\"https:\/\/innosphere.io\/?s={search_term_string}\"},\"query-input\":\"required name=search_term_string\"}],\"inLanguage\":\"pl-PL\"},{\"@type\":\"Organization\",\"@id\":\"https:\/\/innosphere.io\/#organization\",\"name\":\"Innosphere\",\"url\":\"https:\/\/innosphere.io\/\",\"logo\":{\"@type\":\"ImageObject\",\"inLanguage\":\"pl-PL\",\"@id\":\"https:\/\/innosphere.io\/#\/schema\/logo\/image\/\",\"url\":\"https:\/\/innosphere.io\/wp-content\/uploads\/2023\/10\/Logo-innosphere.svg\",\"contentUrl\":\"https:\/\/innosphere.io\/wp-content\/uploads\/2023\/10\/Logo-innosphere.svg\",\"width\":506,\"height\":107,\"caption\":\"Innosphere\"},\"image\":{\"@id\":\"https:\/\/innosphere.io\/#\/schema\/logo\/image\/\"}}]}<\/script>\n<!-- \/ Yoast SEO plugin. -->","yoast_head_json":{"title":"Terms and Conditions - Innosphere","robots":{"index":"noindex","follow":"follow","max-snippet":"max-snippet:-1","max-image-preview":"max-image-preview:large","max-video-preview":"max-video-preview:-1"},"og_locale":"pl_PL","og_type":"article","og_title":"Terms and Conditions - Innosphere","og_description":"These Terms and Conditions (the &#8220;Terms&#8221;) apply to your use of the website owned by Moongate holding Sp. z O.O., registered address: ul. Chodakowska, nr 53\/57, lok. 22A, Warsaw, 03-816, Poland, operational address: Ry\u017cowa st., Nr 33A, 02-495 Warsaw, Poland\u00a0and located at https:\/\/innosphere.io\/. By using the website, you agree to these terms. If you disagree, [&hellip;]","og_url":"https:\/\/innosphere.io\/pl\/terms-and-conditions\/","og_site_name":"Innosphere","article_modified_time":"2023-11-10T16:07:52+00:00","twitter_card":"summary_large_image","twitter_misc":{"Szacowany czas czytania":"9 minut"},"schema":{"@context":"https:\/\/schema.org","@graph":[{"@type":"WebPage","@id":"https:\/\/innosphere.io\/terms-and-conditions\/","url":"https:\/\/innosphere.io\/terms-and-conditions\/","name":"Terms and Conditions - Innosphere","isPartOf":{"@id":"https:\/\/innosphere.io\/#website"},"datePublished":"2023-11-10T15:46:42+00:00","dateModified":"2023-11-10T16:07:52+00:00","breadcrumb":{"@id":"https:\/\/innosphere.io\/terms-and-conditions\/#breadcrumb"},"inLanguage":"pl-PL","potentialAction":[{"@type":"ReadAction","target":["https:\/\/innosphere.io\/terms-and-conditions\/"]}]},{"@type":"BreadcrumbList","@id":"https:\/\/innosphere.io\/terms-and-conditions\/#breadcrumb","itemListElement":[{"@type":"ListItem","position":1,"name":"Home","item":"https:\/\/innosphere.io\/"},{"@type":"ListItem","position":2,"name":"Terms and Conditions"}]},{"@type":"WebSite","@id":"https:\/\/innosphere.io\/#website","url":"https:\/\/innosphere.io\/","name":"Innosphere","description":"","publisher":{"@id":"https:\/\/innosphere.io\/#organization"},"potentialAction":[{"@type":"SearchAction","target":{"@type":"EntryPoint","urlTemplate":"https:\/\/innosphere.io\/?s={search_term_string}"},"query-input":"required name=search_term_string"}],"inLanguage":"pl-PL"},{"@type":"Organization","@id":"https:\/\/innosphere.io\/#organization","name":"Innosphere","url":"https:\/\/innosphere.io\/","logo":{"@type":"ImageObject","inLanguage":"pl-PL","@id":"https:\/\/innosphere.io\/#\/schema\/logo\/image\/","url":"https:\/\/innosphere.io\/wp-content\/uploads\/2023\/10\/Logo-innosphere.svg","contentUrl":"https:\/\/innosphere.io\/wp-content\/uploads\/2023\/10\/Logo-innosphere.svg","width":506,"height":107,"caption":"Innosphere"},"image":{"@id":"https:\/\/innosphere.io\/#\/schema\/logo\/image\/"}}]}},"_links":{"self":[{"href":"https:\/\/innosphere.io\/pl\/wp-json\/wp\/v2\/pages\/238","targetHints":{"allow":["GET"]}}],"collection":[{"href":"https:\/\/innosphere.io\/pl\/wp-json\/wp\/v2\/pages"}],"about":[{"href":"https:\/\/innosphere.io\/pl\/wp-json\/wp\/v2\/types\/page"}],"author":[{"embeddable":true,"href":"https:\/\/innosphere.io\/pl\/wp-json\/wp\/v2\/users\/1"}],"replies":[{"embeddable":true,"href":"https:\/\/innosphere.io\/pl\/wp-json\/wp\/v2\/comments?post=238"}],"version-history":[{"count":11,"href":"https:\/\/innosphere.io\/pl\/wp-json\/wp\/v2\/pages\/238\/revisions"}],"predecessor-version":[{"id":254,"href":"https:\/\/innosphere.io\/pl\/wp-json\/wp\/v2\/pages\/238\/revisions\/254"}],"wp:attachment":[{"href":"https:\/\/innosphere.io\/pl\/wp-json\/wp\/v2\/media?parent=238"}],"curies":[{"name":"wp","href":"https:\/\/api.w.org\/{rel}","templated":true}]}}