{"id":418,"date":"2024-05-21T11:33:25","date_gmt":"2024-05-21T08:33:25","guid":{"rendered":"https:\/\/innosphere.io\/?post_type=product&#038;p=418"},"modified":"2024-05-21T11:33:26","modified_gmt":"2024-05-21T08:33:26","slug":"installation-of-security-patches-and-feature-updates","status":"publish","type":"product","link":"https:\/\/innosphere.io\/pl\/produkt\/installation-of-security-patches-and-feature-updates\/","title":{"rendered":"Instalacja poprawek zabezpiecze\u0144 i aktualizacji funkcji"},"content":{"rendered":"<p><span style=\"font-weight: 400;\">Upewnij si\u0119, \u017ce system jest chroniony, instaluj\u0105c i ustawiaj\u0105c poprawki zabezpiecze\u0144 i aktualizacje funkcji.<\/span><\/p>","protected":false},"excerpt":{"rendered":"<p>Upewnij si\u0119, \u017ce system jest chroniony, instaluj\u0105c i ustawiaj\u0105c poprawki zabezpiecze\u0144 i aktualizacje funkcji.<\/p>","protected":false},"featured_media":0,"comment_status":"open","ping_status":"closed","template":"","meta":{"_acf_changed":false,"inline_featured_image":false},"product_cat":[22],"product_tag":[],"class_list":["post-418","product","type-product","status-publish","hentry","product_cat-security-services"],"acf":[],"yoast_head":"<!-- This site is optimized with the Yoast SEO plugin v21.4 - https:\/\/yoast.com\/wordpress\/plugins\/seo\/ -->\n<title>Installation of Security Patches and Feature Updates - Innosphere<\/title>\n<meta name=\"robots\" content=\"noindex, follow, max-snippet:-1, max-image-preview:large, max-video-preview:-1\" \/>\n<meta property=\"og:locale\" content=\"pl_PL\" \/>\n<meta property=\"og:type\" content=\"article\" \/>\n<meta property=\"og:title\" content=\"Installation of Security Patches and Feature Updates - Innosphere\" \/>\n<meta property=\"og:description\" content=\"Ensure your system is protected by installing and setting security patches and feature updates.\" \/>\n<meta property=\"og:url\" content=\"https:\/\/innosphere.io\/pl\/produkt\/installation-of-security-patches-and-feature-updates\/\" \/>\n<meta property=\"og:site_name\" content=\"Innosphere\" \/>\n<meta property=\"article:modified_time\" content=\"2024-05-21T08:33:26+00:00\" \/>\n<meta name=\"twitter:card\" content=\"summary_large_image\" \/>\n<meta name=\"twitter:label1\" content=\"Szacowany czas czytania\" \/>\n\t<meta name=\"twitter:data1\" content=\"1 minuta\" \/>\n<script type=\"application\/ld+json\" class=\"yoast-schema-graph\">{\"@context\":\"https:\/\/schema.org\",\"@graph\":[{\"@type\":\"WebPage\",\"@id\":\"https:\/\/innosphere.io\/product\/installation-of-security-patches-and-feature-updates\/\",\"url\":\"https:\/\/innosphere.io\/product\/installation-of-security-patches-and-feature-updates\/\",\"name\":\"Installation of Security Patches and Feature Updates - Innosphere\",\"isPartOf\":{\"@id\":\"https:\/\/innosphere.io\/#website\"},\"datePublished\":\"2024-05-21T08:33:25+00:00\",\"dateModified\":\"2024-05-21T08:33:26+00:00\",\"breadcrumb\":{\"@id\":\"https:\/\/innosphere.io\/product\/installation-of-security-patches-and-feature-updates\/#breadcrumb\"},\"inLanguage\":\"pl-PL\",\"potentialAction\":[{\"@type\":\"ReadAction\",\"target\":[\"https:\/\/innosphere.io\/product\/installation-of-security-patches-and-feature-updates\/\"]}]},{\"@type\":\"BreadcrumbList\",\"@id\":\"https:\/\/innosphere.io\/product\/installation-of-security-patches-and-feature-updates\/#breadcrumb\",\"itemListElement\":[{\"@type\":\"ListItem\",\"position\":1,\"name\":\"Home\",\"item\":\"https:\/\/innosphere.io\/\"},{\"@type\":\"ListItem\",\"position\":2,\"name\":\"Installation of Security Patches and Feature Updates\"}]},{\"@type\":\"WebSite\",\"@id\":\"https:\/\/innosphere.io\/#website\",\"url\":\"https:\/\/innosphere.io\/\",\"name\":\"Innosphere\",\"description\":\"\",\"publisher\":{\"@id\":\"https:\/\/innosphere.io\/#organization\"},\"potentialAction\":[{\"@type\":\"SearchAction\",\"target\":{\"@type\":\"EntryPoint\",\"urlTemplate\":\"https:\/\/innosphere.io\/?s={search_term_string}\"},\"query-input\":\"required name=search_term_string\"}],\"inLanguage\":\"pl-PL\"},{\"@type\":\"Organization\",\"@id\":\"https:\/\/innosphere.io\/#organization\",\"name\":\"Innosphere\",\"url\":\"https:\/\/innosphere.io\/\",\"logo\":{\"@type\":\"ImageObject\",\"inLanguage\":\"pl-PL\",\"@id\":\"https:\/\/innosphere.io\/#\/schema\/logo\/image\/\",\"url\":\"https:\/\/innosphere.io\/wp-content\/uploads\/2023\/10\/Logo-innosphere.svg\",\"contentUrl\":\"https:\/\/innosphere.io\/wp-content\/uploads\/2023\/10\/Logo-innosphere.svg\",\"width\":506,\"height\":107,\"caption\":\"Innosphere\"},\"image\":{\"@id\":\"https:\/\/innosphere.io\/#\/schema\/logo\/image\/\"}}]}<\/script>\n<!-- \/ Yoast SEO plugin. -->","yoast_head_json":{"title":"Installation of Security Patches and Feature Updates - Innosphere","robots":{"index":"noindex","follow":"follow","max-snippet":"max-snippet:-1","max-image-preview":"max-image-preview:large","max-video-preview":"max-video-preview:-1"},"og_locale":"pl_PL","og_type":"article","og_title":"Installation of Security Patches and Feature Updates - Innosphere","og_description":"Ensure your system is protected by installing and setting security patches and feature updates.","og_url":"https:\/\/innosphere.io\/pl\/produkt\/installation-of-security-patches-and-feature-updates\/","og_site_name":"Innosphere","article_modified_time":"2024-05-21T08:33:26+00:00","twitter_card":"summary_large_image","twitter_misc":{"Szacowany czas czytania":"1 minuta"},"schema":{"@context":"https:\/\/schema.org","@graph":[{"@type":"WebPage","@id":"https:\/\/innosphere.io\/product\/installation-of-security-patches-and-feature-updates\/","url":"https:\/\/innosphere.io\/product\/installation-of-security-patches-and-feature-updates\/","name":"Installation of Security Patches and Feature Updates - Innosphere","isPartOf":{"@id":"https:\/\/innosphere.io\/#website"},"datePublished":"2024-05-21T08:33:25+00:00","dateModified":"2024-05-21T08:33:26+00:00","breadcrumb":{"@id":"https:\/\/innosphere.io\/product\/installation-of-security-patches-and-feature-updates\/#breadcrumb"},"inLanguage":"pl-PL","potentialAction":[{"@type":"ReadAction","target":["https:\/\/innosphere.io\/product\/installation-of-security-patches-and-feature-updates\/"]}]},{"@type":"BreadcrumbList","@id":"https:\/\/innosphere.io\/product\/installation-of-security-patches-and-feature-updates\/#breadcrumb","itemListElement":[{"@type":"ListItem","position":1,"name":"Home","item":"https:\/\/innosphere.io\/"},{"@type":"ListItem","position":2,"name":"Installation of Security Patches and Feature Updates"}]},{"@type":"WebSite","@id":"https:\/\/innosphere.io\/#website","url":"https:\/\/innosphere.io\/","name":"Innosphere","description":"","publisher":{"@id":"https:\/\/innosphere.io\/#organization"},"potentialAction":[{"@type":"SearchAction","target":{"@type":"EntryPoint","urlTemplate":"https:\/\/innosphere.io\/?s={search_term_string}"},"query-input":"required name=search_term_string"}],"inLanguage":"pl-PL"},{"@type":"Organization","@id":"https:\/\/innosphere.io\/#organization","name":"Innosphere","url":"https:\/\/innosphere.io\/","logo":{"@type":"ImageObject","inLanguage":"pl-PL","@id":"https:\/\/innosphere.io\/#\/schema\/logo\/image\/","url":"https:\/\/innosphere.io\/wp-content\/uploads\/2023\/10\/Logo-innosphere.svg","contentUrl":"https:\/\/innosphere.io\/wp-content\/uploads\/2023\/10\/Logo-innosphere.svg","width":506,"height":107,"caption":"Innosphere"},"image":{"@id":"https:\/\/innosphere.io\/#\/schema\/logo\/image\/"}}]}},"_links":{"self":[{"href":"https:\/\/innosphere.io\/pl\/wp-json\/wp\/v2\/product\/418","targetHints":{"allow":["GET"]}}],"collection":[{"href":"https:\/\/innosphere.io\/pl\/wp-json\/wp\/v2\/product"}],"about":[{"href":"https:\/\/innosphere.io\/pl\/wp-json\/wp\/v2\/types\/product"}],"replies":[{"embeddable":true,"href":"https:\/\/innosphere.io\/pl\/wp-json\/wp\/v2\/comments?post=418"}],"wp:attachment":[{"href":"https:\/\/innosphere.io\/pl\/wp-json\/wp\/v2\/media?parent=418"}],"wp:term":[{"taxonomy":"product_cat","embeddable":true,"href":"https:\/\/innosphere.io\/pl\/wp-json\/wp\/v2\/product_cat?post=418"},{"taxonomy":"product_tag","embeddable":true,"href":"https:\/\/innosphere.io\/pl\/wp-json\/wp\/v2\/product_tag?post=418"}],"curies":[{"name":"wp","href":"https:\/\/api.w.org\/{rel}","templated":true}]}}