{"id":419,"date":"2024-05-21T11:33:57","date_gmt":"2024-05-21T08:33:57","guid":{"rendered":"https:\/\/innosphere.io\/?post_type=product&#038;p=419"},"modified":"2024-05-21T11:33:57","modified_gmt":"2024-05-21T08:33:57","slug":"installation-and-configuration-of-antivirus-and-anti-malware-software","status":"publish","type":"product","link":"https:\/\/innosphere.io\/pl\/produkt\/installation-and-configuration-of-antivirus-and-anti-malware-software\/","title":{"rendered":"Instalacja i konfiguracja oprogramowania antywirusowego i chroni\u0105cego przed z\u0142o\u015bliwym oprogramowaniem"},"content":{"rendered":"<p><span style=\"font-weight: 400;\">\u00a0Chro\u0144 swoje urz\u0105dzenie przed wirusami i z\u0142o\u015bliwym oprogramowaniem, instaluj\u0105c i konfiguruj\u0105c wiod\u0105ce oprogramowanie antywirusowe i chroni\u0105ce przed z\u0142o\u015bliwym oprogramowaniem.<\/span><\/p>","protected":false},"excerpt":{"rendered":"<p>\u00a0Chro\u0144 swoje urz\u0105dzenie przed wirusami i z\u0142o\u015bliwym oprogramowaniem, instaluj\u0105c i konfiguruj\u0105c wiod\u0105ce oprogramowanie antywirusowe i chroni\u0105ce przed z\u0142o\u015bliwym oprogramowaniem.<\/p>","protected":false},"featured_media":0,"comment_status":"open","ping_status":"closed","template":"","meta":{"_acf_changed":false,"inline_featured_image":false},"product_cat":[22],"product_tag":[],"class_list":["post-419","product","type-product","status-publish","hentry","product_cat-security-services"],"acf":[],"yoast_head":"<!-- This site is optimized with the Yoast SEO plugin v21.4 - https:\/\/yoast.com\/wordpress\/plugins\/seo\/ -->\n<title>Installation and Configuration of Antivirus and Anti-Malware Software - Innosphere<\/title>\n<meta name=\"robots\" content=\"noindex, follow, max-snippet:-1, max-image-preview:large, max-video-preview:-1\" \/>\n<meta property=\"og:locale\" content=\"pl_PL\" \/>\n<meta property=\"og:type\" content=\"article\" \/>\n<meta property=\"og:title\" content=\"Installation and Configuration of Antivirus and Anti-Malware Software - Innosphere\" \/>\n<meta property=\"og:description\" content=\"\u00a0Protect your device against viruses and malware by installing and configuring leading antivirus and anti-malware software.\" \/>\n<meta property=\"og:url\" content=\"https:\/\/innosphere.io\/pl\/produkt\/installation-and-configuration-of-antivirus-and-anti-malware-software\/\" \/>\n<meta property=\"og:site_name\" content=\"Innosphere\" \/>\n<meta name=\"twitter:card\" content=\"summary_large_image\" \/>\n<meta name=\"twitter:label1\" content=\"Szacowany czas czytania\" \/>\n\t<meta name=\"twitter:data1\" content=\"1 minuta\" \/>\n<script type=\"application\/ld+json\" class=\"yoast-schema-graph\">{\"@context\":\"https:\/\/schema.org\",\"@graph\":[{\"@type\":\"WebPage\",\"@id\":\"https:\/\/innosphere.io\/product\/installation-and-configuration-of-antivirus-and-anti-malware-software\/\",\"url\":\"https:\/\/innosphere.io\/product\/installation-and-configuration-of-antivirus-and-anti-malware-software\/\",\"name\":\"Installation and Configuration of Antivirus and Anti-Malware Software - Innosphere\",\"isPartOf\":{\"@id\":\"https:\/\/innosphere.io\/#website\"},\"datePublished\":\"2024-05-21T08:33:57+00:00\",\"dateModified\":\"2024-05-21T08:33:57+00:00\",\"breadcrumb\":{\"@id\":\"https:\/\/innosphere.io\/product\/installation-and-configuration-of-antivirus-and-anti-malware-software\/#breadcrumb\"},\"inLanguage\":\"pl-PL\",\"potentialAction\":[{\"@type\":\"ReadAction\",\"target\":[\"https:\/\/innosphere.io\/product\/installation-and-configuration-of-antivirus-and-anti-malware-software\/\"]}]},{\"@type\":\"BreadcrumbList\",\"@id\":\"https:\/\/innosphere.io\/product\/installation-and-configuration-of-antivirus-and-anti-malware-software\/#breadcrumb\",\"itemListElement\":[{\"@type\":\"ListItem\",\"position\":1,\"name\":\"Home\",\"item\":\"https:\/\/innosphere.io\/\"},{\"@type\":\"ListItem\",\"position\":2,\"name\":\"Installation and Configuration of Antivirus and Anti-Malware Software\"}]},{\"@type\":\"WebSite\",\"@id\":\"https:\/\/innosphere.io\/#website\",\"url\":\"https:\/\/innosphere.io\/\",\"name\":\"Innosphere\",\"description\":\"\",\"publisher\":{\"@id\":\"https:\/\/innosphere.io\/#organization\"},\"potentialAction\":[{\"@type\":\"SearchAction\",\"target\":{\"@type\":\"EntryPoint\",\"urlTemplate\":\"https:\/\/innosphere.io\/?s={search_term_string}\"},\"query-input\":\"required name=search_term_string\"}],\"inLanguage\":\"pl-PL\"},{\"@type\":\"Organization\",\"@id\":\"https:\/\/innosphere.io\/#organization\",\"name\":\"Innosphere\",\"url\":\"https:\/\/innosphere.io\/\",\"logo\":{\"@type\":\"ImageObject\",\"inLanguage\":\"pl-PL\",\"@id\":\"https:\/\/innosphere.io\/#\/schema\/logo\/image\/\",\"url\":\"https:\/\/innosphere.io\/wp-content\/uploads\/2023\/10\/Logo-innosphere.svg\",\"contentUrl\":\"https:\/\/innosphere.io\/wp-content\/uploads\/2023\/10\/Logo-innosphere.svg\",\"width\":506,\"height\":107,\"caption\":\"Innosphere\"},\"image\":{\"@id\":\"https:\/\/innosphere.io\/#\/schema\/logo\/image\/\"}}]}<\/script>\n<!-- \/ Yoast SEO plugin. -->","yoast_head_json":{"title":"Installation and Configuration of Antivirus and Anti-Malware Software - Innosphere","robots":{"index":"noindex","follow":"follow","max-snippet":"max-snippet:-1","max-image-preview":"max-image-preview:large","max-video-preview":"max-video-preview:-1"},"og_locale":"pl_PL","og_type":"article","og_title":"Installation and Configuration of Antivirus and Anti-Malware Software - Innosphere","og_description":"\u00a0Protect your device against viruses and malware by installing and configuring leading antivirus and anti-malware software.","og_url":"https:\/\/innosphere.io\/pl\/produkt\/installation-and-configuration-of-antivirus-and-anti-malware-software\/","og_site_name":"Innosphere","twitter_card":"summary_large_image","twitter_misc":{"Szacowany czas czytania":"1 minuta"},"schema":{"@context":"https:\/\/schema.org","@graph":[{"@type":"WebPage","@id":"https:\/\/innosphere.io\/product\/installation-and-configuration-of-antivirus-and-anti-malware-software\/","url":"https:\/\/innosphere.io\/product\/installation-and-configuration-of-antivirus-and-anti-malware-software\/","name":"Installation and Configuration of Antivirus and Anti-Malware Software - Innosphere","isPartOf":{"@id":"https:\/\/innosphere.io\/#website"},"datePublished":"2024-05-21T08:33:57+00:00","dateModified":"2024-05-21T08:33:57+00:00","breadcrumb":{"@id":"https:\/\/innosphere.io\/product\/installation-and-configuration-of-antivirus-and-anti-malware-software\/#breadcrumb"},"inLanguage":"pl-PL","potentialAction":[{"@type":"ReadAction","target":["https:\/\/innosphere.io\/product\/installation-and-configuration-of-antivirus-and-anti-malware-software\/"]}]},{"@type":"BreadcrumbList","@id":"https:\/\/innosphere.io\/product\/installation-and-configuration-of-antivirus-and-anti-malware-software\/#breadcrumb","itemListElement":[{"@type":"ListItem","position":1,"name":"Home","item":"https:\/\/innosphere.io\/"},{"@type":"ListItem","position":2,"name":"Installation and Configuration of Antivirus and Anti-Malware Software"}]},{"@type":"WebSite","@id":"https:\/\/innosphere.io\/#website","url":"https:\/\/innosphere.io\/","name":"Innosphere","description":"","publisher":{"@id":"https:\/\/innosphere.io\/#organization"},"potentialAction":[{"@type":"SearchAction","target":{"@type":"EntryPoint","urlTemplate":"https:\/\/innosphere.io\/?s={search_term_string}"},"query-input":"required name=search_term_string"}],"inLanguage":"pl-PL"},{"@type":"Organization","@id":"https:\/\/innosphere.io\/#organization","name":"Innosphere","url":"https:\/\/innosphere.io\/","logo":{"@type":"ImageObject","inLanguage":"pl-PL","@id":"https:\/\/innosphere.io\/#\/schema\/logo\/image\/","url":"https:\/\/innosphere.io\/wp-content\/uploads\/2023\/10\/Logo-innosphere.svg","contentUrl":"https:\/\/innosphere.io\/wp-content\/uploads\/2023\/10\/Logo-innosphere.svg","width":506,"height":107,"caption":"Innosphere"},"image":{"@id":"https:\/\/innosphere.io\/#\/schema\/logo\/image\/"}}]}},"_links":{"self":[{"href":"https:\/\/innosphere.io\/pl\/wp-json\/wp\/v2\/product\/419","targetHints":{"allow":["GET"]}}],"collection":[{"href":"https:\/\/innosphere.io\/pl\/wp-json\/wp\/v2\/product"}],"about":[{"href":"https:\/\/innosphere.io\/pl\/wp-json\/wp\/v2\/types\/product"}],"replies":[{"embeddable":true,"href":"https:\/\/innosphere.io\/pl\/wp-json\/wp\/v2\/comments?post=419"}],"wp:attachment":[{"href":"https:\/\/innosphere.io\/pl\/wp-json\/wp\/v2\/media?parent=419"}],"wp:term":[{"taxonomy":"product_cat","embeddable":true,"href":"https:\/\/innosphere.io\/pl\/wp-json\/wp\/v2\/product_cat?post=419"},{"taxonomy":"product_tag","embeddable":true,"href":"https:\/\/innosphere.io\/pl\/wp-json\/wp\/v2\/product_tag?post=419"}],"curies":[{"name":"wp","href":"https:\/\/api.w.org\/{rel}","templated":true}]}}