{"id":427,"date":"2024-05-21T12:27:22","date_gmt":"2024-05-21T09:27:22","guid":{"rendered":"https:\/\/innosphere.io\/?post_type=product&#038;p=427"},"modified":"2024-05-21T12:27:22","modified_gmt":"2024-05-21T09:27:22","slug":"online-shopping-and-banking-activity-analysis","status":"publish","type":"product","link":"https:\/\/innosphere.io\/pl\/produkt\/online-shopping-and-banking-activity-analysis\/","title":{"rendered":"Analiza zakup\u00f3w online i aktywno\u015bci bankowej"},"content":{"rendered":"<p><span style=\"font-weight: 400;\">Zapewnij bezpiecze\u0144stwo swoich zakup\u00f3w online i dzia\u0142a\u0144 bankowych dzi\u0119ki kompleksowej analizie.<\/span><\/p>","protected":false},"excerpt":{"rendered":"<p>Zapewnij bezpiecze\u0144stwo swoich zakup\u00f3w online i dzia\u0142a\u0144 bankowych dzi\u0119ki kompleksowej analizie.<\/p>","protected":false},"featured_media":0,"comment_status":"open","ping_status":"closed","template":"","meta":{"_acf_changed":false,"inline_featured_image":false},"product_cat":[25],"product_tag":[],"class_list":["post-427","product","type-product","status-publish","hentry","product_cat-email-and-online-security"],"acf":[],"yoast_head":"<!-- This site is optimized with the Yoast SEO plugin v21.4 - https:\/\/yoast.com\/wordpress\/plugins\/seo\/ -->\n<title>Online Shopping and Banking Activity Analysis - Innosphere<\/title>\n<meta name=\"robots\" content=\"noindex, follow, max-snippet:-1, max-image-preview:large, max-video-preview:-1\" \/>\n<meta property=\"og:locale\" content=\"pl_PL\" \/>\n<meta property=\"og:type\" content=\"article\" \/>\n<meta property=\"og:title\" content=\"Online Shopping and Banking Activity Analysis - Innosphere\" \/>\n<meta property=\"og:description\" content=\"Ensure the security of your online shopping and banking activities with comprehensive analysis.\" \/>\n<meta property=\"og:url\" content=\"https:\/\/innosphere.io\/pl\/produkt\/online-shopping-and-banking-activity-analysis\/\" \/>\n<meta property=\"og:site_name\" content=\"Innosphere\" \/>\n<meta name=\"twitter:card\" content=\"summary_large_image\" \/>\n<meta name=\"twitter:label1\" content=\"Szacowany czas czytania\" \/>\n\t<meta name=\"twitter:data1\" content=\"1 minuta\" \/>\n<script type=\"application\/ld+json\" class=\"yoast-schema-graph\">{\"@context\":\"https:\/\/schema.org\",\"@graph\":[{\"@type\":\"WebPage\",\"@id\":\"https:\/\/innosphere.io\/product\/online-shopping-and-banking-activity-analysis\/\",\"url\":\"https:\/\/innosphere.io\/product\/online-shopping-and-banking-activity-analysis\/\",\"name\":\"Online Shopping and Banking Activity Analysis - Innosphere\",\"isPartOf\":{\"@id\":\"https:\/\/innosphere.io\/#website\"},\"datePublished\":\"2024-05-21T09:27:22+00:00\",\"dateModified\":\"2024-05-21T09:27:22+00:00\",\"breadcrumb\":{\"@id\":\"https:\/\/innosphere.io\/product\/online-shopping-and-banking-activity-analysis\/#breadcrumb\"},\"inLanguage\":\"pl-PL\",\"potentialAction\":[{\"@type\":\"ReadAction\",\"target\":[\"https:\/\/innosphere.io\/product\/online-shopping-and-banking-activity-analysis\/\"]}]},{\"@type\":\"BreadcrumbList\",\"@id\":\"https:\/\/innosphere.io\/product\/online-shopping-and-banking-activity-analysis\/#breadcrumb\",\"itemListElement\":[{\"@type\":\"ListItem\",\"position\":1,\"name\":\"Home\",\"item\":\"https:\/\/innosphere.io\/\"},{\"@type\":\"ListItem\",\"position\":2,\"name\":\"Online Shopping and Banking Activity Analysis\"}]},{\"@type\":\"WebSite\",\"@id\":\"https:\/\/innosphere.io\/#website\",\"url\":\"https:\/\/innosphere.io\/\",\"name\":\"Innosphere\",\"description\":\"\",\"publisher\":{\"@id\":\"https:\/\/innosphere.io\/#organization\"},\"potentialAction\":[{\"@type\":\"SearchAction\",\"target\":{\"@type\":\"EntryPoint\",\"urlTemplate\":\"https:\/\/innosphere.io\/?s={search_term_string}\"},\"query-input\":\"required name=search_term_string\"}],\"inLanguage\":\"pl-PL\"},{\"@type\":\"Organization\",\"@id\":\"https:\/\/innosphere.io\/#organization\",\"name\":\"Innosphere\",\"url\":\"https:\/\/innosphere.io\/\",\"logo\":{\"@type\":\"ImageObject\",\"inLanguage\":\"pl-PL\",\"@id\":\"https:\/\/innosphere.io\/#\/schema\/logo\/image\/\",\"url\":\"https:\/\/innosphere.io\/wp-content\/uploads\/2023\/10\/Logo-innosphere.svg\",\"contentUrl\":\"https:\/\/innosphere.io\/wp-content\/uploads\/2023\/10\/Logo-innosphere.svg\",\"width\":506,\"height\":107,\"caption\":\"Innosphere\"},\"image\":{\"@id\":\"https:\/\/innosphere.io\/#\/schema\/logo\/image\/\"}}]}<\/script>\n<!-- \/ Yoast SEO plugin. -->","yoast_head_json":{"title":"Online Shopping and Banking Activity Analysis - Innosphere","robots":{"index":"noindex","follow":"follow","max-snippet":"max-snippet:-1","max-image-preview":"max-image-preview:large","max-video-preview":"max-video-preview:-1"},"og_locale":"pl_PL","og_type":"article","og_title":"Online Shopping and Banking Activity Analysis - Innosphere","og_description":"Ensure the security of your online shopping and banking activities with comprehensive analysis.","og_url":"https:\/\/innosphere.io\/pl\/produkt\/online-shopping-and-banking-activity-analysis\/","og_site_name":"Innosphere","twitter_card":"summary_large_image","twitter_misc":{"Szacowany czas czytania":"1 minuta"},"schema":{"@context":"https:\/\/schema.org","@graph":[{"@type":"WebPage","@id":"https:\/\/innosphere.io\/product\/online-shopping-and-banking-activity-analysis\/","url":"https:\/\/innosphere.io\/product\/online-shopping-and-banking-activity-analysis\/","name":"Online Shopping and Banking Activity Analysis - Innosphere","isPartOf":{"@id":"https:\/\/innosphere.io\/#website"},"datePublished":"2024-05-21T09:27:22+00:00","dateModified":"2024-05-21T09:27:22+00:00","breadcrumb":{"@id":"https:\/\/innosphere.io\/product\/online-shopping-and-banking-activity-analysis\/#breadcrumb"},"inLanguage":"pl-PL","potentialAction":[{"@type":"ReadAction","target":["https:\/\/innosphere.io\/product\/online-shopping-and-banking-activity-analysis\/"]}]},{"@type":"BreadcrumbList","@id":"https:\/\/innosphere.io\/product\/online-shopping-and-banking-activity-analysis\/#breadcrumb","itemListElement":[{"@type":"ListItem","position":1,"name":"Home","item":"https:\/\/innosphere.io\/"},{"@type":"ListItem","position":2,"name":"Online Shopping and Banking Activity Analysis"}]},{"@type":"WebSite","@id":"https:\/\/innosphere.io\/#website","url":"https:\/\/innosphere.io\/","name":"Innosphere","description":"","publisher":{"@id":"https:\/\/innosphere.io\/#organization"},"potentialAction":[{"@type":"SearchAction","target":{"@type":"EntryPoint","urlTemplate":"https:\/\/innosphere.io\/?s={search_term_string}"},"query-input":"required name=search_term_string"}],"inLanguage":"pl-PL"},{"@type":"Organization","@id":"https:\/\/innosphere.io\/#organization","name":"Innosphere","url":"https:\/\/innosphere.io\/","logo":{"@type":"ImageObject","inLanguage":"pl-PL","@id":"https:\/\/innosphere.io\/#\/schema\/logo\/image\/","url":"https:\/\/innosphere.io\/wp-content\/uploads\/2023\/10\/Logo-innosphere.svg","contentUrl":"https:\/\/innosphere.io\/wp-content\/uploads\/2023\/10\/Logo-innosphere.svg","width":506,"height":107,"caption":"Innosphere"},"image":{"@id":"https:\/\/innosphere.io\/#\/schema\/logo\/image\/"}}]}},"_links":{"self":[{"href":"https:\/\/innosphere.io\/pl\/wp-json\/wp\/v2\/product\/427","targetHints":{"allow":["GET"]}}],"collection":[{"href":"https:\/\/innosphere.io\/pl\/wp-json\/wp\/v2\/product"}],"about":[{"href":"https:\/\/innosphere.io\/pl\/wp-json\/wp\/v2\/types\/product"}],"replies":[{"embeddable":true,"href":"https:\/\/innosphere.io\/pl\/wp-json\/wp\/v2\/comments?post=427"}],"wp:attachment":[{"href":"https:\/\/innosphere.io\/pl\/wp-json\/wp\/v2\/media?parent=427"}],"wp:term":[{"taxonomy":"product_cat","embeddable":true,"href":"https:\/\/innosphere.io\/pl\/wp-json\/wp\/v2\/product_cat?post=427"},{"taxonomy":"product_tag","embeddable":true,"href":"https:\/\/innosphere.io\/pl\/wp-json\/wp\/v2\/product_tag?post=427"}],"curies":[{"name":"wp","href":"https:\/\/api.w.org\/{rel}","templated":true}]}}