{"id":432,"date":"2024-05-21T12:31:12","date_gmt":"2024-05-21T09:31:12","guid":{"rendered":"https:\/\/innosphere.io\/?post_type=product&#038;p=432"},"modified":"2024-05-21T12:31:12","modified_gmt":"2024-05-21T09:31:12","slug":"implementation-of-firewalls-network-segmentation-and-strong-wi-fi-encryption","status":"publish","type":"product","link":"https:\/\/innosphere.io\/pl\/produkt\/implementation-of-firewalls-network-segmentation-and-strong-wi-fi-encryption\/","title":{"rendered":"Wdro\u017cenie zap\u00f3r sieciowych, segmentacji sieci i silnego szyfrowania Wi-Fi"},"content":{"rendered":"<p><span style=\"font-weight: 400;\">Zwi\u0119ksz bezpiecze\u0144stwo sieci dzi\u0119ki zaawansowanym \u015brodkom, w tym zaporom sieciowym, segmentacji i szyfrowaniu.<\/span><\/p>","protected":false},"excerpt":{"rendered":"<p>Zwi\u0119ksz bezpiecze\u0144stwo sieci dzi\u0119ki zaawansowanym \u015brodkom, w tym zaporom sieciowym, segmentacji i szyfrowaniu.<\/p>","protected":false},"featured_media":0,"comment_status":"open","ping_status":"closed","template":"","meta":{"_acf_changed":false,"inline_featured_image":false},"product_cat":[26],"product_tag":[],"class_list":["post-432","product","type-product","status-publish","hentry","product_cat-family-and-network-security"],"acf":[],"yoast_head":"<!-- This site is optimized with the Yoast SEO plugin v21.4 - https:\/\/yoast.com\/wordpress\/plugins\/seo\/ -->\n<title>Implementation of Firewalls, Network Segmentation, and Strong Wi-Fi Encryption - Innosphere<\/title>\n<meta name=\"robots\" content=\"noindex, follow, max-snippet:-1, max-image-preview:large, max-video-preview:-1\" \/>\n<meta property=\"og:locale\" content=\"pl_PL\" \/>\n<meta property=\"og:type\" content=\"article\" \/>\n<meta property=\"og:title\" content=\"Implementation of Firewalls, Network Segmentation, and Strong Wi-Fi Encryption - Innosphere\" \/>\n<meta property=\"og:description\" content=\"Enhance your network security with advanced measures, including firewalls, segmentation, and encryption.\" \/>\n<meta property=\"og:url\" content=\"https:\/\/innosphere.io\/pl\/produkt\/implementation-of-firewalls-network-segmentation-and-strong-wi-fi-encryption\/\" \/>\n<meta property=\"og:site_name\" content=\"Innosphere\" \/>\n<meta name=\"twitter:card\" content=\"summary_large_image\" \/>\n<meta name=\"twitter:label1\" content=\"Szacowany czas czytania\" \/>\n\t<meta name=\"twitter:data1\" content=\"1 minuta\" \/>\n<script type=\"application\/ld+json\" class=\"yoast-schema-graph\">{\"@context\":\"https:\/\/schema.org\",\"@graph\":[{\"@type\":\"WebPage\",\"@id\":\"https:\/\/innosphere.io\/product\/implementation-of-firewalls-network-segmentation-and-strong-wi-fi-encryption\/\",\"url\":\"https:\/\/innosphere.io\/product\/implementation-of-firewalls-network-segmentation-and-strong-wi-fi-encryption\/\",\"name\":\"Implementation of Firewalls, Network Segmentation, and Strong Wi-Fi Encryption - Innosphere\",\"isPartOf\":{\"@id\":\"https:\/\/innosphere.io\/#website\"},\"datePublished\":\"2024-05-21T09:31:12+00:00\",\"dateModified\":\"2024-05-21T09:31:12+00:00\",\"breadcrumb\":{\"@id\":\"https:\/\/innosphere.io\/product\/implementation-of-firewalls-network-segmentation-and-strong-wi-fi-encryption\/#breadcrumb\"},\"inLanguage\":\"pl-PL\",\"potentialAction\":[{\"@type\":\"ReadAction\",\"target\":[\"https:\/\/innosphere.io\/product\/implementation-of-firewalls-network-segmentation-and-strong-wi-fi-encryption\/\"]}]},{\"@type\":\"BreadcrumbList\",\"@id\":\"https:\/\/innosphere.io\/product\/implementation-of-firewalls-network-segmentation-and-strong-wi-fi-encryption\/#breadcrumb\",\"itemListElement\":[{\"@type\":\"ListItem\",\"position\":1,\"name\":\"Home\",\"item\":\"https:\/\/innosphere.io\/\"},{\"@type\":\"ListItem\",\"position\":2,\"name\":\"Implementation of Firewalls, Network Segmentation, and Strong Wi-Fi Encryption\"}]},{\"@type\":\"WebSite\",\"@id\":\"https:\/\/innosphere.io\/#website\",\"url\":\"https:\/\/innosphere.io\/\",\"name\":\"Innosphere\",\"description\":\"\",\"publisher\":{\"@id\":\"https:\/\/innosphere.io\/#organization\"},\"potentialAction\":[{\"@type\":\"SearchAction\",\"target\":{\"@type\":\"EntryPoint\",\"urlTemplate\":\"https:\/\/innosphere.io\/?s={search_term_string}\"},\"query-input\":\"required name=search_term_string\"}],\"inLanguage\":\"pl-PL\"},{\"@type\":\"Organization\",\"@id\":\"https:\/\/innosphere.io\/#organization\",\"name\":\"Innosphere\",\"url\":\"https:\/\/innosphere.io\/\",\"logo\":{\"@type\":\"ImageObject\",\"inLanguage\":\"pl-PL\",\"@id\":\"https:\/\/innosphere.io\/#\/schema\/logo\/image\/\",\"url\":\"https:\/\/innosphere.io\/wp-content\/uploads\/2023\/10\/Logo-innosphere.svg\",\"contentUrl\":\"https:\/\/innosphere.io\/wp-content\/uploads\/2023\/10\/Logo-innosphere.svg\",\"width\":506,\"height\":107,\"caption\":\"Innosphere\"},\"image\":{\"@id\":\"https:\/\/innosphere.io\/#\/schema\/logo\/image\/\"}}]}<\/script>\n<!-- \/ Yoast SEO plugin. -->","yoast_head_json":{"title":"Implementation of Firewalls, Network Segmentation, and Strong Wi-Fi Encryption - Innosphere","robots":{"index":"noindex","follow":"follow","max-snippet":"max-snippet:-1","max-image-preview":"max-image-preview:large","max-video-preview":"max-video-preview:-1"},"og_locale":"pl_PL","og_type":"article","og_title":"Implementation of Firewalls, Network Segmentation, and Strong Wi-Fi Encryption - Innosphere","og_description":"Enhance your network security with advanced measures, including firewalls, segmentation, and encryption.","og_url":"https:\/\/innosphere.io\/pl\/produkt\/implementation-of-firewalls-network-segmentation-and-strong-wi-fi-encryption\/","og_site_name":"Innosphere","twitter_card":"summary_large_image","twitter_misc":{"Szacowany czas czytania":"1 minuta"},"schema":{"@context":"https:\/\/schema.org","@graph":[{"@type":"WebPage","@id":"https:\/\/innosphere.io\/product\/implementation-of-firewalls-network-segmentation-and-strong-wi-fi-encryption\/","url":"https:\/\/innosphere.io\/product\/implementation-of-firewalls-network-segmentation-and-strong-wi-fi-encryption\/","name":"Implementation of Firewalls, Network Segmentation, and Strong Wi-Fi Encryption - Innosphere","isPartOf":{"@id":"https:\/\/innosphere.io\/#website"},"datePublished":"2024-05-21T09:31:12+00:00","dateModified":"2024-05-21T09:31:12+00:00","breadcrumb":{"@id":"https:\/\/innosphere.io\/product\/implementation-of-firewalls-network-segmentation-and-strong-wi-fi-encryption\/#breadcrumb"},"inLanguage":"pl-PL","potentialAction":[{"@type":"ReadAction","target":["https:\/\/innosphere.io\/product\/implementation-of-firewalls-network-segmentation-and-strong-wi-fi-encryption\/"]}]},{"@type":"BreadcrumbList","@id":"https:\/\/innosphere.io\/product\/implementation-of-firewalls-network-segmentation-and-strong-wi-fi-encryption\/#breadcrumb","itemListElement":[{"@type":"ListItem","position":1,"name":"Home","item":"https:\/\/innosphere.io\/"},{"@type":"ListItem","position":2,"name":"Implementation of Firewalls, Network Segmentation, and Strong Wi-Fi Encryption"}]},{"@type":"WebSite","@id":"https:\/\/innosphere.io\/#website","url":"https:\/\/innosphere.io\/","name":"Innosphere","description":"","publisher":{"@id":"https:\/\/innosphere.io\/#organization"},"potentialAction":[{"@type":"SearchAction","target":{"@type":"EntryPoint","urlTemplate":"https:\/\/innosphere.io\/?s={search_term_string}"},"query-input":"required name=search_term_string"}],"inLanguage":"pl-PL"},{"@type":"Organization","@id":"https:\/\/innosphere.io\/#organization","name":"Innosphere","url":"https:\/\/innosphere.io\/","logo":{"@type":"ImageObject","inLanguage":"pl-PL","@id":"https:\/\/innosphere.io\/#\/schema\/logo\/image\/","url":"https:\/\/innosphere.io\/wp-content\/uploads\/2023\/10\/Logo-innosphere.svg","contentUrl":"https:\/\/innosphere.io\/wp-content\/uploads\/2023\/10\/Logo-innosphere.svg","width":506,"height":107,"caption":"Innosphere"},"image":{"@id":"https:\/\/innosphere.io\/#\/schema\/logo\/image\/"}}]}},"_links":{"self":[{"href":"https:\/\/innosphere.io\/pl\/wp-json\/wp\/v2\/product\/432","targetHints":{"allow":["GET"]}}],"collection":[{"href":"https:\/\/innosphere.io\/pl\/wp-json\/wp\/v2\/product"}],"about":[{"href":"https:\/\/innosphere.io\/pl\/wp-json\/wp\/v2\/types\/product"}],"replies":[{"embeddable":true,"href":"https:\/\/innosphere.io\/pl\/wp-json\/wp\/v2\/comments?post=432"}],"wp:attachment":[{"href":"https:\/\/innosphere.io\/pl\/wp-json\/wp\/v2\/media?parent=432"}],"wp:term":[{"taxonomy":"product_cat","embeddable":true,"href":"https:\/\/innosphere.io\/pl\/wp-json\/wp\/v2\/product_cat?post=432"},{"taxonomy":"product_tag","embeddable":true,"href":"https:\/\/innosphere.io\/pl\/wp-json\/wp\/v2\/product_tag?post=432"}],"curies":[{"name":"wp","href":"https:\/\/api.w.org\/{rel}","templated":true}]}}